{"id":13176,"date":"2024-04-24T06:03:38","date_gmt":"2024-04-24T06:03:38","guid":{"rendered":"https:\/\/beautysba.co.uk\/product\/%d1%82%d0%b5%d0%b9%d0%bc%d1%83%d1%80%d0%be%d0%b2%d0%b0-%d1%81%d0%bf%d1%80%d0%b5%d0%b9-%d0%b4%d0%bb%d1%8f-%d0%bd%d0%be%d0%b3-%d0%be%d1%82-%d0%b7%d0%b0%d0%bf%d0%b0%d1%85%d0%b0-%d0%b8-%d0%bf%d0%be%d1%82\/"},"modified":"2025-01-23T06:42:20","modified_gmt":"2025-01-23T06:42:20","slug":"%d1%82%d0%b5%d0%b9%d0%bc%d1%83%d1%80%d0%be%d0%b2%d0%b0-%d1%81%d0%bf%d1%80%d0%b5%d0%b9-%d0%b4%d0%bb%d1%8f-%d0%bd%d0%be%d0%b3-%d0%be%d1%82-%d0%b7%d0%b0%d0%bf%d0%b0%d1%85%d0%b0-%d0%b8-%d0%bf%d0%be%d1%82","status":"publish","type":"product","link":"https:\/\/beautysba.co.uk\/lt\/produktas\/%d1%82%d0%b5%d0%b9%d0%bc%d1%83%d1%80%d0%be%d0%b2%d0%b0-%d1%81%d0%bf%d1%80%d0%b5%d0%b9-%d0%b4%d0%bb%d1%8f-%d0%bd%d0%be%d0%b3-%d0%be%d1%82-%d0%b7%d0%b0%d0%bf%d0%b0%d1%85%d0%b0-%d0%b8-%d0%bf%d0%be%d1%82\/","title":{"rendered":"&#8220;Teymurova&#8221; p\u0117d\u0173 pur\u0161kalas nuo nemalonaus kvapo ir prakaito, 50 ml &#8211; Mano vaistin\u0117"},"content":{"rendered":"<p>Higienin\u0117s ir profilaktin\u0117s priemon\u0117s &#8220;Teymurova Spray&#8221;.<\/p>\n<p>Tikslas:<br \/>\nkad i\u0161vengtum\u0117te bakterini\u0173 p\u0117d\u0173 infekcij\u0173, kai naudojat\u0117s baseinais, saunomis ir sporto sal\u0117mis;<br \/>\npa\u0161alinti nemalon\u0173 p\u0117d\u0173 kvap\u0105;<br \/>\nsu pernelyg dideliu prakaitavimu.<br \/>\nVartojimo b\u016bdas ir dozavimas<br \/>\nPrie\u0161 tepant p\u0117das reikia kruop\u0161\u010diai nuplauti ir nusausinti.<br \/>\nU\u017epurk\u0161kite produkto ant visos p\u0117dos, ypating\u0105 d\u0117mes\u012f skirdami vietai tarp koj\u0173 pir\u0161t\u0173 rauk\u0161li\u0173.<br \/>\nJei prakaitavimas \u012fprastas, profilaktiniais tikslais proced\u016br\u0105 pakanka atlikti vien\u0105 kart\u0105 per dien\u0105 ryte. Esant padid\u0117jusiam prakaitavimui, kartotinumas parenkamas individualiai. Paprastai \u0161i priemon\u0117 vartojama du-keturis kartus per dien\u0105. Laikui b\u0117gant pur\u0161kim\u0173 skai\u010di\u0173 galite suma\u017einti iki vieno ar dviej\u0173.<\/p>\n<p>Rekomenduojamas kursas: priklauso nuo individuali\u0173 organizmo savybi\u0173 ir trunka nuo vienos savait\u0117s iki vieno m\u0117nesio.<br \/>\nLaikymo s\u0105lygos<br \/>\nLaikyti gamintojo pakuot\u0117je, nuo 5 \u00b0C iki 25 \u00b0C temperat\u016broje, nuo saul\u0117s spinduli\u0173 apsaugotoje, sausoje ir vaikams neprieinamoje vietoje.<br \/>\nGaliojimo laikas<br \/>\n3 metai.<\/p>\n","protected":false},"excerpt":{"rendered":"<p>Higienin\u0117s ir profilaktin\u0117s priemon\u0117s &#8220;Teymurova Spray&#8221;. Tikslas: kad i\u0161vengtum\u0117te bakterini\u0173 p\u0117d\u0173 infekcij\u0173, kai naudojat\u0117s baseinais, saunomis ir sporto sal\u0117mis; pa\u0161alinti nemalon\u0173 p\u0117d\u0173 kvap\u0105; su pernelyg dideliu prakaitavimu. Vartojimo b\u016bdas ir dozavimas Prie\u0161 tepant p\u0117das reikia kruop\u0161\u010diai nuplauti ir nusausinti. U\u017epurk\u0161kite produkto ant visos p\u0117dos, ypating\u0105 d\u0117mes\u012f skirdami vietai tarp koj\u0173 pir\u0161t\u0173 rauk\u0161li\u0173. Jei prakaitavimas \u012fprastas, [&hellip;]<\/p>\n","protected":false},"featured_media":13174,"comment_status":"open","ping_status":"closed","template":"","meta":[],"product_brand":[],"product_cat":[219,123,217],"product_tag":[],"class_list":{"0":"post-13176","1":"product","2":"type-product","3":"status-publish","4":"has-post-thumbnail","6":"product_cat-pedu-prieziura-lt","7":"product_cat-pedu-prieziura","8":"product_cat-sveikatos-prieziura","10":"first","11":"outofstock","12":"shipping-taxable","13":"purchasable","14":"product-type-simple"},"_links":{"self":[{"href":"https:\/\/beautysba.co.uk\/lt\/wp-json\/wp\/v2\/product\/13176","targetHints":{"allow":["GET"]}}],"collection":[{"href":"https:\/\/beautysba.co.uk\/lt\/wp-json\/wp\/v2\/product"}],"about":[{"href":"https:\/\/beautysba.co.uk\/lt\/wp-json\/wp\/v2\/types\/product"}],"replies":[{"embeddable":true,"href":"https:\/\/beautysba.co.uk\/lt\/wp-json\/wp\/v2\/comments?post=13176"}],"wp:featuredmedia":[{"embeddable":true,"href":"https:\/\/beautysba.co.uk\/lt\/wp-json\/wp\/v2\/media\/13174"}],"wp:attachment":[{"href":"https:\/\/beautysba.co.uk\/lt\/wp-json\/wp\/v2\/media?parent=13176"}],"wp:term":[{"taxonomy":"product_brand","embeddable":true,"href":"https:\/\/beautysba.co.uk\/lt\/wp-json\/wp\/v2\/product_brand?post=13176"},{"taxonomy":"product_cat","embeddable":true,"href":"https:\/\/beautysba.co.uk\/lt\/wp-json\/wp\/v2\/product_cat?post=13176"},{"taxonomy":"product_tag","embeddable":true,"href":"https:\/\/beautysba.co.uk\/lt\/wp-json\/wp\/v2\/product_tag?post=13176"}],"curies":[{"name":"wp","href":"https:\/\/api.w.org\/{rel}","templated":true}]}}