{"id":13189,"date":"2024-04-24T06:14:24","date_gmt":"2024-04-24T06:14:24","guid":{"rendered":"https:\/\/beautysba.co.uk\/product\/%d0%bf%d0%b5%d0%bd%d0%ba%d0%b0-panthenol-med-%d0%b4%d0%bb%d1%8f-%d0%bb%d0%b8%d1%86%d0%b0-%d0%b8-%d1%82%d0%b5%d0%bb%d0%b0-%d1%83%d1%81%d0%bf%d0%be%d0%ba%d0%b0%d0%b8%d0%b2%d0%b0%d1%8e%d1%89%d0%b0%d1%8f\/"},"modified":"2026-04-24T09:19:18","modified_gmt":"2026-04-24T09:19:18","slug":"%d0%bf%d0%b5%d0%bd%d0%ba%d0%b0-panthenol-med-%d0%b4%d0%bb%d1%8f-%d0%bb%d0%b8%d1%86%d0%b0-%d0%b8-%d1%82%d0%b5%d0%bb%d0%b0-%d1%83%d1%81%d0%bf%d0%be%d0%ba%d0%b0%d0%b8%d0%b2%d0%b0%d1%8e%d1%89%d0%b0%d1%8f","status":"publish","type":"product","link":"https:\/\/beautysba.co.uk\/lt\/produktas\/%d0%bf%d0%b5%d0%bd%d0%ba%d0%b0-panthenol-med-%d0%b4%d0%bb%d1%8f-%d0%bb%d0%b8%d1%86%d0%b0-%d0%b8-%d1%82%d0%b5%d0%bb%d0%b0-%d1%83%d1%81%d0%bf%d0%be%d0%ba%d0%b0%d0%b8%d0%b2%d0%b0%d1%8e%d1%89%d0%b0%d1%8f\/","title":{"rendered":"Dr. Muller Panthenol k\u016bno putos 150ml"},"content":{"rendered":"<p>Norint i\u0161vengti saul\u0117s \u017ealos, svarbu r\u016bpintis oda ne tik prie\u0161, bet ir po buvimo saul\u0117je. Dr. M\u00fcller Panthenol 6% Foam &#8211; tai produktas, kurio sud\u0117tyje yra pantenolio, kuris pasi\u017eymi bendru raminamuoju poveikiu ir papildo prarast\u0105 dr\u0117gm\u0119, \u017eymiai pagreitina regeneracij\u0105 ir padeda suma\u017einti paraudim\u0105.  <\/p>\n<p>Savyb\u0117s:<\/p>\n<p>dr\u0117kina od\u0105<br \/>\nakimirksniu palengvina odos b\u016bkl\u0119<br \/>\nKaip naudoti:<br \/>\nU\u017etepkite pakankam\u0105 kiek\u012f kremo ant \u0161varios, saul\u0117s spinduli\u0173 paveiktos odos. Leiskite \u012fsigerti; nenuvalykite. Jei reikia, pakartokite kelis kartus per dien\u0105.  <\/p>\n","protected":false},"excerpt":{"rendered":"<p>Norint i\u0161vengti saul\u0117s \u017ealos, svarbu r\u016bpintis oda ne tik prie\u0161, bet ir po buvimo saul\u0117je. Dr. M\u00fcller Panthenol 6% Foam &#8211; tai produktas, kurio sud\u0117tyje yra pantenolio, kuris pasi\u017eymi bendru raminamuoju poveikiu ir papildo prarast\u0105 dr\u0117gm\u0119, \u017eymiai pagreitina regeneracij\u0105 ir padeda suma\u017einti paraudim\u0105. Savyb\u0117s: dr\u0117kina od\u0105 akimirksniu palengvina odos b\u016bkl\u0119 Kaip naudoti: U\u017etepkite pakankam\u0105 kiek\u012f [&hellip;]<\/p>\n","protected":false},"featured_media":19139,"comment_status":"open","ping_status":"closed","template":"","meta":[],"product_brand":[],"product_cat":[264,218,119,217],"product_tag":[],"class_list":{"0":"post-13189","1":"product","2":"type-product","3":"status-publish","4":"has-post-thumbnail","6":"product_cat---lt","7":"product_cat-kuno-prieziura","8":"product_cat-kuno-produktai","9":"product_cat-sveikatos-prieziura","11":"first","12":"instock","13":"shipping-taxable","14":"purchasable","15":"product-type-simple"},"_links":{"self":[{"href":"https:\/\/beautysba.co.uk\/lt\/wp-json\/wp\/v2\/product\/13189","targetHints":{"allow":["GET"]}}],"collection":[{"href":"https:\/\/beautysba.co.uk\/lt\/wp-json\/wp\/v2\/product"}],"about":[{"href":"https:\/\/beautysba.co.uk\/lt\/wp-json\/wp\/v2\/types\/product"}],"replies":[{"embeddable":true,"href":"https:\/\/beautysba.co.uk\/lt\/wp-json\/wp\/v2\/comments?post=13189"}],"wp:featuredmedia":[{"embeddable":true,"href":"https:\/\/beautysba.co.uk\/lt\/wp-json\/wp\/v2\/media\/19139"}],"wp:attachment":[{"href":"https:\/\/beautysba.co.uk\/lt\/wp-json\/wp\/v2\/media?parent=13189"}],"wp:term":[{"taxonomy":"product_brand","embeddable":true,"href":"https:\/\/beautysba.co.uk\/lt\/wp-json\/wp\/v2\/product_brand?post=13189"},{"taxonomy":"product_cat","embeddable":true,"href":"https:\/\/beautysba.co.uk\/lt\/wp-json\/wp\/v2\/product_cat?post=13189"},{"taxonomy":"product_tag","embeddable":true,"href":"https:\/\/beautysba.co.uk\/lt\/wp-json\/wp\/v2\/product_tag?post=13189"}],"curies":[{"name":"wp","href":"https:\/\/api.w.org\/{rel}","templated":true}]}}