{"id":13201,"date":"2024-04-24T06:24:10","date_gmt":"2024-04-24T06:24:10","guid":{"rendered":"https:\/\/beautysba.co.uk\/product\/%d1%86%d0%b8%d1%82%d1%80%d0%b0%d0%bc%d0%be%d0%bd-n10-%d0%b4%d0%b0%d1%80%d0%bd%d0%b8%d1%86%d0%b0\/"},"modified":"2026-04-24T09:40:51","modified_gmt":"2026-04-24T09:40:51","slug":"%d1%86%d0%b8%d1%82%d1%80%d0%b0%d0%bc%d0%be%d0%bd-n10-%d0%b4%d0%b0%d1%80%d0%bd%d0%b8%d1%86%d0%b0","status":"publish","type":"product","link":"https:\/\/beautysba.co.uk\/lt\/produktas\/%d1%86%d0%b8%d1%82%d1%80%d0%b0%d0%bc%d0%be%d0%bd-n10-%d0%b4%d0%b0%d1%80%d0%bd%d0%b8%d1%86%d0%b0\/","title":{"rendered":"Citramon N10 Darnica"},"content":{"rendered":"<p>Vaistas pasi\u017eymi analgetiniu, antipiretiniu ir prie\u0161u\u017edegiminiu poveikiu. Narkotik\u0105 sudaran\u010dios sudedamosios dalys sustiprina viena kitos poveik\u012f.<\/p>\n<p>Acetilsalicilo r\u016bg\u0161ties antipiretinis poveikis pasirei\u0161kia per centrin\u0119 nerv\u0173 sistem\u0105 slopinant PGF2 sintez\u0119 pagumburyje, reaguojant \u012f endogenini\u0173 pirogen\u0173 poveik\u012f. Skausm\u0105 mal\u0161inantis poveikis yra ir periferin\u0117s, ir centrin\u0117s kilm\u0117s: periferinis poveikis &#8211; u\u017edegimini\u0173 audini\u0173 prostaglandin\u0173 sintez\u0117s slopinimas; centrinis poveikis &#8211; poveikis pagumburio centrams. Acetilsalicilo r\u016bg\u0161tis taip pat ma\u017eina trombocit\u0173 agregacij\u0105.<\/p>\n<p>Paracetamolis pasi\u017eymi analgeziniu, antipiretiniu ir labai silpnu prie\u0161u\u017edegiminiu poveikiu, kur\u012f lemia jo poveikis termoreguliacijos centrui pagumburyje ir silpnas geb\u0117jimas slopinti prostaglandin\u0173 sintez\u0119 periferiniuose audiniuose.<\/p>\n<p>Kofeinas su\u017eadina centrin\u0119 nerv\u0173 sistem\u0105. Kofeinas didina teigiamus s\u0105lyginius refleksus, stimuliuoja motorin\u012f aktyvum\u0105, silpnina migdom\u0173j\u0173 ir narkotini\u0173 vaist\u0173 poveik\u012f, stiprina analgetik\u0173 ir antipiretik\u0173 poveik\u012f.<br \/>\nSud\u0117tis<br \/>\nveikliosios med\u017eiagos: acetilsalicilo r\u016bg\u0161tis, paracetamolis, kofeinas;<\/p>\n<p>1 tablet\u0117je yra: acetilsalicilo r\u016bg\u0161ties 240 mg, paracetamolio 180 mg, kofeino 30 mg;<\/p>\n<p>Pagalbin\u0117s med\u017eiagos: citrin\u0173 r\u016bg\u0161tis monohidratas, bulvi\u0173 krakmolas, povidonas, kakava, kalcio stearatas.<\/p>\n","protected":false},"excerpt":{"rendered":"<p>Vaistas pasi\u017eymi analgetiniu, antipiretiniu ir prie\u0161u\u017edegiminiu poveikiu. Narkotik\u0105 sudaran\u010dios sudedamosios dalys sustiprina viena kitos poveik\u012f. Acetilsalicilo r\u016bg\u0161ties antipiretinis poveikis pasirei\u0161kia per centrin\u0119 nerv\u0173 sistem\u0105 slopinant PGF2 sintez\u0119 pagumburyje, reaguojant \u012f endogenini\u0173 pirogen\u0173 poveik\u012f. Skausm\u0105 mal\u0161inantis poveikis yra ir periferin\u0117s, ir centrin\u0117s kilm\u0117s: periferinis poveikis &#8211; u\u017edegimini\u0173 audini\u0173 prostaglandin\u0173 sintez\u0117s slopinimas; centrinis poveikis &#8211; poveikis pagumburio [&hellip;]<\/p>\n","protected":false},"featured_media":13199,"comment_status":"open","ping_status":"closed","template":"","meta":[],"product_brand":[],"product_cat":[217,220],"product_tag":[],"class_list":{"0":"post-13201","1":"product","2":"type-product","3":"status-publish","4":"has-post-thumbnail","6":"product_cat-sveikatos-prieziura","7":"product_cat-zarnyno-sveikata","9":"first","10":"outofstock","11":"shipping-taxable","12":"purchasable","13":"product-type-simple"},"_links":{"self":[{"href":"https:\/\/beautysba.co.uk\/lt\/wp-json\/wp\/v2\/product\/13201","targetHints":{"allow":["GET"]}}],"collection":[{"href":"https:\/\/beautysba.co.uk\/lt\/wp-json\/wp\/v2\/product"}],"about":[{"href":"https:\/\/beautysba.co.uk\/lt\/wp-json\/wp\/v2\/types\/product"}],"replies":[{"embeddable":true,"href":"https:\/\/beautysba.co.uk\/lt\/wp-json\/wp\/v2\/comments?post=13201"}],"wp:featuredmedia":[{"embeddable":true,"href":"https:\/\/beautysba.co.uk\/lt\/wp-json\/wp\/v2\/media\/13199"}],"wp:attachment":[{"href":"https:\/\/beautysba.co.uk\/lt\/wp-json\/wp\/v2\/media?parent=13201"}],"wp:term":[{"taxonomy":"product_brand","embeddable":true,"href":"https:\/\/beautysba.co.uk\/lt\/wp-json\/wp\/v2\/product_brand?post=13201"},{"taxonomy":"product_cat","embeddable":true,"href":"https:\/\/beautysba.co.uk\/lt\/wp-json\/wp\/v2\/product_cat?post=13201"},{"taxonomy":"product_tag","embeddable":true,"href":"https:\/\/beautysba.co.uk\/lt\/wp-json\/wp\/v2\/product_tag?post=13201"}],"curies":[{"name":"wp","href":"https:\/\/api.w.org\/{rel}","templated":true}]}}