{"id":13619,"date":"2024-06-10T07:31:57","date_gmt":"2024-06-10T07:31:57","guid":{"rendered":"https:\/\/beautysba.co.uk\/product\/%d0%b3%d0%b8%d0%b4%d1%80%d0%be%d0%b3%d0%b5%d0%bb%d0%b5%d0%b2%d1%8b%d0%b5-%d0%bf%d0%b0%d1%82%d1%87%d0%b8-beauugreen-collagen-gold-hydrogel-eye-patch-n60\/"},"modified":"2025-01-19T16:15:54","modified_gmt":"2025-01-19T16:15:54","slug":"%d0%b3%d0%b8%d0%b4%d1%80%d0%be%d0%b3%d0%b5%d0%bb%d0%b5%d0%b2%d1%8b%d0%b5-%d0%bf%d0%b0%d1%82%d1%87%d0%b8-beauugreen-collagen-gold-hydrogel-eye-patch-n60","status":"publish","type":"product","link":"https:\/\/beautysba.co.uk\/lt\/produktas\/%d0%b3%d0%b8%d0%b4%d1%80%d0%be%d0%b3%d0%b5%d0%bb%d0%b5%d0%b2%d1%8b%d0%b5-%d0%bf%d0%b0%d1%82%d1%87%d0%b8-beauugreen-collagen-gold-hydrogel-eye-patch-n60\/","title":{"rendered":"&#8220;BeauuGreen&#8221; kolageno ir aukso hidrogelio aki\u0173 pleistras N60"},"content":{"rendered":"<p>Hidrogelio pleistrai su kolagenu ir koloidiniu auksu skirti jautriai odai aplink akis pri\u017ei\u016br\u0117ti.<\/p>\n<p>Veikliosios med\u017eiagos kovoja su odos sen\u0117jimo po\u017eymiais, lygina mimikos rauk\u0161les ir \u0161alina paburkim\u0105, gr\u0105\u017eindamos akims spindes\u012f.<\/p>\n<p>Esencijoje yra koloidinio aukso, d\u0117l kurio pleistrai pagerina odos tonus\u0105, suteikia jai stangrumo ir i\u0161lygina rauk\u0161les. Auksas l\u0117tina kolageno ir elastino irimo proces\u0105, stimuliuoja bazinio sluoksnio l\u0105steli\u0173 augim\u0105, skatina odos atsinaujinimo ir atjaun\u0117jimo procesus. Auksas perne\u0161a deguonies molekules \u012f od\u0105, prisotindamas ir pamaitindamas j\u0105 i\u0161 vidaus. Jis taip pat tarnauja kaip savoti\u0161kas &#8220;liftas&#8221;, kuris kosmetikos priemoni\u0173 veikli\u0105sias sudedam\u0105sias dalis pristato \u012f giliausius odos sluoksnius ir apsaugo nuo rauk\u0161li\u0173.<\/p>\n<p>Esencijoje esantis kolagenas kompensuoja savojo kolageno praradim\u0105 ir skatina jo sintez\u0119, padeda odai regeneruoti ir atsinaujinti l\u0105steli\u0173 lygmeniu, suteikia jai stangrumo ir elastingumo, padeda i\u0161lyginti rauk\u0161les, turi liftingo poveik\u012f.<\/p>\n<p>Pakuot\u0117je yra 60 vnt.<\/p>\n","protected":false},"excerpt":{"rendered":"<p>Hidrogelio pleistrai su kolagenu ir koloidiniu auksu skirti jautriai odai aplink akis pri\u017ei\u016br\u0117ti. Veikliosios med\u017eiagos kovoja su odos sen\u0117jimo po\u017eymiais, lygina mimikos rauk\u0161les ir \u0161alina paburkim\u0105, gr\u0105\u017eindamos akims spindes\u012f. Esencijoje yra koloidinio aukso, d\u0117l kurio pleistrai pagerina odos tonus\u0105, suteikia jai stangrumo ir i\u0161lygina rauk\u0161les. Auksas l\u0117tina kolageno ir elastino irimo proces\u0105, stimuliuoja bazinio sluoksnio [&hellip;]<\/p>\n","protected":false},"featured_media":13617,"comment_status":"open","ping_status":"closed","template":"","meta":[],"product_brand":[],"product_cat":[203,273,127],"product_tag":[],"class_list":{"0":"post-13619","1":"product","2":"type-product","3":"status-publish","4":"has-post-thumbnail","6":"product_cat-akiu-kaukes-arba-pleistrai","7":"product_cat-made-in-korea-lt","8":"product_cat-veidas","10":"first","11":"outofstock","12":"shipping-taxable","13":"purchasable","14":"product-type-simple"},"_links":{"self":[{"href":"https:\/\/beautysba.co.uk\/lt\/wp-json\/wp\/v2\/product\/13619","targetHints":{"allow":["GET"]}}],"collection":[{"href":"https:\/\/beautysba.co.uk\/lt\/wp-json\/wp\/v2\/product"}],"about":[{"href":"https:\/\/beautysba.co.uk\/lt\/wp-json\/wp\/v2\/types\/product"}],"replies":[{"embeddable":true,"href":"https:\/\/beautysba.co.uk\/lt\/wp-json\/wp\/v2\/comments?post=13619"}],"wp:featuredmedia":[{"embeddable":true,"href":"https:\/\/beautysba.co.uk\/lt\/wp-json\/wp\/v2\/media\/13617"}],"wp:attachment":[{"href":"https:\/\/beautysba.co.uk\/lt\/wp-json\/wp\/v2\/media?parent=13619"}],"wp:term":[{"taxonomy":"product_brand","embeddable":true,"href":"https:\/\/beautysba.co.uk\/lt\/wp-json\/wp\/v2\/product_brand?post=13619"},{"taxonomy":"product_cat","embeddable":true,"href":"https:\/\/beautysba.co.uk\/lt\/wp-json\/wp\/v2\/product_cat?post=13619"},{"taxonomy":"product_tag","embeddable":true,"href":"https:\/\/beautysba.co.uk\/lt\/wp-json\/wp\/v2\/product_tag?post=13619"}],"curies":[{"name":"wp","href":"https:\/\/api.w.org\/{rel}","templated":true}]}}