{"id":13631,"date":"2024-06-10T07:37:08","date_gmt":"2024-06-10T07:37:08","guid":{"rendered":"https:\/\/beautysba.co.uk\/product\/%d0%b1%d0%b0%d0%bb%d1%8c%d0%b7%d0%b0%d0%bc-%d1%82%d0%b8%d0%b3%d1%80%d0%be%d0%b2%d1%8b%d0%b9-%d1%80%d0%b0%d0%b7%d0%be%d0%b3%d1%80%d0%b5%d0%b2%d0%b0%d1%8e%d1%89%d0%b8%d0%b9-45g\/"},"modified":"2024-10-16T17:48:21","modified_gmt":"2024-10-16T17:48:21","slug":"%d0%b1%d0%b0%d0%bb%d1%8c%d0%b7%d0%b0%d0%bc-%d1%82%d0%b8%d0%b3%d1%80%d0%be%d0%b2%d1%8b%d0%b9-%d1%80%d0%b0%d0%b7%d0%be%d0%b3%d1%80%d0%b5%d0%b2%d0%b0%d1%8e%d1%89%d0%b8%d0%b9-45g","status":"publish","type":"product","link":"https:\/\/beautysba.co.uk\/lt\/produktas\/%d0%b1%d0%b0%d0%bb%d1%8c%d0%b7%d0%b0%d0%bc-%d1%82%d0%b8%d0%b3%d1%80%d0%be%d0%b2%d1%8b%d0%b9-%d1%80%d0%b0%d0%b7%d0%be%d0%b3%d1%80%d0%b5%d0%b2%d0%b0%d1%8e%d1%89%d0%b8%d0%b9-45g\/","title":{"rendered":"&#8220;Tigras&#8221; \u0161ildomasis balzamas 45g"},"content":{"rendered":"<p>VEIKLIOSIOS SUDEDAMOSIOS DALYS (VEIKLIOSIOS MED\u017dIAGOS):<br \/>\nvilnos va\u0161kas, kedr\u0173, persik\u0173, eukalipt\u0173 eteriniai aliejai Vilnos va\u0161ko ir nat\u016brali\u0173 eterini\u0173 aliej\u0173 pagrindu atliekamas vietinis \u0161ildomasis masa\u017eas keli\u0173, alk\u016bni\u0173, pe\u010di\u0173, kr\u016btin\u0117s ir nugaros (kaklo ir juosmens stuburo srityje). Veikiant vaistui padid\u0117ja ferment\u0173 reakcij\u0173 greitis, suaktyv\u0117ja med\u017eiag\u0173 apykaita, padid\u0117ja jungiamojo audinio elastingumas. Balzamas suteikia ilgalaik\u012f gil\u0173 \u0161ildom\u0105j\u012f poveik\u012f, gerina kraujotak\u0105, atpalaiduoja raumenis ir skatina l\u0105steli\u0173 regeneracij\u0105. Unikali balzamo formul\u0117 pasi\u017eymi itin veiksmingu kraujagysles ple\u010dian\u010diu poveikiu, tod\u0117l veikliosios med\u017eiagos giliai prasiskverbia per od\u0105 ir pasi\u017eymi intensyviu stimuliuojan\u010diu poveikiu. Preparatas gali b\u016bti rekomenduojamas \u012ftrinti raumenis, esant raumen\u0173 diskomfortui, reumatui, artritui.<\/p>\n<p>Veikliosios med\u017eiagos: vilnos va\u0161kas, kedro, egl\u0117s, eukalipto eteriniai aliejai.<\/p>\n<p>Kaip naudoti: tepkite balzam\u0105 ant \u0161varios ir sausos odos, \u012ftrinkite. Nor\u0117dami pasiekti stipresn\u012f \u0161ildom\u0105j\u012f poveik\u012f, u\u017edenkite apdorotas vietas rank\u0161luos\u010diu arba vilnoniu audiniu.<\/p>\n<p>Sudedamosios dalys: Petrolatumas, lanolino va\u0161kas, izopropilo palmitatas, tokoferilo acetatas, Abies Sibirica aliejus, Cedrus Atlantica (kedr\u0173) aliejus, Eucalyptus Globulus aliejus, Cera Alba (bi\u010di\u0173 va\u0161kas), kamparas, mentolis, fenoksietanolis, metilparabenas, etilparabenas, citralis, limonenas, citronelolis, linalolis, benzilo benzoatas, eugenolis, cinamolis, geraniolis, kumarinas.<\/p>\n","protected":false},"excerpt":{"rendered":"<p>VEIKLIOSIOS SUDEDAMOSIOS DALYS (VEIKLIOSIOS MED\u017dIAGOS): vilnos va\u0161kas, kedr\u0173, persik\u0173, eukalipt\u0173 eteriniai aliejai Vilnos va\u0161ko ir nat\u016brali\u0173 eterini\u0173 aliej\u0173 pagrindu atliekamas vietinis \u0161ildomasis masa\u017eas keli\u0173, alk\u016bni\u0173, pe\u010di\u0173, kr\u016btin\u0117s ir nugaros (kaklo ir juosmens stuburo srityje). Veikiant vaistui padid\u0117ja ferment\u0173 reakcij\u0173 greitis, suaktyv\u0117ja med\u017eiag\u0173 apykaita, padid\u0117ja jungiamojo audinio elastingumas. Balzamas suteikia ilgalaik\u012f gil\u0173 \u0161ildom\u0105j\u012f poveik\u012f, gerina kraujotak\u0105, [&hellip;]<\/p>\n","protected":false},"featured_media":13629,"comment_status":"open","ping_status":"closed","template":"","meta":[],"product_brand":[],"product_cat":[201,217,305],"product_tag":[],"class_list":{"0":"post-13631","1":"product","2":"type-product","3":"status-publish","4":"has-post-thumbnail","6":"product_cat-skausmo-malsinimas","7":"product_cat-sveikatos-prieziura","8":"product_cat------lt","10":"first","11":"instock","12":"shipping-taxable","13":"purchasable","14":"product-type-simple"},"_links":{"self":[{"href":"https:\/\/beautysba.co.uk\/lt\/wp-json\/wp\/v2\/product\/13631","targetHints":{"allow":["GET"]}}],"collection":[{"href":"https:\/\/beautysba.co.uk\/lt\/wp-json\/wp\/v2\/product"}],"about":[{"href":"https:\/\/beautysba.co.uk\/lt\/wp-json\/wp\/v2\/types\/product"}],"replies":[{"embeddable":true,"href":"https:\/\/beautysba.co.uk\/lt\/wp-json\/wp\/v2\/comments?post=13631"}],"wp:featuredmedia":[{"embeddable":true,"href":"https:\/\/beautysba.co.uk\/lt\/wp-json\/wp\/v2\/media\/13629"}],"wp:attachment":[{"href":"https:\/\/beautysba.co.uk\/lt\/wp-json\/wp\/v2\/media?parent=13631"}],"wp:term":[{"taxonomy":"product_brand","embeddable":true,"href":"https:\/\/beautysba.co.uk\/lt\/wp-json\/wp\/v2\/product_brand?post=13631"},{"taxonomy":"product_cat","embeddable":true,"href":"https:\/\/beautysba.co.uk\/lt\/wp-json\/wp\/v2\/product_cat?post=13631"},{"taxonomy":"product_tag","embeddable":true,"href":"https:\/\/beautysba.co.uk\/lt\/wp-json\/wp\/v2\/product_tag?post=13631"}],"curies":[{"name":"wp","href":"https:\/\/api.w.org\/{rel}","templated":true}]}}