{"id":13637,"date":"2024-06-10T07:40:27","date_gmt":"2024-06-10T07:40:27","guid":{"rendered":"https:\/\/beautysba.co.uk\/product\/%d0%ba%d1%80%d0%b5%d0%bc-%d0%b4%d0%bb%d1%8f-%d1%80%d1%83%d0%ba-silky-hands-%d0%ba%d0%be%d1%80%d0%be%d0%bb%d0%b5%d0%b2%d1%81%d0%ba%d0%b0%d1%8f-%d0%b0%d1%80%d0%b3%d0%b0%d0%bd%d0%b0-72-%d0%bc%d0%bb\/"},"modified":"2024-10-16T17:48:19","modified_gmt":"2024-10-16T17:48:19","slug":"%d0%ba%d1%80%d0%b5%d0%bc-%d0%b4%d0%bb%d1%8f-%d1%80%d1%83%d0%ba-silky-hands-%d0%ba%d0%be%d1%80%d0%be%d0%bb%d0%b5%d0%b2%d1%81%d0%ba%d0%b0%d1%8f-%d0%b0%d1%80%d0%b3%d0%b0%d0%bd%d0%b0-72-%d0%bc%d0%bb","status":"publish","type":"product","link":"https:\/\/beautysba.co.uk\/lt\/produktas\/%d0%ba%d1%80%d0%b5%d0%bc-%d0%b4%d0%bb%d1%8f-%d1%80%d1%83%d0%ba-silky-hands-%d0%ba%d0%be%d1%80%d0%be%d0%bb%d0%b5%d0%b2%d1%81%d0%ba%d0%b0%d1%8f-%d0%b0%d1%80%d0%b3%d0%b0%d0%bd%d0%b0-72-%d0%bc%d0%bb\/","title":{"rendered":"\u0160ILKINI\u0172 RANK\u0172 KARALI\u0160KASIS ARGANO RANK\u0172 KREMAS 72 ML"},"content":{"rendered":"<p>&#8220;Velvet Hands&#8221; yra 20 met\u0173 rinkoje veikiantis rank\u0173 prie\u017ei\u016bros preki\u0173 \u017eenklas. &#8220;Velvet Hands&#8221; yra pirmasis prek\u0117s \u017eenklas, atkreip\u0119s moter\u0173 d\u0117mes\u012f \u012f tai, kad rank\u0173 prie\u017ei\u016bra yra tokia pat svarbi kaip ir veido prie\u017ei\u016bra. Pagrindin\u0117 m\u016bs\u0173 prek\u0117s \u017eenklo id\u0117ja &#8211; visada \u0161velni ir jauna rank\u0173 oda d\u0117l \u0161velnum\u0105 ir jaunatvi\u0161kum\u0105 i\u0161saugan\u010dios formul\u0117s. Ta\u010diau kosmetikos gaminys turi b\u016bti ne tik veiksmingas, bet ir malonus vartotojui j\u012f naudojant. Jud\u0117ti \u012f priek\u012f ir u\u017ekariauti naujas sritis rank\u0173 prie\u017ei\u016bros srityje &#8211; tai pagrindin\u0117 &#8220;Velvet Hands&#8221; prek\u0117s \u017eenklo specialist\u0173 i\u0161kelta u\u017eduotis! Mes stengiam\u0117s atrasti ir kurti naujus metodus ir preparatus, kurie pad\u0117t\u0173 m\u016bs\u0173 klientams ilgam i\u0161saugoti gro\u017e\u012f ir jaunyst\u0119. Kokia m\u016bs\u0173 produkt\u0173 kokyb\u0117s paslaptis? Efektyv\u016bs komponentai ir formul\u0117s 100 % kosmetikos saugumas Dideli\u0173 mokslo institut\u0173 patirtis ir bendradarbiavimas su u\u017esienio kompanijomis Daugyb\u0117 vartotoj\u0173 test\u0173 Karali\u0161kasis argano rank\u0173 kremas dr\u0117kina od\u0105 48 valandas! Argano aliejus yra vienas vertingiausi\u0173 ir veiksmingiausi\u0173 aliej\u0173 pasaulyje &#8211; jis vadinamas &#8220;skystuoju auksu&#8221;! Aliejuje esan\u010dios nepakei\u010diamosios omega r\u016bg\u0161tys puikiai maitina od\u0105! D\u0117l didel\u0117s antioksidant\u0173 koncentracijos aliejuje kremas prat\u0119sia rank\u0173 odos jaunyst\u0119. Rezultatas: ne\u012ftik\u0117tinai \u0161velni ir mink\u0161ta oda!<\/p>\n","protected":false},"excerpt":{"rendered":"<p>&#8220;Velvet Hands&#8221; yra 20 met\u0173 rinkoje veikiantis rank\u0173 prie\u017ei\u016bros preki\u0173 \u017eenklas. &#8220;Velvet Hands&#8221; yra pirmasis prek\u0117s \u017eenklas, atkreip\u0119s moter\u0173 d\u0117mes\u012f \u012f tai, kad rank\u0173 prie\u017ei\u016bra yra tokia pat svarbi kaip ir veido prie\u017ei\u016bra. Pagrindin\u0117 m\u016bs\u0173 prek\u0117s \u017eenklo id\u0117ja &#8211; visada \u0161velni ir jauna rank\u0173 oda d\u0117l \u0161velnum\u0105 ir jaunatvi\u0161kum\u0105 i\u0161saugan\u010dios formul\u0117s. Ta\u010diau kosmetikos gaminys turi [&hellip;]<\/p>\n","protected":false},"featured_media":13635,"comment_status":"open","ping_status":"closed","template":"","meta":[],"product_brand":[],"product_cat":[119,124],"product_tag":[],"class_list":{"0":"post-13637","1":"product","2":"type-product","3":"status-publish","4":"has-post-thumbnail","6":"product_cat-kuno-produktai","7":"product_cat-ranku-prieziura","9":"first","10":"instock","11":"shipping-taxable","12":"purchasable","13":"product-type-simple"},"_links":{"self":[{"href":"https:\/\/beautysba.co.uk\/lt\/wp-json\/wp\/v2\/product\/13637","targetHints":{"allow":["GET"]}}],"collection":[{"href":"https:\/\/beautysba.co.uk\/lt\/wp-json\/wp\/v2\/product"}],"about":[{"href":"https:\/\/beautysba.co.uk\/lt\/wp-json\/wp\/v2\/types\/product"}],"replies":[{"embeddable":true,"href":"https:\/\/beautysba.co.uk\/lt\/wp-json\/wp\/v2\/comments?post=13637"}],"wp:featuredmedia":[{"embeddable":true,"href":"https:\/\/beautysba.co.uk\/lt\/wp-json\/wp\/v2\/media\/13635"}],"wp:attachment":[{"href":"https:\/\/beautysba.co.uk\/lt\/wp-json\/wp\/v2\/media?parent=13637"}],"wp:term":[{"taxonomy":"product_brand","embeddable":true,"href":"https:\/\/beautysba.co.uk\/lt\/wp-json\/wp\/v2\/product_brand?post=13637"},{"taxonomy":"product_cat","embeddable":true,"href":"https:\/\/beautysba.co.uk\/lt\/wp-json\/wp\/v2\/product_cat?post=13637"},{"taxonomy":"product_tag","embeddable":true,"href":"https:\/\/beautysba.co.uk\/lt\/wp-json\/wp\/v2\/product_tag?post=13637"}],"curies":[{"name":"wp","href":"https:\/\/api.w.org\/{rel}","templated":true}]}}