{"id":13649,"date":"2024-06-10T07:46:13","date_gmt":"2024-06-10T07:46:13","guid":{"rendered":"https:\/\/beautysba.co.uk\/product\/silky-hands-%d1%83%d0%b2%d0%bb%d0%b0%d0%b6%d0%bd%d1%8f%d1%8e%d1%89%d0%b8%d0%b9-%d0%ba%d1%80%d0%b5%d0%bc-%d0%b4%d0%bb%d1%8f-%d1%80%d1%83%d0%ba-72%d0%bc%d0%bb\/"},"modified":"2024-10-16T17:48:27","modified_gmt":"2024-10-16T17:48:27","slug":"silky-hands-%d1%83%d0%b2%d0%bb%d0%b0%d0%b6%d0%bd%d1%8f%d1%8e%d1%89%d0%b8%d0%b9-%d0%ba%d1%80%d0%b5%d0%bc-%d0%b4%d0%bb%d1%8f-%d1%80%d1%83%d0%ba-72%d0%bc%d0%bb","status":"publish","type":"product","link":"https:\/\/beautysba.co.uk\/lt\/produktas\/silky-hands-%d1%83%d0%b2%d0%bb%d0%b0%d0%b6%d0%bd%d1%8f%d1%8e%d1%89%d0%b8%d0%b9-%d0%ba%d1%80%d0%b5%d0%bc-%d0%b4%d0%bb%d1%8f-%d1%80%d1%83%d0%ba-72%d0%bc%d0%bb\/","title":{"rendered":"Dr\u0117kinamasis rank\u0173 kremas SILKY HANDS, 72 ml"},"content":{"rendered":"<p>Dr\u0117kinamasis rank\u0173 kremas su alyvuogi\u0173 aliejumi ir hialurono r\u016bg\u0161timi kasdienei odos apsaugai ir prie\u017ei\u016brai. \u0160velniai puosel\u0117ja od\u0105, prisotina j\u0105 naudingais vitaminais, mikroelementais ir dr\u0117gme. Dr\u0117kinamojo rank\u0173 kremo veikim\u0105 sustiprina \u0161ilko aliejaus eliksyro formul\u0117. Mikroeiliai kartu su \u0161ilko baltymais regeneruoja odos l\u0105steles, tod\u0117l ji tampa \u0161velni ir mink\u0161ta.<br \/>\nKremas yra lengvos tekst\u016bros, aktyviai dr\u0117kina ir pa\u0161alina sausum\u0105. Kremas greitai \u012fsigeria, nepalikdamas riebi\u0173 liku\u010di\u0173 ant rank\u0173.<\/p>\n<p>Vanduo, ciklopentasiloksanas, glicerinas, propilenglikolis, izopropilo miristatas, dimetikonas, glicerilo stearatas, cetearilo alkoholis, Aloe Barbadensis lap\u0173 sultys, hidrolizuotas \u0161ilkas, pantenolis, Olea Europaea (alyvuogi\u0173) vaisi\u0173 aliejus, *tokoherilo acetatas, akrilat\u0173\/C10-30 alkilo akrilato kry\u017epolimeras, alantoinas, kaprilio glikolis, desamido kolagenas, dinatrio EDTA, etilparabenas, metilparabenas, pantolaktonas, parfumas, PEG-40 hidrintas ricinos sorbatas, natrio benzoatas, natrio hialuronatas, natrio sulfitas, alfa-izometiljononas, kumarinas, geraniolis, heksilcinnamalas, hidroksicitronelalas, linaloolis.<\/p>\n","protected":false},"excerpt":{"rendered":"<p>Dr\u0117kinamasis rank\u0173 kremas su alyvuogi\u0173 aliejumi ir hialurono r\u016bg\u0161timi kasdienei odos apsaugai ir prie\u017ei\u016brai. \u0160velniai puosel\u0117ja od\u0105, prisotina j\u0105 naudingais vitaminais, mikroelementais ir dr\u0117gme. Dr\u0117kinamojo rank\u0173 kremo veikim\u0105 sustiprina \u0161ilko aliejaus eliksyro formul\u0117. Mikroeiliai kartu su \u0161ilko baltymais regeneruoja odos l\u0105steles, tod\u0117l ji tampa \u0161velni ir mink\u0161ta. Kremas yra lengvos tekst\u016bros, aktyviai dr\u0117kina ir pa\u0161alina [&hellip;]<\/p>\n","protected":false},"featured_media":13647,"comment_status":"open","ping_status":"closed","template":"","meta":[],"product_brand":[],"product_cat":[119,124],"product_tag":[],"class_list":{"0":"post-13649","1":"product","2":"type-product","3":"status-publish","4":"has-post-thumbnail","6":"product_cat-kuno-produktai","7":"product_cat-ranku-prieziura","9":"first","10":"instock","11":"shipping-taxable","12":"purchasable","13":"product-type-simple"},"_links":{"self":[{"href":"https:\/\/beautysba.co.uk\/lt\/wp-json\/wp\/v2\/product\/13649","targetHints":{"allow":["GET"]}}],"collection":[{"href":"https:\/\/beautysba.co.uk\/lt\/wp-json\/wp\/v2\/product"}],"about":[{"href":"https:\/\/beautysba.co.uk\/lt\/wp-json\/wp\/v2\/types\/product"}],"replies":[{"embeddable":true,"href":"https:\/\/beautysba.co.uk\/lt\/wp-json\/wp\/v2\/comments?post=13649"}],"wp:featuredmedia":[{"embeddable":true,"href":"https:\/\/beautysba.co.uk\/lt\/wp-json\/wp\/v2\/media\/13647"}],"wp:attachment":[{"href":"https:\/\/beautysba.co.uk\/lt\/wp-json\/wp\/v2\/media?parent=13649"}],"wp:term":[{"taxonomy":"product_brand","embeddable":true,"href":"https:\/\/beautysba.co.uk\/lt\/wp-json\/wp\/v2\/product_brand?post=13649"},{"taxonomy":"product_cat","embeddable":true,"href":"https:\/\/beautysba.co.uk\/lt\/wp-json\/wp\/v2\/product_cat?post=13649"},{"taxonomy":"product_tag","embeddable":true,"href":"https:\/\/beautysba.co.uk\/lt\/wp-json\/wp\/v2\/product_tag?post=13649"}],"curies":[{"name":"wp","href":"https:\/\/api.w.org\/{rel}","templated":true}]}}