{"id":13689,"date":"2024-06-14T10:03:19","date_gmt":"2024-06-14T10:03:19","guid":{"rendered":"https:\/\/beautysba.co.uk\/product\/%d0%b7%d0%be%d0%bb%d0%be%d1%82%d0%be%d0%b9-%d0%ba%d0%be%d1%80%d0%b5%d1%88%d0%be%d0%ba-%d1%80%d0%b0%d1%81%d1%82%d0%b2%d0%be%d1%80%d0%b8%d0%bc%d1%8b%d0%b9-%d1%86%d0%b8%d0%ba%d0%be%d1%80%d0%b8%d0%b9-100\/"},"modified":"2024-10-16T17:48:36","modified_gmt":"2024-10-16T17:48:36","slug":"%d0%b7%d0%be%d0%bb%d0%be%d1%82%d0%be%d0%b9-%d0%ba%d0%be%d1%80%d0%b5%d1%88%d0%be%d0%ba-%d1%80%d0%b0%d1%81%d1%82%d0%b2%d0%be%d1%80%d0%b8%d0%bc%d1%8b%d0%b9-%d1%86%d0%b8%d0%ba%d0%be%d1%80%d0%b8%d0%b9-100","status":"publish","type":"product","link":"https:\/\/beautysba.co.uk\/lt\/produktas\/%d0%b7%d0%be%d0%bb%d0%be%d1%82%d0%be%d0%b9-%d0%ba%d0%be%d1%80%d0%b5%d1%88%d0%be%d0%ba-%d1%80%d0%b0%d1%81%d1%82%d0%b2%d0%be%d1%80%d0%b8%d0%bc%d1%8b%d0%b9-%d1%86%d0%b8%d0%ba%d0%be%d1%80%d0%b8%d0%b9-100\/","title":{"rendered":"&#8220;Zdorovye&#8221; greito paruo\u0161imo cikorija 100g"},"content":{"rendered":"<p>Auksinis stuburas Tirpios cikorijos 100g<\/p>\n<p>Sud\u0117tis: cikorij\u0173 ekstraktas,<\/p>\n<p>Maistin\u0117 vert\u0117 100 g: kalorijos 1157,6 kJ\/276,5 kcal, riebalai 0,1 g, i\u0161 kuri\u0173 so\u010di\u0173j\u0173 riebal\u0173 r\u016bg\u0161\u010di\u0173 yra nedaug, angliavandeniai 64,9 g, i\u0161 kuri\u0173 cukr\u0173 yra nedaug, baltymai 4,0 g, druska 0 g.<\/p>\n<p>Savyb\u0117s: cikorijos ir j\u0173 skaidulos inulinas palaiko vir\u0161kinim\u0105 ir kepen\u0173 sveikat\u0105, ma\u017eina cukraus kiek\u012f kraujyje, padeda ma\u017einti svor\u012f ir gerina inkst\u0173 i\u0161skyrimo funkcij\u0105. Gerai sveikatai palaikyti svarbu \u012fvairi ir subalansuota mityba bei sveikas gyvenimo b\u016bdas.<\/p>\n<p>Paruo\u0161imas: 1-2 arbatinius \u0161auk\u0161telius (2-4 g) cikorij\u0173 g\u0117rimo u\u017epilkite 150 ml kar\u0161to vandens, i\u0161mai\u0161ykite. Pagal skon\u012f \u012fberkite cukraus arba saldiklio.<\/p>\n","protected":false},"excerpt":{"rendered":"<p>Auksinis stuburas Tirpios cikorijos 100g Sud\u0117tis: cikorij\u0173 ekstraktas, Maistin\u0117 vert\u0117 100 g: kalorijos 1157,6 kJ\/276,5 kcal, riebalai 0,1 g, i\u0161 kuri\u0173 so\u010di\u0173j\u0173 riebal\u0173 r\u016bg\u0161\u010di\u0173 yra nedaug, angliavandeniai 64,9 g, i\u0161 kuri\u0173 cukr\u0173 yra nedaug, baltymai 4,0 g, druska 0 g. Savyb\u0117s: cikorijos ir j\u0173 skaidulos inulinas palaiko vir\u0161kinim\u0105 ir kepen\u0173 sveikat\u0105, ma\u017eina cukraus kiek\u012f kraujyje, [&hellip;]<\/p>\n","protected":false},"featured_media":14182,"comment_status":"open","ping_status":"closed","template":"","meta":[],"product_brand":[],"product_cat":[217,270],"product_tag":[],"class_list":{"0":"post-13689","1":"product","2":"type-product","3":"status-publish","4":"has-post-thumbnail","6":"product_cat-sveikatos-prieziura","7":"product_cat----lt","9":"first","10":"outofstock","11":"shipping-taxable","12":"purchasable","13":"product-type-simple"},"_links":{"self":[{"href":"https:\/\/beautysba.co.uk\/lt\/wp-json\/wp\/v2\/product\/13689","targetHints":{"allow":["GET"]}}],"collection":[{"href":"https:\/\/beautysba.co.uk\/lt\/wp-json\/wp\/v2\/product"}],"about":[{"href":"https:\/\/beautysba.co.uk\/lt\/wp-json\/wp\/v2\/types\/product"}],"replies":[{"embeddable":true,"href":"https:\/\/beautysba.co.uk\/lt\/wp-json\/wp\/v2\/comments?post=13689"}],"wp:featuredmedia":[{"embeddable":true,"href":"https:\/\/beautysba.co.uk\/lt\/wp-json\/wp\/v2\/media\/14182"}],"wp:attachment":[{"href":"https:\/\/beautysba.co.uk\/lt\/wp-json\/wp\/v2\/media?parent=13689"}],"wp:term":[{"taxonomy":"product_brand","embeddable":true,"href":"https:\/\/beautysba.co.uk\/lt\/wp-json\/wp\/v2\/product_brand?post=13689"},{"taxonomy":"product_cat","embeddable":true,"href":"https:\/\/beautysba.co.uk\/lt\/wp-json\/wp\/v2\/product_cat?post=13689"},{"taxonomy":"product_tag","embeddable":true,"href":"https:\/\/beautysba.co.uk\/lt\/wp-json\/wp\/v2\/product_tag?post=13689"}],"curies":[{"name":"wp","href":"https:\/\/api.w.org\/{rel}","templated":true}]}}