{"id":13819,"date":"2024-07-08T15:48:28","date_gmt":"2024-07-08T15:48:28","guid":{"rendered":"https:\/\/beautysba.co.uk\/product\/%d0%ba%d0%bb%d0%be%d1%82%d1%80%d0%b8%d0%bc%d0%b0%d0%b7%d0%be%d0%bb-%d0%bc%d0%b0%d0%b7%d1%8c-1-20-%d0%b3\/"},"modified":"2024-10-16T11:52:58","modified_gmt":"2024-10-16T11:52:58","slug":"%d0%ba%d0%bb%d0%be%d1%82%d1%80%d0%b8%d0%bc%d0%b0%d0%b7%d0%be%d0%bb-%d0%bc%d0%b0%d0%b7%d1%8c-1-20-%d0%b3","status":"publish","type":"product","link":"https:\/\/beautysba.co.uk\/lt\/produktas\/%d0%ba%d0%bb%d0%be%d1%82%d1%80%d0%b8%d0%bc%d0%b0%d0%b7%d0%be%d0%bb-%d0%bc%d0%b0%d0%b7%d1%8c-1-20-%d0%b3\/","title":{"rendered":"Klotrimazolo tepalas 1% 20 g"},"content":{"rendered":"<p>Indikacijos Odos ir gleivini\u0173 grybelin\u0117s infekcijos, sukeltos dermatofit\u0173, mieli\u0173 ir pel\u0117sini\u0173 grybeli\u0173 bei kit\u0173 klotrimazolui jautri\u0173 patogen\u0173. Odos infekcijos, kurias sukelia Malassezia furfur (papilinis b\u0117rimas) ir Corynebacterium minutissimum (eritrazma). Candida vulvitas ir kandidozinis balanitas.<br \/>\nVartojimo b\u016bdas ir doz\u0117s Suaugusieji tepal\u0105 vartoja 1-3 kartus per dien\u0105. Tepalo 0,5 cm ilgio juostel\u0117s plonu sluoksniu tepti ant delno dyd\u017eio odos ploto ir \u012ftrinti. Sergant kandidoziniu vulvitu ir kandidoziniu balanitu suaugusiesiems, tepalo juostel\u0119 plonu sluoksniu tepti ant pa\u017eeist\u0173 odos viet\u0173 (i\u0161orini\u0173 lytini\u0173 organ\u0173 ir tarpviet\u0117s moterims arba varpos galvut\u0117s ir apyvarp\u0117s vyrams) ir \u012ftrinti. \u0160i\u0173 lig\u0173 gydymui reikia vienu metu gydyti abu partnerius. Siekiant patikimai pa\u0161alinti suk\u0117l\u0117j\u0105 ir atsi\u017evelgiant \u012f simptomus, gydym\u0105 reikia t\u0119sti ma\u017edaug 2 savaites po subjektyvi\u0173 simptom\u0173 i\u0161nykimo. Gydymo trukm\u0117: dermatomikoz\u0117 &#8211; 3-4 savait\u0117s; eritrazma &#8211; 2-4 savait\u0117s; \u012fvairialyp\u0117 planus lichenas &#8211; 1-3 savait\u0117s; kandidozinis vulvitas ir kandidozinis balanitas &#8211; 1-2 savait\u0117s. Pacientas visada turi prane\u0161ti gydytojui, jei po 4 gydymo savai\u010di\u0173 n\u0117ra pager\u0117jimo.<br \/>\nVaikai Naudojimo vaikams patirties n\u0117ra.<\/p>\n","protected":false},"excerpt":{"rendered":"<p>Indikacijos Odos ir gleivini\u0173 grybelin\u0117s infekcijos, sukeltos dermatofit\u0173, mieli\u0173 ir pel\u0117sini\u0173 grybeli\u0173 bei kit\u0173 klotrimazolui jautri\u0173 patogen\u0173. Odos infekcijos, kurias sukelia Malassezia furfur (papilinis b\u0117rimas) ir Corynebacterium minutissimum (eritrazma). Candida vulvitas ir kandidozinis balanitas. Vartojimo b\u016bdas ir doz\u0117s Suaugusieji tepal\u0105 vartoja 1-3 kartus per dien\u0105. Tepalo 0,5 cm ilgio juostel\u0117s plonu sluoksniu tepti ant delno [&hellip;]<\/p>\n","protected":false},"featured_media":13817,"comment_status":"open","ping_status":"closed","template":"","meta":[],"product_brand":[],"product_cat":[218,219,217],"product_tag":[],"class_list":{"0":"post-13819","1":"product","2":"type-product","3":"status-publish","4":"has-post-thumbnail","6":"product_cat-kuno-prieziura","7":"product_cat-pedu-prieziura-lt","8":"product_cat-sveikatos-prieziura","10":"first","11":"outofstock","12":"shipping-taxable","13":"purchasable","14":"product-type-simple"},"_links":{"self":[{"href":"https:\/\/beautysba.co.uk\/lt\/wp-json\/wp\/v2\/product\/13819","targetHints":{"allow":["GET"]}}],"collection":[{"href":"https:\/\/beautysba.co.uk\/lt\/wp-json\/wp\/v2\/product"}],"about":[{"href":"https:\/\/beautysba.co.uk\/lt\/wp-json\/wp\/v2\/types\/product"}],"replies":[{"embeddable":true,"href":"https:\/\/beautysba.co.uk\/lt\/wp-json\/wp\/v2\/comments?post=13819"}],"wp:featuredmedia":[{"embeddable":true,"href":"https:\/\/beautysba.co.uk\/lt\/wp-json\/wp\/v2\/media\/13817"}],"wp:attachment":[{"href":"https:\/\/beautysba.co.uk\/lt\/wp-json\/wp\/v2\/media?parent=13819"}],"wp:term":[{"taxonomy":"product_brand","embeddable":true,"href":"https:\/\/beautysba.co.uk\/lt\/wp-json\/wp\/v2\/product_brand?post=13819"},{"taxonomy":"product_cat","embeddable":true,"href":"https:\/\/beautysba.co.uk\/lt\/wp-json\/wp\/v2\/product_cat?post=13819"},{"taxonomy":"product_tag","embeddable":true,"href":"https:\/\/beautysba.co.uk\/lt\/wp-json\/wp\/v2\/product_tag?post=13819"}],"curies":[{"name":"wp","href":"https:\/\/api.w.org\/{rel}","templated":true}]}}