{"id":13837,"date":"2024-07-08T15:59:11","date_gmt":"2024-07-08T15:59:11","guid":{"rendered":"https:\/\/beautysba.co.uk\/product\/%d0%bd%d0%b8%d1%82%d1%80%d0%be%d0%b3%d0%bb%d0%b8%d1%86%d0%b5%d1%80%d0%b8%d0%bd-%d1%82%d0%b0%d0%b1%d0%bb%d0%b5%d1%82%d0%ba%d0%b8-%e2%84%9640\/"},"modified":"2024-10-18T02:56:18","modified_gmt":"2024-10-18T02:56:18","slug":"%d0%bd%d0%b8%d1%82%d1%80%d0%be%d0%b3%d0%bb%d0%b8%d1%86%d0%b5%d1%80%d0%b8%d0%bd-%d1%82%d0%b0%d0%b1%d0%bb%d0%b5%d1%82%d0%ba%d0%b8-%e2%84%9640","status":"publish","type":"product","link":"https:\/\/beautysba.co.uk\/lt\/produktas\/%d0%bd%d0%b8%d1%82%d1%80%d0%be%d0%b3%d0%bb%d0%b8%d1%86%d0%b5%d1%80%d0%b8%d0%bd-%d1%82%d0%b0%d0%b1%d0%bb%d0%b5%d1%82%d0%ba%d0%b8-%e2%84%9640\/","title":{"rendered":"Nitroglicerino tablet\u0117s Nr. 40"},"content":{"rendered":"<p>Naudojimo indikacijos. Kr\u016btin\u0117s angina (kr\u016btin\u0117s anginos priepuoliams gydyti ir trumpalaikei profilaktikai).<\/p>\n<p>Vartojimo b\u016bdas ir dozavimas.<br \/>\nVartojimas suaugusiesiems. Skiriant vaist\u0105 pirm\u0105 kart\u0105, b\u016btina i\u0161tirti jo poveik\u012f kraujosp\u016bd\u017eio lygiui. Nitroglicerino veiksmingum\u0105 reikia steb\u0117ti pagal \u0161irdies susitraukim\u0173 da\u017en\u012f ir kraujosp\u016bd\u017eio lyg\u012f. Reikia vartoti nedelsiant, atsiradus pirmiesiems kr\u016btin\u0117s anginos priepuolio simptomams. I\u0161 karto prasid\u0117jus skausmui, 1 tablet\u0119 reikia paki\u0161ti po lie\u017euviu ir laikyti burnoje iki visi\u0161ko rezorbcijos, nenuryjant. \u012eprastin\u0117 vaisto doz\u0117 yra 1 tablet\u0117 po lie\u017euviu. Jei per 3-5 min. antianginalinis poveikis nepasirei\u0161kia, i\u0161gerkite dar 1 tablet\u0119 Nitroglycerin. Jei i\u0161g\u0117rus 2-3 tabletes gydomojo poveikio n\u0117ra, b\u016btina kreiptis \u012f gydytoj\u0105. Esant da\u017eniems kr\u016btin\u0117s anginos priepuoliams, patartina vartoti pailginto veikimo preparat\u0173.<\/p>\n","protected":false},"excerpt":{"rendered":"<p>Naudojimo indikacijos. Kr\u016btin\u0117s angina (kr\u016btin\u0117s anginos priepuoliams gydyti ir trumpalaikei profilaktikai). Vartojimo b\u016bdas ir dozavimas. Vartojimas suaugusiesiems. Skiriant vaist\u0105 pirm\u0105 kart\u0105, b\u016btina i\u0161tirti jo poveik\u012f kraujosp\u016bd\u017eio lygiui. Nitroglicerino veiksmingum\u0105 reikia steb\u0117ti pagal \u0161irdies susitraukim\u0173 da\u017en\u012f ir kraujosp\u016bd\u017eio lyg\u012f. Reikia vartoti nedelsiant, atsiradus pirmiesiems kr\u016btin\u0117s anginos priepuolio simptomams. I\u0161 karto prasid\u0117jus skausmui, 1 tablet\u0119 reikia paki\u0161ti [&hellip;]<\/p>\n","protected":false},"featured_media":13835,"comment_status":"open","ping_status":"closed","template":"","meta":[],"product_brand":[],"product_cat":[217,220],"product_tag":[],"class_list":{"0":"post-13837","1":"product","2":"type-product","3":"status-publish","4":"has-post-thumbnail","6":"product_cat-sveikatos-prieziura","7":"product_cat-zarnyno-sveikata","9":"first","10":"instock","11":"shipping-taxable","12":"purchasable","13":"product-type-simple"},"_links":{"self":[{"href":"https:\/\/beautysba.co.uk\/lt\/wp-json\/wp\/v2\/product\/13837","targetHints":{"allow":["GET"]}}],"collection":[{"href":"https:\/\/beautysba.co.uk\/lt\/wp-json\/wp\/v2\/product"}],"about":[{"href":"https:\/\/beautysba.co.uk\/lt\/wp-json\/wp\/v2\/types\/product"}],"replies":[{"embeddable":true,"href":"https:\/\/beautysba.co.uk\/lt\/wp-json\/wp\/v2\/comments?post=13837"}],"wp:featuredmedia":[{"embeddable":true,"href":"https:\/\/beautysba.co.uk\/lt\/wp-json\/wp\/v2\/media\/13835"}],"wp:attachment":[{"href":"https:\/\/beautysba.co.uk\/lt\/wp-json\/wp\/v2\/media?parent=13837"}],"wp:term":[{"taxonomy":"product_brand","embeddable":true,"href":"https:\/\/beautysba.co.uk\/lt\/wp-json\/wp\/v2\/product_brand?post=13837"},{"taxonomy":"product_cat","embeddable":true,"href":"https:\/\/beautysba.co.uk\/lt\/wp-json\/wp\/v2\/product_cat?post=13837"},{"taxonomy":"product_tag","embeddable":true,"href":"https:\/\/beautysba.co.uk\/lt\/wp-json\/wp\/v2\/product_tag?post=13837"}],"curies":[{"name":"wp","href":"https:\/\/api.w.org\/{rel}","templated":true}]}}