{"id":13849,"date":"2024-07-08T18:18:53","date_gmt":"2024-07-08T18:18:53","guid":{"rendered":"https:\/\/beautysba.co.uk\/product\/%d1%80%d0%b8%d0%b1%d0%be%d0%ba%d1%81%d0%b8%d0%bd-%d0%b4%d0%b0%d1%80%d0%bd%d0%b8%d1%86%d0%b0-%d1%82%d0%b0%d0%b1%d0%bb%d0%b5%d1%82%d0%ba%d0%b8-200-%d0%bc%d0%b3-%e2%84%9650\/"},"modified":"2024-10-18T02:56:17","modified_gmt":"2024-10-18T02:56:17","slug":"%d1%80%d0%b8%d0%b1%d0%be%d0%ba%d1%81%d0%b8%d0%bd-%d0%b4%d0%b0%d1%80%d0%bd%d0%b8%d1%86%d0%b0-%d1%82%d0%b0%d0%b1%d0%bb%d0%b5%d1%82%d0%ba%d0%b8-200-%d0%bc%d0%b3-%e2%84%9650","status":"publish","type":"product","link":"https:\/\/beautysba.co.uk\/lt\/produktas\/%d1%80%d0%b8%d0%b1%d0%be%d0%ba%d1%81%d0%b8%d0%bd-%d0%b4%d0%b0%d1%80%d0%bd%d0%b8%d1%86%d0%b0-%d1%82%d0%b0%d0%b1%d0%bb%d0%b5%d1%82%d0%ba%d0%b8-200-%d0%bc%d0%b3-%e2%84%9650\/","title":{"rendered":"Riboxin-Darnica 200 mg tablet\u0117s #50"},"content":{"rendered":"<p>Indikacijos.<br \/>\nKompleksi\u0161kai gydant i\u0161emin\u0119 \u0161irdies lig\u0105 (b\u016bkl\u0117 po miokardo infarkto, kr\u016btin\u0117s angina), \u0161irdies ritmo sutrikimus, intoksikacij\u0105 \u0161irdies glikozid\u0173 preparatais, gydant \u012fvairios genez\u0117s kardiomiopatijas, miokardiodistrofij\u0105 (didelio fizinio kr\u016bvio fone, infekcin\u0119 ir infekcin\u0119 ichtij\u0105, kepen\u0173 ciroz\u0119, riebalin\u0119 kepen\u0173 distrofij\u0105, urokoproporcij\u0105), urokoproporcij\u0105.<\/p>\n<p>Vartojimo b\u016bdas ir dozavimas.<br \/>\nTabletes reikia gerti prie\u0161 valg\u012f, nekramtyti ir gerti pakankamai vandens. Paros doz\u0117 nustatoma individualiai ir yra 600-2400 mg (3-12 table\u010di\u0173) suaugusiesiems. Suaugusiesiems pirmosiomis gydymo dienomis paros doz\u0117 yra 600-800 mg (po 1 tablet\u0119 3-4 kartus per dien\u0105). Jei vaistas gerai toleruojamas, per 2-3 dienas doz\u0119 padidinkite nuo 1200 mg (2 tablet\u0117s 3 kartus per par\u0105) iki 2400 mg. Gydymo kurso trukm\u0117 &#8211; nuo 4 savai\u010di\u0173 iki 1,5-3 m\u0117nesi\u0173. Sergant urokoproporfirija paros doz\u0117 yra 800 mg (1 tablet\u0117 4 kartus per par\u0105), gydymo kurso trukm\u0117 &#8211; 1-3 m\u0117nesiai.   <\/p>\n<p>Vaikai. Negalima vartoti vaikams, nes tr\u016bksta duomen\u0173 apie vartojimo saugum\u0105.<\/p>\n","protected":false},"excerpt":{"rendered":"<p>Indikacijos. Kompleksi\u0161kai gydant i\u0161emin\u0119 \u0161irdies lig\u0105 (b\u016bkl\u0117 po miokardo infarkto, kr\u016btin\u0117s angina), \u0161irdies ritmo sutrikimus, intoksikacij\u0105 \u0161irdies glikozid\u0173 preparatais, gydant \u012fvairios genez\u0117s kardiomiopatijas, miokardiodistrofij\u0105 (didelio fizinio kr\u016bvio fone, infekcin\u0119 ir infekcin\u0119 ichtij\u0105, kepen\u0173 ciroz\u0119, riebalin\u0119 kepen\u0173 distrofij\u0105, urokoproporcij\u0105), urokoproporcij\u0105. Vartojimo b\u016bdas ir dozavimas. Tabletes reikia gerti prie\u0161 valg\u012f, nekramtyti ir gerti pakankamai vandens. Paros doz\u0117 [&hellip;]<\/p>\n","protected":false},"featured_media":13847,"comment_status":"open","ping_status":"closed","template":"","meta":[],"product_brand":[],"product_cat":[217,220],"product_tag":[],"class_list":{"0":"post-13849","1":"product","2":"type-product","3":"status-publish","4":"has-post-thumbnail","6":"product_cat-sveikatos-prieziura","7":"product_cat-zarnyno-sveikata","9":"first","10":"instock","11":"shipping-taxable","12":"purchasable","13":"product-type-simple"},"_links":{"self":[{"href":"https:\/\/beautysba.co.uk\/lt\/wp-json\/wp\/v2\/product\/13849","targetHints":{"allow":["GET"]}}],"collection":[{"href":"https:\/\/beautysba.co.uk\/lt\/wp-json\/wp\/v2\/product"}],"about":[{"href":"https:\/\/beautysba.co.uk\/lt\/wp-json\/wp\/v2\/types\/product"}],"replies":[{"embeddable":true,"href":"https:\/\/beautysba.co.uk\/lt\/wp-json\/wp\/v2\/comments?post=13849"}],"wp:featuredmedia":[{"embeddable":true,"href":"https:\/\/beautysba.co.uk\/lt\/wp-json\/wp\/v2\/media\/13847"}],"wp:attachment":[{"href":"https:\/\/beautysba.co.uk\/lt\/wp-json\/wp\/v2\/media?parent=13849"}],"wp:term":[{"taxonomy":"product_brand","embeddable":true,"href":"https:\/\/beautysba.co.uk\/lt\/wp-json\/wp\/v2\/product_brand?post=13849"},{"taxonomy":"product_cat","embeddable":true,"href":"https:\/\/beautysba.co.uk\/lt\/wp-json\/wp\/v2\/product_cat?post=13849"},{"taxonomy":"product_tag","embeddable":true,"href":"https:\/\/beautysba.co.uk\/lt\/wp-json\/wp\/v2\/product_tag?post=13849"}],"curies":[{"name":"wp","href":"https:\/\/api.w.org\/{rel}","templated":true}]}}