{"id":13855,"date":"2024-07-08T18:22:34","date_gmt":"2024-07-08T18:22:34","guid":{"rendered":"https:\/\/beautysba.co.uk\/product\/%d1%81%d0%b8%d0%bd%d0%b0%d1%84%d0%bb%d0%b0%d0%bd%d0%b0-%d0%bc%d0%b0%d0%b7%d1%8c-0025-%d1%82%d1%83%d0%b1%d0%b0-15-%d0%b3\/"},"modified":"2024-10-21T16:22:13","modified_gmt":"2024-10-21T16:22:13","slug":"%d1%81%d0%b8%d0%bd%d0%b0%d1%84%d0%bb%d0%b0%d0%bd%d0%b0-%d0%bc%d0%b0%d0%b7%d1%8c-0025-%d1%82%d1%83%d0%b1%d0%b0-15-%d0%b3","status":"publish","type":"product","link":"https:\/\/beautysba.co.uk\/lt\/produktas\/%d1%81%d0%b8%d0%bd%d0%b0%d1%84%d0%bb%d0%b0%d0%bd%d0%b0-%d0%bc%d0%b0%d0%b7%d1%8c-0025-%d1%82%d1%83%d0%b1%d0%b0-15-%d0%b3\/","title":{"rendered":"Sinaflan tepalas 0,025 % t\u016bbel\u0117 15 g"},"content":{"rendered":"<p>Veiklioji med\u017eiaga yra sintetinis fluorintas gliukokortikosteroidas, skirtas i\u0161oriniam vartojimui &#8211; fluocinolono acetonidas. Vaistas pasi\u017eymi prie\u0161u\u017edegiminiu, antialerginiu, antieksudaciniu ir antipruritiniu poveikiu. Ma\u017eina odos u\u017edegimin\u0117s reakcijos pasirei\u0161kim\u0105 ir \u0161alina j\u0105. Stabdo makrofag\u0173, leukocit\u0173 kaupim\u0105si u\u017edegimo vietoje, slopina T ir B limfocit\u0173 formavim\u0105si, trikdo j\u0173 s\u0105veik\u0105, ma\u017eina kraujagysli\u0173 ir audini\u0173 pralaidum\u0105, neleid\u017eia susidaryti u\u017edegiminei edemai.<\/p>\n<p>Slopina fagocitoz\u0119, mikrosomini\u0173 ferment\u0173 ir u\u017edegimo mediatori\u0173 i\u0161siskyrim\u0105. Dozavimas ir vartojimas Vaistas skirtas tik vietiniam vartojimui. U\u017etepkite nedidel\u012f vaisto kiek\u012f ir \u0161velniai \u012ftrinkite 1-2 kartus per dien\u0105. Gydymo trukm\u0119 nustato gydytojas individualiai ir ji priklauso nuo ligos pob\u016bd\u017eio, paprastai ji yra 5-10 dien\u0173, bet ne ilgesn\u0117 kaip 2 savait\u0117s. Vaikams nuo 2 met\u0173 am\u017eiaus reikia atsargiai vartoti 1 kart\u0105 per dien\u0105 pri\u017ei\u016brint gydytojui. Vartojimo trukm\u0117 vaikams netur\u0117t\u0173 b\u016bti ilgesn\u0117 kaip 5 dienos. Netepkite tepalo po okliuziniu tvars\u010diu, tik psoriaz\u0117s atveju vaist\u0105 galima tepti po u\u017edaru tvars\u010diu, kur\u012f reikia keisti kiekvien\u0105 dien\u0105. Jo negalima tepti ant veido odos ilgiau kaip 1 par\u0105. Tepal\u0105 pageidautina vartoti sausoms dermatozi\u0173 formoms gydyti.<br \/>\nVaikai Vaistas vaikams nuo 2 met\u0173 am\u017eiaus vartojamas atsargiai, pri\u017ei\u016brint gydytojui, tik vien\u0105 kart\u0105 per par\u0105, ant nedidelio odos ploto. Netepti tepalo ant vaiko veido odos.      <\/p>\n","protected":false},"excerpt":{"rendered":"<p>Indikacijos Alergin\u0117s ir u\u017edegimin\u0117s nemikrobin\u0117s etiologijos odos ligos (sebor\u0117jinis dermatitas, \u012fvairios kilm\u0117s ir lokalizacijos egzema, psoriaz\u0117).<\/p>\n","protected":false},"featured_media":13853,"comment_status":"open","ping_status":"closed","template":"","meta":[],"product_brand":[],"product_cat":[218,217],"product_tag":[],"class_list":{"0":"post-13855","1":"product","2":"type-product","3":"status-publish","4":"has-post-thumbnail","6":"product_cat-kuno-prieziura","7":"product_cat-sveikatos-prieziura","9":"first","10":"instock","11":"shipping-taxable","12":"purchasable","13":"product-type-simple"},"_links":{"self":[{"href":"https:\/\/beautysba.co.uk\/lt\/wp-json\/wp\/v2\/product\/13855","targetHints":{"allow":["GET"]}}],"collection":[{"href":"https:\/\/beautysba.co.uk\/lt\/wp-json\/wp\/v2\/product"}],"about":[{"href":"https:\/\/beautysba.co.uk\/lt\/wp-json\/wp\/v2\/types\/product"}],"replies":[{"embeddable":true,"href":"https:\/\/beautysba.co.uk\/lt\/wp-json\/wp\/v2\/comments?post=13855"}],"wp:featuredmedia":[{"embeddable":true,"href":"https:\/\/beautysba.co.uk\/lt\/wp-json\/wp\/v2\/media\/13853"}],"wp:attachment":[{"href":"https:\/\/beautysba.co.uk\/lt\/wp-json\/wp\/v2\/media?parent=13855"}],"wp:term":[{"taxonomy":"product_brand","embeddable":true,"href":"https:\/\/beautysba.co.uk\/lt\/wp-json\/wp\/v2\/product_brand?post=13855"},{"taxonomy":"product_cat","embeddable":true,"href":"https:\/\/beautysba.co.uk\/lt\/wp-json\/wp\/v2\/product_cat?post=13855"},{"taxonomy":"product_tag","embeddable":true,"href":"https:\/\/beautysba.co.uk\/lt\/wp-json\/wp\/v2\/product_tag?post=13855"}],"curies":[{"name":"wp","href":"https:\/\/api.w.org\/{rel}","templated":true}]}}