{"id":13902,"date":"2024-07-25T05:54:20","date_gmt":"2024-07-25T05:54:20","guid":{"rendered":"https:\/\/beautysba.co.uk\/product\/%d0%b1%d0%be%d1%8f%d1%80%d1%8b%d1%88%d0%bd%d0%b8%d0%ba-%d1%81-%d0%ba%d0%b0%d0%bb%d0%b8%d0%b5%d0%bc-%d0%b8-%d0%bc%d0%b0%d0%b3%d0%bd%d0%b8%d0%b5%d0%bc-n80-evalar\/"},"modified":"2024-10-18T02:58:20","modified_gmt":"2024-10-18T02:58:20","slug":"%d0%b1%d0%be%d1%8f%d1%80%d1%8b%d1%88%d0%bd%d0%b8%d0%ba-%d1%81-%d0%ba%d0%b0%d0%bb%d0%b8%d0%b5%d0%bc-%d0%b8-%d0%bc%d0%b0%d0%b3%d0%bd%d0%b8%d0%b5%d0%bc-n80-evalar","status":"publish","type":"product","link":"https:\/\/beautysba.co.uk\/lt\/produktas\/%d0%b1%d0%be%d1%8f%d1%80%d1%8b%d1%88%d0%bd%d0%b8%d0%ba-%d1%81-%d0%ba%d0%b0%d0%bb%d0%b8%d0%b5%d0%bc-%d0%b8-%d0%bc%d0%b0%d0%b3%d0%bd%d0%b8%d0%b5%d0%bc-n80-evalar\/","title":{"rendered":"Gudobel\u0117 su kaliu ir magniu N80 Evalar"},"content":{"rendered":"<p>Kiekvien\u0105 dien\u0105 m\u016bs\u0173 \u0161irdis patiria did\u017eiul\u012f kr\u016bv\u012f, ir ne visada \u0161is kr\u016bvis atitinka jos j\u0117g\u0105.<br \/>\nMirtingumo nuo \u0161irdies ir kraujagysli\u0173 lig\u0173 statistika tik jaun\u0117ja.<br \/>\nKad sustiprintum\u0117te \u0161ird\u012f ir padidintum\u0117te jos i\u0161tverm\u0119 bei darbingum\u0105, rinkit\u0117s bendrov\u0117s &#8220;Evalar&#8221; gudobeles su kaliu ir magniu.<br \/>\nJame gudobeli\u0173 poveik\u012f sustiprino &#8220;vitaminai \u0161ird\u017eiai&#8221; &#8211; kalis ir magnis.<br \/>\n\u0160is kompleksas intensyviai maitina ir stiprina \u0161ird\u012f, tod\u0117l ji tampa stipresn\u0117 ir atsparesn\u0117, padeda palaikyti normali\u0105 \u0161irdies raumens veikl\u0105.    <\/p>\n<p>Kaip veikia ingredientai?<\/p>\n<p>Gudobel\u0117 (\u017eiedai, lapai) d\u0117l bendro biologi\u0161kai aktyvi\u0173 med\u017eiag\u0173, toki\u0173 kaip oksicinamo r\u016bg\u0161tys, flavonoidai, glikozidai, taninai, saponinai ir kai kurios kitos, poveikio padeda stiprinti ir maitinti \u0161ird\u012f. Be to, vis\u0173 gudobeli\u0173 sud\u0117tyje esan\u010di\u0173 med\u017eiag\u0173 s\u0105veika palaiko \u0161irdies ritm\u0105.<\/p>\n<p>Kalis ir magnis yra mikroelementai, b\u016btini normaliam vis\u0173 \u017emogaus organizmo l\u0105steli\u0173 gyvenimui. Jie taip pat svarb\u016bs \u0161irdies ir kraujagysli\u0173 sistemai. Gyvenime nuolat pasitaiko situacij\u0173, susijusi\u0173 su kalio ir magnio tr\u016bkumu, padid\u0117jusiu j\u0173 netekimu arba padid\u0117jusiu \u0161i\u0173 element\u0173 poreikiu: intensyvus darbo kr\u016bvis, stresas ir kt. Kai tr\u016bksta kalio ir magnio, sutrinka nat\u016brali \u0161irdies raumens funkcija, tod\u0117l jis sunkiai gauna deguon\u012f ir kartu su krauju tiekiamas maistines med\u017eiagas. Tod\u0117l b\u016btina kompensuoti kalio ir magnio tr\u016bkum\u0105 organizme. Maisto produktuose, kuriuos valgome, yra nedideli \u0161i\u0173 mikroelement\u0173 kiekiai. Tod\u0117l, norint maitinti ir stiprinti \u0161ird\u012f, reikia ne tik vartoti maisto produktus, kuriuose yra kalio ir magnio, bet ir papildomai vartoti kalio ir magnio preparat\u0173.<\/p>\n<p>Sud\u0117tis<\/p>\n<p>gudobeli\u0173 \u017eied\u0173 ir lap\u0173 ekstraktas, mikrokristalin\u0117 celiulioz\u0117 (ne\u0161iklis), kalio asparaginatas, magnio asparaginatas, pl\u0117vel\u0117s dangos komponentai (maisto priedai): hidroksipropilmetilceliulioz\u0117 (tir\u0161tiklis), tween 80 (emulsiklis), polietilenglikolis (glaz\u016bravimo med\u017eiaga), gele\u017eies oksidai (da\u017eikliai); kroskarmelioz\u0117 (ne\u0161iklis), amorfinis silicio dioksidas ir kalcio stearatas (sukepinimo med\u017eiagos).<\/p>\n<p>Naudojimo rekomendacijos<\/p>\n<p>Suaugusiesiems ir vyresniems nei 14 met\u0173 vaikams &#8211; 1-2 tabletes 2 kartus per dien\u0105 valgio metu. Vartojimo trukm\u0117 &#8211; ne trumpesn\u0117 kaip 20 dien\u0173. Leid\u017eiama reguliariai naudoti su 10 dien\u0173 pertrauka.<\/p>\n<p>Kontraindikacijos<\/p>\n<p>Padid\u0117j\u0119s jautrumas sudedamosioms dalims, n\u0117\u0161tumas, \u017eindymas. Prie\u0161 vartojim\u0105 rekomenduojama pasitarti su gydytoju.<\/p>\n<p>Laikymo s\u0105lygos<\/p>\n<p>Laikykite ne auk\u0161tesn\u0117je kaip 25\u1d52 C temperat\u016broje.<\/p>\n","protected":false},"excerpt":{"rendered":"<p>Geresn\u0117 \u0161irdies mityba<\/p>\n","protected":false},"featured_media":13900,"comment_status":"open","ping_status":"closed","template":"","meta":[],"product_brand":[],"product_cat":[217,220],"product_tag":[],"class_list":{"0":"post-13902","1":"product","2":"type-product","3":"status-publish","4":"has-post-thumbnail","6":"product_cat-sveikatos-prieziura","7":"product_cat-zarnyno-sveikata","9":"first","10":"outofstock","11":"shipping-taxable","12":"purchasable","13":"product-type-simple"},"_links":{"self":[{"href":"https:\/\/beautysba.co.uk\/lt\/wp-json\/wp\/v2\/product\/13902","targetHints":{"allow":["GET"]}}],"collection":[{"href":"https:\/\/beautysba.co.uk\/lt\/wp-json\/wp\/v2\/product"}],"about":[{"href":"https:\/\/beautysba.co.uk\/lt\/wp-json\/wp\/v2\/types\/product"}],"replies":[{"embeddable":true,"href":"https:\/\/beautysba.co.uk\/lt\/wp-json\/wp\/v2\/comments?post=13902"}],"wp:featuredmedia":[{"embeddable":true,"href":"https:\/\/beautysba.co.uk\/lt\/wp-json\/wp\/v2\/media\/13900"}],"wp:attachment":[{"href":"https:\/\/beautysba.co.uk\/lt\/wp-json\/wp\/v2\/media?parent=13902"}],"wp:term":[{"taxonomy":"product_brand","embeddable":true,"href":"https:\/\/beautysba.co.uk\/lt\/wp-json\/wp\/v2\/product_brand?post=13902"},{"taxonomy":"product_cat","embeddable":true,"href":"https:\/\/beautysba.co.uk\/lt\/wp-json\/wp\/v2\/product_cat?post=13902"},{"taxonomy":"product_tag","embeddable":true,"href":"https:\/\/beautysba.co.uk\/lt\/wp-json\/wp\/v2\/product_tag?post=13902"}],"curies":[{"name":"wp","href":"https:\/\/api.w.org\/{rel}","templated":true}]}}