{"id":13914,"date":"2024-07-25T05:58:48","date_gmt":"2024-07-25T05:58:48","guid":{"rendered":"https:\/\/beautysba.co.uk\/product\/%d1%81%d0%b0%d0%b1%d0%b5%d0%bb%d1%8c%d0%bd%d0%b8%d0%ba-%d1%82%d0%b0%d0%b1%d0%bb%d0%b5%d1%82%d0%ba%d0%b8-n50-farm-group\/"},"modified":"2024-10-18T06:21:54","modified_gmt":"2024-10-18T06:21:54","slug":"%d1%81%d0%b0%d0%b1%d0%b5%d0%bb%d1%8c%d0%bd%d0%b8%d0%ba-%d1%82%d0%b0%d0%b1%d0%bb%d0%b5%d1%82%d0%ba%d0%b8-n50-farm-group","status":"publish","type":"product","link":"https:\/\/beautysba.co.uk\/lt\/produktas\/%d1%81%d0%b0%d0%b1%d0%b5%d0%bb%d1%8c%d0%bd%d0%b8%d0%ba-%d1%82%d0%b0%d0%b1%d0%bb%d0%b5%d1%82%d0%ba%d0%b8-n50-farm-group\/","title":{"rendered":"Sabelnik tablet\u0117s N50 &#8211; \u016akio grup\u0117"},"content":{"rendered":"<p>Sudedamosios dalys: mikrokristalin\u0117 celiulioz\u0117, pelkin\u0117 vingioryk\u0161t\u0117 (\u0161akniastiebis), varnal\u0117\u0161a (\u0161aknys), pagalbin\u0117s med\u017eiagos (maltas talkas, bi\u010di\u0173 va\u0161kas, talkas).<br \/>\nVartojimo b\u016bdas: suaugusiems \u017emon\u0117ms vartoti po 3 tabletes 3 kartus per dien\u0105 valgio metu, u\u017egeriant dideliu kiekiu vandens.<\/p>\n<p> Gydymo trukm\u0117 &#8211; 1 m\u0117nuo.<\/p>\n<p>Informacija: prie\u0161 vartojim\u0105 rekomenduojama pasitarti su gydytoju. Maisto papildas n\u0117ra vaistas. Parduodamas visuomenei per vaistini\u0173 tinkl\u0105 ir specializuotas parduotuves, prekybos tinklo skyrius.<br \/>\nVartotoj\u0173 pretenzijos priimamos gamintojo adresu. <\/p>\n","protected":false},"excerpt":{"rendered":"<p>Sudedamosios dalys: mikrokristalin\u0117 celiulioz\u0117, pelkin\u0117 vingioryk\u0161t\u0117 (\u0161akniastiebis), varnal\u0117\u0161a (\u0161aknys), pagalbin\u0117s med\u017eiagos (maltas talkas, bi\u010di\u0173 va\u0161kas, talkas). Vartojimo b\u016bdas: suaugusiems \u017emon\u0117ms vartoti po 3 tabletes 3 kartus per dien\u0105 valgio metu, u\u017egeriant dideliu kiekiu vandens. Gydymo trukm\u0117 &#8211; 1 m\u0117nuo. Informacija: prie\u0161 vartojim\u0105 rekomenduojama pasitarti su gydytoju. Maisto papildas n\u0117ra vaistas. Parduodamas visuomenei per vaistini\u0173 tinkl\u0105 [&hellip;]<\/p>\n","protected":false},"featured_media":13912,"comment_status":"open","ping_status":"closed","template":"","meta":[],"product_brand":[],"product_cat":[217,220],"product_tag":[],"class_list":{"0":"post-13914","1":"product","2":"type-product","3":"status-publish","4":"has-post-thumbnail","6":"product_cat-sveikatos-prieziura","7":"product_cat-zarnyno-sveikata","9":"first","10":"outofstock","11":"shipping-taxable","12":"purchasable","13":"product-type-simple"},"_links":{"self":[{"href":"https:\/\/beautysba.co.uk\/lt\/wp-json\/wp\/v2\/product\/13914","targetHints":{"allow":["GET"]}}],"collection":[{"href":"https:\/\/beautysba.co.uk\/lt\/wp-json\/wp\/v2\/product"}],"about":[{"href":"https:\/\/beautysba.co.uk\/lt\/wp-json\/wp\/v2\/types\/product"}],"replies":[{"embeddable":true,"href":"https:\/\/beautysba.co.uk\/lt\/wp-json\/wp\/v2\/comments?post=13914"}],"wp:featuredmedia":[{"embeddable":true,"href":"https:\/\/beautysba.co.uk\/lt\/wp-json\/wp\/v2\/media\/13912"}],"wp:attachment":[{"href":"https:\/\/beautysba.co.uk\/lt\/wp-json\/wp\/v2\/media?parent=13914"}],"wp:term":[{"taxonomy":"product_brand","embeddable":true,"href":"https:\/\/beautysba.co.uk\/lt\/wp-json\/wp\/v2\/product_brand?post=13914"},{"taxonomy":"product_cat","embeddable":true,"href":"https:\/\/beautysba.co.uk\/lt\/wp-json\/wp\/v2\/product_cat?post=13914"},{"taxonomy":"product_tag","embeddable":true,"href":"https:\/\/beautysba.co.uk\/lt\/wp-json\/wp\/v2\/product_tag?post=13914"}],"curies":[{"name":"wp","href":"https:\/\/api.w.org\/{rel}","templated":true}]}}