{"id":13920,"date":"2024-07-25T06:00:42","date_gmt":"2024-07-25T06:00:42","guid":{"rendered":"https:\/\/beautysba.co.uk\/product\/%d0%bc%d0%b0%d1%81%d0%bb%d0%be-%d1%87%d0%b5%d1%80%d0%bd%d0%be%d0%b3%d0%be-%d1%82%d0%bc%d0%b8%d0%bd%d0%b0-%d1%81-%d0%ba%d1%83%d1%80%d0%ba%d1%83%d0%bc%d0%b8%d0%bd%d0%be%d0%bc-n30-mirrolla\/"},"modified":"2024-10-18T06:21:56","modified_gmt":"2024-10-18T06:21:56","slug":"%d0%bc%d0%b0%d1%81%d0%bb%d0%be-%d1%87%d0%b5%d1%80%d0%bd%d0%be%d0%b3%d0%be-%d1%82%d0%bc%d0%b8%d0%bd%d0%b0-%d1%81-%d0%ba%d1%83%d1%80%d0%ba%d1%83%d0%bc%d0%b8%d0%bd%d0%be%d0%bc-n30-mirrolla","status":"publish","type":"product","link":"https:\/\/beautysba.co.uk\/lt\/produktas\/%d0%bc%d0%b0%d1%81%d0%bb%d0%be-%d1%87%d0%b5%d1%80%d0%bd%d0%be%d0%b3%d0%be-%d1%82%d0%bc%d0%b8%d0%bd%d0%b0-%d1%81-%d0%ba%d1%83%d1%80%d0%ba%d1%83%d0%bc%d0%b8%d0%bd%d0%be%d0%bc-n30-mirrolla\/","title":{"rendered":"&#8220;Juod\u0173j\u0173 kmyn\u0173 aliejus su kurkuminu&#8221;, N30 Mirrolla"},"content":{"rendered":"<p>Juod\u0173j\u0173 kmyn\u0173 aliejus su\u0161velnina bronch\u0173 ir plau\u010di\u0173 u\u017edegimini\u0173 proces\u0173 aprai\u0161kas ir turi vidutinio stiprumo imunomoduliacin\u012f poveik\u012f.<br \/>\nBendras kiekis: 30 kapsuli\u0173. <\/p>\n<p>Sudedamosios dalys: juod\u0173j\u0173 kmyn\u0173 aliejus 200 mg, rafinuotas saul\u0117gr\u0105\u017e\u0173 aliejus 173 mg, ciber\u017eol\u0117s ekstraktas (20 % kurkumino) 125 mg, apvalkalas (maistin\u0117 \u017eelatina, dr\u0117gm\u0119 i\u0161laikanti med\u017eiaga glicerinas, r\u016bg\u0161tingum\u0105 reguliuojanti med\u017eiaga citrin\u0173 r\u016bg\u0161tis), antioksidant\u0173 tokoferoli\u0173 mi\u0161inys. Vartojimas: suaugusiesiems po 2 kapsules vien\u0105 kart\u0105 per dien\u0105 valgio metu. Sud\u0117tis paros doz\u0117je (2 kapsul\u0117se): kurkuminas 50 mg 100%*. Maistini\u0173 med\u017eiag\u0173 kiekis pagr\u012fstas suaugusi\u0173j\u0173 paros poreikiu. Kontraindikacijos: individualus sudedam\u0173j\u0173 dali\u0173 netoleravimas, n\u0117\u0161tumas, \u017eindymas. Prie\u0161 vartojim\u0105 pasitarkite su gydytoju.<\/p>\n<p>  Maisto papildas n\u0117ra vaistas. Nevartokite maisto papild\u0173 vietoj \u012fvairios mitybos! Svarbu maitintis \u012fvairiapusi\u0161kai ir subalansuotai bei gyventi sveik\u0105 gyvenimo b\u016bd\u0105.<\/p>\n<p>Laikykite sausoje, tamsioje, vaikams nepasiekiamoje vietoje, ne auk\u0161tesn\u0117je kaip +25 \u00b0C temperat\u016broje. Pagaminimo data: \u017er. pakuot\u0119. Galiojimo laikas 2 metai.<\/p>\n","protected":false},"excerpt":{"rendered":"<p>Juod\u0173j\u0173 kmyn\u0173 aliejus su\u0161velnina bronch\u0173 ir plau\u010di\u0173 u\u017edegimini\u0173 proces\u0173 aprai\u0161kas ir turi vidutinio stiprumo imunomoduliacin\u012f poveik\u012f.<br \/>\nBendras kiekis: 30 kapsuli\u0173. <\/p>\n","protected":false},"featured_media":13918,"comment_status":"open","ping_status":"closed","template":"","meta":[],"product_brand":[],"product_cat":[217,220],"product_tag":[],"class_list":{"0":"post-13920","1":"product","2":"type-product","3":"status-publish","4":"has-post-thumbnail","6":"product_cat-sveikatos-prieziura","7":"product_cat-zarnyno-sveikata","9":"first","10":"outofstock","11":"shipping-taxable","12":"purchasable","13":"product-type-simple"},"_links":{"self":[{"href":"https:\/\/beautysba.co.uk\/lt\/wp-json\/wp\/v2\/product\/13920","targetHints":{"allow":["GET"]}}],"collection":[{"href":"https:\/\/beautysba.co.uk\/lt\/wp-json\/wp\/v2\/product"}],"about":[{"href":"https:\/\/beautysba.co.uk\/lt\/wp-json\/wp\/v2\/types\/product"}],"replies":[{"embeddable":true,"href":"https:\/\/beautysba.co.uk\/lt\/wp-json\/wp\/v2\/comments?post=13920"}],"wp:featuredmedia":[{"embeddable":true,"href":"https:\/\/beautysba.co.uk\/lt\/wp-json\/wp\/v2\/media\/13918"}],"wp:attachment":[{"href":"https:\/\/beautysba.co.uk\/lt\/wp-json\/wp\/v2\/media?parent=13920"}],"wp:term":[{"taxonomy":"product_brand","embeddable":true,"href":"https:\/\/beautysba.co.uk\/lt\/wp-json\/wp\/v2\/product_brand?post=13920"},{"taxonomy":"product_cat","embeddable":true,"href":"https:\/\/beautysba.co.uk\/lt\/wp-json\/wp\/v2\/product_cat?post=13920"},{"taxonomy":"product_tag","embeddable":true,"href":"https:\/\/beautysba.co.uk\/lt\/wp-json\/wp\/v2\/product_tag?post=13920"}],"curies":[{"name":"wp","href":"https:\/\/api.w.org\/{rel}","templated":true}]}}