{"id":13932,"date":"2024-07-25T06:04:05","date_gmt":"2024-07-25T06:04:05","guid":{"rendered":"https:\/\/beautysba.co.uk\/product\/%d0%bb%d0%b5%d0%b4%d0%b5%d0%bd%d1%86%d1%8b-%d0%b4%d0%bb%d1%8f-%d0%b3%d0%be%d1%80%d0%bb%d0%b0-%d1%81-%d0%bb%d0%b8%d0%bc%d0%be%d0%bd%d0%be%d0%bc-%d0%b8-%d0%bc%d1%91%d0%b4%d0%be%d0%bc-%d0%b1%d0%b5%d0%b7\/"},"modified":"2026-04-24T09:43:48","modified_gmt":"2026-04-24T09:43:48","slug":"%d0%bb%d0%b5%d0%b4%d0%b5%d0%bd%d1%86%d1%8b-%d0%b4%d0%bb%d1%8f-%d0%b3%d0%be%d1%80%d0%bb%d0%b0-%d1%81-%d0%bb%d0%b8%d0%bc%d0%be%d0%bd%d0%be%d0%bc-%d0%b8-%d0%bc%d1%91%d0%b4%d0%be%d0%bc-%d0%b1%d0%b5%d0%b7","status":"publish","type":"product","link":"https:\/\/beautysba.co.uk\/lt\/produktas\/%d0%bb%d0%b5%d0%b4%d0%b5%d0%bd%d1%86%d1%8b-%d0%b4%d0%bb%d1%8f-%d0%b3%d0%be%d1%80%d0%bb%d0%b0-%d1%81-%d0%bb%d0%b8%d0%bc%d0%be%d0%bd%d0%be%d0%bc-%d0%b8-%d0%bc%d1%91%d0%b4%d0%be%d0%bc-%d0%b1%d0%b5%d0%b7\/","title":{"rendered":"Saldainiai gerklei su citrina ir medumi be cukraus N10 Radograd"},"content":{"rendered":"<p>&#8220;Radograd&#8221; saldaini\u0173 sud\u0117tyje yra nat\u016brali\u0173 ingredient\u0173: kedro aliejin\u0117s dervos, propolio, kedro aliejaus, kurie nuo seno \u017einomi d\u0117l savo teigiamo poveikio gerklei, kv\u0117pavimo takams ir bendrai sveikatai.<\/p>\n<p>Vartojimas: 3-6 gabal\u0117liai per dien\u0105 2-3 valand\u0173 intervalais (nekramtyti).<\/p>\n<p>Sud\u0117tis: cukrus, krakmolo sirupas, nat\u016bralus medus, kedr\u0173 aliejuje esantis kedr\u0173 aliejus, propolis, citrin\u0173 r\u016bg\u0161tis, vitaminas C (askorbo r\u016bg\u0161tis), citrin\u0173 aliejus.<\/p>\n","protected":false},"excerpt":{"rendered":"<p>&#8220;Radograd&#8221; saldaini\u0173 sud\u0117tyje yra nat\u016brali\u0173 ingredient\u0173: kedro aliejin\u0117s dervos, propolio, kedro aliejaus, kurie nuo seno \u017einomi d\u0117l savo&#8230;<\/p>\n","protected":false},"featured_media":13930,"comment_status":"open","ping_status":"closed","template":"","meta":[],"product_brand":[],"product_cat":[333,217,220],"product_tag":[],"class_list":{"0":"post-13932","1":"product","2":"type-product","3":"status-publish","4":"has-post-thumbnail","6":"product_cat-persalimo-ligoms-ir-psichinei-sveikatai","7":"product_cat-sveikatos-prieziura","8":"product_cat-zarnyno-sveikata","10":"first","11":"instock","12":"shipping-taxable","13":"purchasable","14":"product-type-simple"},"_links":{"self":[{"href":"https:\/\/beautysba.co.uk\/lt\/wp-json\/wp\/v2\/product\/13932","targetHints":{"allow":["GET"]}}],"collection":[{"href":"https:\/\/beautysba.co.uk\/lt\/wp-json\/wp\/v2\/product"}],"about":[{"href":"https:\/\/beautysba.co.uk\/lt\/wp-json\/wp\/v2\/types\/product"}],"replies":[{"embeddable":true,"href":"https:\/\/beautysba.co.uk\/lt\/wp-json\/wp\/v2\/comments?post=13932"}],"wp:featuredmedia":[{"embeddable":true,"href":"https:\/\/beautysba.co.uk\/lt\/wp-json\/wp\/v2\/media\/13930"}],"wp:attachment":[{"href":"https:\/\/beautysba.co.uk\/lt\/wp-json\/wp\/v2\/media?parent=13932"}],"wp:term":[{"taxonomy":"product_brand","embeddable":true,"href":"https:\/\/beautysba.co.uk\/lt\/wp-json\/wp\/v2\/product_brand?post=13932"},{"taxonomy":"product_cat","embeddable":true,"href":"https:\/\/beautysba.co.uk\/lt\/wp-json\/wp\/v2\/product_cat?post=13932"},{"taxonomy":"product_tag","embeddable":true,"href":"https:\/\/beautysba.co.uk\/lt\/wp-json\/wp\/v2\/product_tag?post=13932"}],"curies":[{"name":"wp","href":"https:\/\/api.w.org\/{rel}","templated":true}]}}