{"id":13996,"date":"2024-07-25T06:24:58","date_gmt":"2024-07-25T06:24:58","guid":{"rendered":"https:\/\/beautysba.co.uk\/product\/%d0%bc%d1%80%d1%81%d0%ba%d0%b0%d1%8f-%d1%81%d0%be%d0%bb%d1%8c-%d0%b4%d0%bb%d1%8f-%d0%b2%d0%b0%d0%bd%d0%bd-%d1%81-%d0%bf%d0%b5%d0%bd%d0%be%d0%b9-%d0%b8-%d0%ba%d0%b0%d0%be%d0%bb%d0%b8%d0%bd%d0%be%d0%bc\/"},"modified":"2024-07-25T06:28:47","modified_gmt":"2024-07-25T06:28:47","slug":"%d0%bc%d1%80%d1%81%d0%ba%d0%b0%d1%8f-%d1%81%d0%be%d0%bb%d1%8c-%d0%b4%d0%bb%d1%8f-%d0%b2%d0%b0%d0%bd%d0%bd-%d1%81-%d0%bf%d0%b5%d0%bd%d0%be%d0%b9-%d0%b8-%d0%ba%d0%b0%d0%be%d0%bb%d0%b8%d0%bd%d0%be%d0%bc","status":"publish","type":"product","link":"https:\/\/beautysba.co.uk\/lt\/produktas\/%d0%bc%d1%80%d1%81%d0%ba%d0%b0%d1%8f-%d1%81%d0%be%d0%bb%d1%8c-%d0%b4%d0%bb%d1%8f-%d0%b2%d0%b0%d0%bd%d0%bd-%d1%81-%d0%bf%d0%b5%d0%bd%d0%be%d0%b9-%d0%b8-%d0%ba%d0%b0%d0%be%d0%bb%d0%b8%d0%bd%d0%be%d0%bc\/","title":{"rendered":"Vonios druska su putomis ir kaolinu &#8220;Citrin\u017eol\u0117&#8221; 500g Gelana"},"content":{"rendered":"<p>J\u016bros druska vonioms su citrin\u017eoli\u0173 putomis yra nat\u016bralus j\u0117g\u0173 ir energijos \u0161altinis.<br \/>\nVandens proced\u016bros su \u0161iuo produktu suteiks jums nuostab\u0173 teigiam\u0173 emocij\u0173 u\u017etais\u0105.<br \/>\nProduktas praturtintas baltuoju moliu, kuris puikiai nu\u0161vei\u010dia negyvas odos l\u0105steles, gerina kraujotak\u0105 ir normalizuoja pagrindines odos funkcijas.<br \/>\nCitrin\u017eol\u0117s ekstraktas dezodoruoja od\u0105, padeda atkurti prarast\u0105 energij\u0105 ir \u0161alina susikaupus\u012f nuovarg\u012f, o j\u016bros druska tonizuoja vis\u0105 k\u016bn\u0105.<br \/>\nDovanokite sau nuostab\u0173 atsipalaidavim\u0105!<br \/>\nKar\u0161ta vonia su &#8220;Aqua Cosmetics&#8221; druska suteikia galimyb\u0119 i\u0161ties atpalaiduoti k\u016bn\u0105 ir siel\u0105.<br \/>\nNaudojimo instrukcija: 250 g druskos i\u0161tirpinkite po tekan\u010diu \u0161iltu vandeniu (35-37 \u00baC).<br \/>\nVandens proced\u016bros trukm\u0117 15-20 minu\u010di\u0173.<br \/>\nSudedamosios dalys: j\u016bros druska, natrio laureto sulfatas, Cymbopogon Schoenanthus (citrin\u017eoli\u0173 eterinis aliejus), da\u017eiklis CI 19140.        <\/p>\n","protected":false},"excerpt":{"rendered":"<p>J\u016bros druska vonioms su citrin\u017eoli\u0173 putomis yra nat\u016bralus j\u0117g\u0173 ir energijos \u0161altinis. Vandens proced\u016bros su \u0161iuo produktu suteiks jums nuostab\u0173 teigiam\u0173 emocij\u0173 u\u017etais\u0105. Produktas praturtintas baltuoju moliu, kuris puikiai nu\u0161vei\u010dia negyvas odos l\u0105steles, gerina kraujotak\u0105 ir normalizuoja pagrindines odos funkcijas. Citrin\u017eol\u0117s ekstraktas dezodoruoja od\u0105, padeda atkurti prarast\u0105 energij\u0105 ir \u0161alina susikaupus\u012f nuovarg\u012f, o j\u016bros druska [&hellip;]<\/p>\n","protected":false},"featured_media":13994,"comment_status":"open","ping_status":"closed","template":"","meta":[],"product_brand":[],"product_cat":[190,191,276],"product_tag":[],"class_list":{"0":"post-13996","1":"product","2":"type-product","3":"status-publish","4":"has-post-thumbnail","6":"product_cat-prausimosi-priemones2","7":"product_cat-tualeto-reikmenys","8":"product_cat----lt","10":"first","11":"instock","12":"shipping-taxable","13":"purchasable","14":"product-type-simple"},"_links":{"self":[{"href":"https:\/\/beautysba.co.uk\/lt\/wp-json\/wp\/v2\/product\/13996","targetHints":{"allow":["GET"]}}],"collection":[{"href":"https:\/\/beautysba.co.uk\/lt\/wp-json\/wp\/v2\/product"}],"about":[{"href":"https:\/\/beautysba.co.uk\/lt\/wp-json\/wp\/v2\/types\/product"}],"replies":[{"embeddable":true,"href":"https:\/\/beautysba.co.uk\/lt\/wp-json\/wp\/v2\/comments?post=13996"}],"wp:featuredmedia":[{"embeddable":true,"href":"https:\/\/beautysba.co.uk\/lt\/wp-json\/wp\/v2\/media\/13994"}],"wp:attachment":[{"href":"https:\/\/beautysba.co.uk\/lt\/wp-json\/wp\/v2\/media?parent=13996"}],"wp:term":[{"taxonomy":"product_brand","embeddable":true,"href":"https:\/\/beautysba.co.uk\/lt\/wp-json\/wp\/v2\/product_brand?post=13996"},{"taxonomy":"product_cat","embeddable":true,"href":"https:\/\/beautysba.co.uk\/lt\/wp-json\/wp\/v2\/product_cat?post=13996"},{"taxonomy":"product_tag","embeddable":true,"href":"https:\/\/beautysba.co.uk\/lt\/wp-json\/wp\/v2\/product_tag?post=13996"}],"curies":[{"name":"wp","href":"https:\/\/api.w.org\/{rel}","templated":true}]}}