{"id":14002,"date":"2024-07-25T06:26:24","date_gmt":"2024-07-25T06:26:24","guid":{"rendered":"https:\/\/beautysba.co.uk\/product\/%d0%ba%d0%b5%d0%bc-%d0%b4%d0%bb%d1%8f-%d0%bb%d0%b8%d1%86%d0%b0-%d1%87%d0%b8%d1%81%d1%82%d0%b0%d1%8f-%d0%bb%d0%b8%d0%bd%d0%b8%d1%8f-%d1%84%d0%b8%d1%82%d0%be%d1%82%d0%b5%d1%80%d0%b0%d0%bf%d0%b8%d1%8f\/"},"modified":"2024-09-22T15:18:29","modified_gmt":"2024-09-22T15:18:29","slug":"%d0%ba%d0%b5%d0%bc-%d0%b4%d0%bb%d1%8f-%d0%bb%d0%b8%d1%86%d0%b0-%d1%87%d0%b8%d1%81%d1%82%d0%b0%d1%8f-%d0%bb%d0%b8%d0%bd%d0%b8%d1%8f-%d1%84%d0%b8%d1%82%d0%be%d1%82%d0%b5%d1%80%d0%b0%d0%bf%d0%b8%d1%8f","status":"publish","type":"product","link":"https:\/\/beautysba.co.uk\/lt\/produktas\/%d0%ba%d0%b5%d0%bc-%d0%b4%d0%bb%d1%8f-%d0%bb%d0%b8%d1%86%d0%b0-%d1%87%d0%b8%d1%81%d1%82%d0%b0%d1%8f-%d0%bb%d0%b8%d0%bd%d0%b8%d1%8f-%d1%84%d0%b8%d1%82%d0%be%d1%82%d0%b5%d1%80%d0%b0%d0%bf%d0%b8%d1%8f\/","title":{"rendered":"Dieninis kremas veidui Spindesys ir dr\u0117kinimas sausai odai su hialuronu ir ro\u017ei\u0173 ekstraktu Pure Line 40 ml"},"content":{"rendered":"<p>Dienos kremas veidui Spindintis ir dr\u0117kinantis saus\u0105 od\u0105 su hialuronu ir ro\u017ei\u0173 ekstraktu 40 ml Sausai odai reikia ypatingos prie\u017ei\u016bros.<br \/>\nPrek\u0117s \u017eenklo &#8220;Pure Line&#8221; ekspertai suk\u016br\u0117 visapusi\u0161k\u0105 dienos prie\u017ei\u016bros priemon\u0119 sausai odai &#8211; dr\u0117kinam\u0105j\u012f krem\u0105, kurio sud\u0117tyje yra 97 % nat\u016bralios kilm\u0117s komponent\u0173*, \u012fskaitant penki\u0173 NATURE PLUS ekstrakt\u0173 ir aliej\u0173 (verben\u0173 ekstrakto, bij\u016bn\u0173 ekstrakto, migdol\u0173, lin\u0173, alyvuogi\u0173 aliej\u0173) esencij\u0105, ro\u017ei\u0173 ekstrakt\u0105 ir hialuron\u0105.<br \/>\nAktyv\u016bs nat\u016bral\u016bs komponentai maitina, atkuria lipid\u0173 barjer\u0105, u\u017ekerta keli\u0105 smulki\u0173 linij\u0173 ir rauk\u0161li\u0173 atsiradimui.<br \/>\nVeido oda giliai1 sudr\u0117kinama ir i\u0161lieka iki 24 valand\u01732!<br \/>\nVerben\u0173 ekstraktas atkuria dr\u0117gm\u0117s pusiausvyr\u0105 ir tonizuoja.<br \/>\nBij\u016bn\u0173 ekstraktas ir s\u0117men\u0173 aliejus ramina ir mink\u0161tina.<br \/>\nMigdol\u0173 aliejuje yra riebal\u0173 r\u016bg\u0161\u010di\u0173, vitamin\u0173 E ir F, jis maitina ir lygina odos pavir\u0161i\u0173.<br \/>\nFermentuotas alyvuogi\u0173 aliejus yra stiprus nat\u016bralus antioksidantas, maitina ir saugo nuo prie\u0161laikinio sen\u0117jimo.<br \/>\nHialuronas pritraukia vandens molekules ir sukuria plon\u0105 nematom\u0105 pl\u0117vel\u0119 ant veido pavir\u0161iaus, taip prisotindamas dr\u0117gme.<br \/>\nRo\u017ei\u0173 ekstraktas ramina, gaivina, lygina ir suteikia sveiko \u0161vyt\u0117jimo.<br \/>\nRezultatas: lygi, sudr\u0117kinta ir \u0161vytinti oda, paruo\u0161ta makia\u017eui.<br \/>\nKad poveikis b\u016bt\u0173 geriausias, derinkite su maitinamuoju naktiniu kremu &#8220;Pure Line&#8221;, skirtu sausai odai.<br \/>\nSud\u0117tis: vanduo*, glicerinas, propilenglikolis, ciklopentasiloksanas, glicerilo stearatas, dimetikonas, izopropilo izostearatas, izodecilo neopentanoatas, cetearilo alkoholis, izopropilo miristatas, ro\u017e\u0117s \u017eied\u0173 ekstraktas*; Sine Adipe Lac, Mangifera Indica (Mango) sultys*, Mel*, Oryza Sativa (Ry\u017ei\u0173) gemal\u0173 aliejus*, Persea Gratissima (Avokad\u0173) aliejus*, Pistacia Vera s\u0117kl\u0173 aliejus*, Prunus Armeniaca (Abrikos\u0173) branduoli\u0173 aliejus*, Prunus Persica (Persik\u0173) branduoli\u0173 aliejus*; Althaea Officinalis \u0161akn\u0173 ekstraktas*, alantoinas, pantenolis, pantolaktonas, kalio cetilo fosfatas, PEG-40 hidrogenizuotas ricin\u0173 aliejus, 1,2 heksanediolis, kaprilinis glikolis, tridecetas-9; Akrilat\u0173\/C10-30 alkilo akrilato kry\u017epolimeras, trietanolaminas, dinatrio EDTA, parfumas, metilparabenas, etilparabenas, DMDM hidantoinas, natrio benzoatas, butilfenilmetilpropionalas, citralis, heksilcinnamalas, limonenas, linalolis, CI 77891;            <\/p>\n","protected":false},"excerpt":{"rendered":"<p>Nauda Sausai odai Penki\u0173 ekstrakt\u0173 ir aliej\u0173 esencija NATURE PLUS 97 % nat\u016brali\u0173 ingredient\u0173*.<br \/>\n*nat\u016bralios kilm\u0117s komponentai, nurodyti ant pakuot\u0117s su hialuronu ir ro\u017ei\u0173 ekstraktu Giliai** dr\u0117kina.<br \/>\n** epidermyje.<br \/>\nTinka dieninei prie\u017ei\u016brai   <\/p>\n","protected":false},"featured_media":14000,"comment_status":"open","ping_status":"closed","template":"","meta":[],"product_brand":[],"product_cat":[209,127],"product_tag":[],"class_list":{"0":"post-14002","1":"product","2":"type-product","3":"status-publish","4":"has-post-thumbnail","6":"product_cat-naktiniai-kremai","7":"product_cat-veidas","9":"first","10":"outofstock","11":"shipping-taxable","12":"purchasable","13":"product-type-simple"},"_links":{"self":[{"href":"https:\/\/beautysba.co.uk\/lt\/wp-json\/wp\/v2\/product\/14002","targetHints":{"allow":["GET"]}}],"collection":[{"href":"https:\/\/beautysba.co.uk\/lt\/wp-json\/wp\/v2\/product"}],"about":[{"href":"https:\/\/beautysba.co.uk\/lt\/wp-json\/wp\/v2\/types\/product"}],"replies":[{"embeddable":true,"href":"https:\/\/beautysba.co.uk\/lt\/wp-json\/wp\/v2\/comments?post=14002"}],"wp:featuredmedia":[{"embeddable":true,"href":"https:\/\/beautysba.co.uk\/lt\/wp-json\/wp\/v2\/media\/14000"}],"wp:attachment":[{"href":"https:\/\/beautysba.co.uk\/lt\/wp-json\/wp\/v2\/media?parent=14002"}],"wp:term":[{"taxonomy":"product_brand","embeddable":true,"href":"https:\/\/beautysba.co.uk\/lt\/wp-json\/wp\/v2\/product_brand?post=14002"},{"taxonomy":"product_cat","embeddable":true,"href":"https:\/\/beautysba.co.uk\/lt\/wp-json\/wp\/v2\/product_cat?post=14002"},{"taxonomy":"product_tag","embeddable":true,"href":"https:\/\/beautysba.co.uk\/lt\/wp-json\/wp\/v2\/product_tag?post=14002"}],"curies":[{"name":"wp","href":"https:\/\/api.w.org\/{rel}","templated":true}]}}