{"id":14071,"date":"2024-08-22T10:32:44","date_gmt":"2024-08-22T10:32:44","guid":{"rendered":"https:\/\/beautysba.co.uk\/product\/sence-regular-%d0%b1%d0%b0%d0%bb%d1%8c%d0%b7%d0%b0%d0%bc-%d0%b4%d0%bb%d1%8f-%d0%b3%d1%83%d0%b1-2-x-43-%d0%b3\/"},"modified":"2024-09-22T15:18:07","modified_gmt":"2024-09-22T15:18:07","slug":"sence-regular-%d0%b1%d0%b0%d0%bb%d1%8c%d0%b7%d0%b0%d0%bc-%d0%b4%d0%bb%d1%8f-%d0%b3%d1%83%d0%b1-2-x-43-%d0%b3","status":"publish","type":"product","link":"https:\/\/beautysba.co.uk\/lt\/produktas\/sence-regular-%d0%b1%d0%b0%d0%bb%d1%8c%d0%b7%d0%b0%d0%bc-%d0%b4%d0%bb%d1%8f-%d0%b3%d1%83%d0%b1-2-x-43-%d0%b3\/","title":{"rendered":"&#8220;Sence Regular&#8221; l\u016bp\u0173 balzamas 2 x 4,3 g"},"content":{"rendered":"<p>\u0160is i\u0161radingos sud\u0117ties l\u016bp\u0173 balzamas puikiai tinka naudoti keliaujant: \u012fsid\u0117kite j\u012f \u012f ki\u0161en\u0119 ar rankin\u0119 ir m\u0117gaukit\u0117s dr\u0117kinan\u010dia, raminan\u010dia formule, kai tik prireiks.<\/p>\n","protected":false},"excerpt":{"rendered":"<p>\u0160is i\u0161radingos sud\u0117ties l\u016bp\u0173 balzamas puikiai tinka naudoti keliaujant: \u012fsid\u0117kite j\u012f \u012f ki\u0161en\u0119 ar rankin\u0119 ir m\u0117gaukit\u0117s dr\u0117kinan\u010dia, raminan\u010dia formule, kai tik prireiks.<\/p>\n","protected":false},"featured_media":14069,"comment_status":"open","ping_status":"closed","template":"","meta":[],"product_brand":[],"product_cat":[196,199],"product_tag":[],"class_list":{"0":"post-14071","1":"product","2":"type-product","3":"status-publish","4":"has-post-thumbnail","6":"product_cat-lupu-prieziura","7":"product_cat-makiazas","9":"first","10":"instock","11":"shipping-taxable","12":"purchasable","13":"product-type-simple"},"_links":{"self":[{"href":"https:\/\/beautysba.co.uk\/lt\/wp-json\/wp\/v2\/product\/14071","targetHints":{"allow":["GET"]}}],"collection":[{"href":"https:\/\/beautysba.co.uk\/lt\/wp-json\/wp\/v2\/product"}],"about":[{"href":"https:\/\/beautysba.co.uk\/lt\/wp-json\/wp\/v2\/types\/product"}],"replies":[{"embeddable":true,"href":"https:\/\/beautysba.co.uk\/lt\/wp-json\/wp\/v2\/comments?post=14071"}],"wp:featuredmedia":[{"embeddable":true,"href":"https:\/\/beautysba.co.uk\/lt\/wp-json\/wp\/v2\/media\/14069"}],"wp:attachment":[{"href":"https:\/\/beautysba.co.uk\/lt\/wp-json\/wp\/v2\/media?parent=14071"}],"wp:term":[{"taxonomy":"product_brand","embeddable":true,"href":"https:\/\/beautysba.co.uk\/lt\/wp-json\/wp\/v2\/product_brand?post=14071"},{"taxonomy":"product_cat","embeddable":true,"href":"https:\/\/beautysba.co.uk\/lt\/wp-json\/wp\/v2\/product_cat?post=14071"},{"taxonomy":"product_tag","embeddable":true,"href":"https:\/\/beautysba.co.uk\/lt\/wp-json\/wp\/v2\/product_tag?post=14071"}],"curies":[{"name":"wp","href":"https:\/\/api.w.org\/{rel}","templated":true}]}}