{"id":14095,"date":"2024-08-22T10:45:05","date_gmt":"2024-08-22T10:45:05","guid":{"rendered":"https:\/\/beautysba.co.uk\/product\/shine-nutrition-%d0%b1%d0%b0%d0%bb%d1%8c%d0%b7%d0%b0%d0%bc-%d1%81%d0%b8%d1%8f%d0%bd%d0%b8%d0%b5-%d0%bc%d0%b0%d1%81%d0%bb%d0%be-%d0%b0%d1%80%d0%b3%d0%b0%d0%bd%d1%8b-%d0%b6%d0%b8%d0%b4%d0%ba%d0%b8\/"},"modified":"2024-10-16T11:52:34","modified_gmt":"2024-10-16T11:52:34","slug":"shine-nutrition-%d0%b1%d0%b0%d0%bb%d1%8c%d0%b7%d0%b0%d0%bc-%d1%81%d0%b8%d1%8f%d0%bd%d0%b8%d0%b5-%d0%bc%d0%b0%d1%81%d0%bb%d0%be-%d0%b0%d1%80%d0%b3%d0%b0%d0%bd%d1%8b-%d0%b6%d0%b8%d0%b4%d0%ba%d0%b8","status":"publish","type":"product","link":"https:\/\/beautysba.co.uk\/lt\/produktas\/shine-nutrition-%d0%b1%d0%b0%d0%bb%d1%8c%d0%b7%d0%b0%d0%bc-%d1%81%d0%b8%d1%8f%d0%bd%d0%b8%d0%b5-%d0%bc%d0%b0%d1%81%d0%bb%d0%be-%d0%b0%d1%80%d0%b3%d0%b0%d0%bd%d1%8b-%d0%b6%d0%b8%d0%b4%d0%ba%d0%b8\/","title":{"rendered":"Shine Nutrition Balzamas Shine Argan Oil + Liquid Silk vis\u0173 tip\u0173 plaukams 500ml"},"content":{"rendered":"<p>Speciali balzamo formul\u0117 leid\u017eia visapusi\u0161kai r\u016bpintis plaukais, padaryti juos ne\u012ftik\u0117tinai gra\u017eius ir sveikus. Itin lengvas argano aliejus prisotina plaukus ir galvos od\u0105 maistingosiomis med\u017eiagomis, atgaivina, gr\u0105\u017eina nat\u016brali\u0105 j\u0117g\u0105. Skysto \u0161ilko molekul\u0117s suteikia plaukams elastingumo ir veidrodinio blizgesio. Abrikos\u0173 kauliuk\u0173 aliejus intensyviai maitina ir dr\u0117kina plaukus, o nat\u016bralus kondicionierius betainas suteikia plaukams glotnumo ir paklusnumo. Rekomenduojama naudoti kartu su \u0161amp\u016bnu &#8220;Shine and Nourish&#8221; Argano aliejus + skystas \u0161ilkas Rezultatas: gra\u017e\u016bs, sveiki, veidrodinio blizgesio plaukai.<\/p>\n<p>Pastaba Naudojimas: tepkite ant i\u0161plaut\u0173 plauk\u0173, po 1-2 min. i\u0161skalaukite vandeniu Sud\u0117tis:<br \/>\nSud\u0117tis: vanduo, cetearilo alkoholis, cetrimonio chloridas, sintetinis bi\u010di\u0173 va\u0161kas, Prunus Armeniaca (abrikos\u0173) s\u0117kl\u0173 aliejus, quaternium-87, dimetikonas, amodimetikonas, tridecet-12, quaternium-18 silikonas, tridecet-6, kvepal\u0173 sud\u0117tis, betainas, polikvaternis-10, EDTA natrio druska, metilparabenas, benzilo alkoholis, metilchlorizotiazolinonas, metilizotiazolinonas, Argania spinosa (argano) s\u0117kl\u0173 aliejus, augalinis aliejus, \u0161ilko aminor\u016bg\u0161tys, propilparabenas, citrin\u0173 r\u016bg\u0161tis, heksilcinnamalas, CI 15985.   <\/p>\n","protected":false},"excerpt":{"rendered":"<p>Speciali balzamo formul\u0117 leid\u017eia visapusi\u0161kai r\u016bpintis plaukais, padaryti juos ne\u012ftik\u0117tinai gra\u017eius ir sveikus. Itin lengvas argano aliejus prisotina plaukus ir galvos od\u0105 maistingosiomis med\u017eiagomis, atgaivina, gr\u0105\u017eina nat\u016brali\u0105 j\u0117g\u0105. Skysto \u0161ilko molekul\u0117s suteikia plaukams elastingumo ir veidrodinio blizgesio. Abrikos\u0173 kauliuk\u0173 aliejus intensyviai maitina ir dr\u0117kina plaukus, o nat\u016bralus kondicionierius betainas suteikia plaukams glotnumo ir paklusnumo. Rekomenduojama [&hellip;]<\/p>\n","protected":false},"featured_media":14093,"comment_status":"open","ping_status":"closed","template":"","meta":[],"product_brand":[],"product_cat":[211,212,214],"product_tag":[],"class_list":{"0":"post-14095","1":"product","2":"type-product","3":"status-publish","4":"has-post-thumbnail","6":"product_cat-hair-lt","7":"product_cat-kondicionieriai-balzamai","8":"product_cat-plauku-kaukes","10":"first","11":"outofstock","12":"shipping-taxable","13":"purchasable","14":"product-type-simple"},"_links":{"self":[{"href":"https:\/\/beautysba.co.uk\/lt\/wp-json\/wp\/v2\/product\/14095","targetHints":{"allow":["GET"]}}],"collection":[{"href":"https:\/\/beautysba.co.uk\/lt\/wp-json\/wp\/v2\/product"}],"about":[{"href":"https:\/\/beautysba.co.uk\/lt\/wp-json\/wp\/v2\/types\/product"}],"replies":[{"embeddable":true,"href":"https:\/\/beautysba.co.uk\/lt\/wp-json\/wp\/v2\/comments?post=14095"}],"wp:featuredmedia":[{"embeddable":true,"href":"https:\/\/beautysba.co.uk\/lt\/wp-json\/wp\/v2\/media\/14093"}],"wp:attachment":[{"href":"https:\/\/beautysba.co.uk\/lt\/wp-json\/wp\/v2\/media?parent=14095"}],"wp:term":[{"taxonomy":"product_brand","embeddable":true,"href":"https:\/\/beautysba.co.uk\/lt\/wp-json\/wp\/v2\/product_brand?post=14095"},{"taxonomy":"product_cat","embeddable":true,"href":"https:\/\/beautysba.co.uk\/lt\/wp-json\/wp\/v2\/product_cat?post=14095"},{"taxonomy":"product_tag","embeddable":true,"href":"https:\/\/beautysba.co.uk\/lt\/wp-json\/wp\/v2\/product_tag?post=14095"}],"curies":[{"name":"wp","href":"https:\/\/api.w.org\/{rel}","templated":true}]}}