{"id":14129,"date":"2024-09-12T06:50:05","date_gmt":"2024-09-12T06:50:05","guid":{"rendered":"https:\/\/beautysba.co.uk\/product\/%d0%bc%d0%b0%d1%81%d0%bb%d0%be-%d0%b4%d0%bb%d1%8f-%d0%b1%d1%80%d0%be%d0%b2%d0%b5%d0%b9-%d0%b8-%d1%80%d0%b5%d1%81%d0%bd%d0%b8%d1%86-10-%d0%bc%d0%bb-botanica\/"},"modified":"2024-11-27T13:38:43","modified_gmt":"2024-11-27T13:38:43","slug":"%d0%bc%d0%b0%d1%81%d0%bb%d0%be-%d0%b4%d0%bb%d1%8f-%d0%b1%d1%80%d0%be%d0%b2%d0%b5%d0%b9-%d0%b8-%d1%80%d0%b5%d1%81%d0%bd%d0%b8%d1%86-10-%d0%bc%d0%bb-botanica","status":"publish","type":"product","link":"https:\/\/beautysba.co.uk\/lt\/produktas\/%d0%bc%d0%b0%d1%81%d0%bb%d0%be-%d0%b4%d0%bb%d1%8f-%d0%b1%d1%80%d0%be%d0%b2%d0%b5%d0%b9-%d0%b8-%d1%80%d0%b5%d1%81%d0%bd%d0%b8%d1%86-10-%d0%bc%d0%bb-botanica\/","title":{"rendered":"Antaki\u0173 ir blakstien\u0173 aliejus, 10 ml Botanica"},"content":{"rendered":"<p>&#8220;Botanica&#8221; antaki\u0173 ir blakstien\u0173 aliejus &#8211; skatina augim\u0105, intensyviai dr\u0117kina ir atkuria apimt\u012f.<br \/>\nJis stiprina, apsaugo ir maitina plauko \u017eiev\u0119.<br \/>\nBlakstien\u0173 ir antaki\u0173 augimo aliejaus sud\u0117tyje yra nat\u016brali\u0173 ir maitinam\u0173j\u0173 ingredient\u0173 kompleksas: \u0161altalanki\u0173, persik\u0173, migdol\u0173 ir vynuogi\u0173 kauliuk\u0173 aliejus &#8211; didina kraujotak\u0105 ir atkuria med\u017eiag\u0173 apykait\u0105 odoje, suteikia plaukams \u017evilgesio, glotnumo ir nat\u016bralaus gro\u017eio.<br \/>\nSud\u0117tis (INCI): Sud\u0117tis: usmi\u0173 aliejus, ropi\u0173 aliejus, migdol\u0173 aliejus, ricinos aliejus, simondsij\u0173 aliejus, ramun\u0117li\u0173 ekstraktas, vitaminas E.<br \/>\nNaudojimas: Antakiams: specialiu \u0161epet\u0117liu tepkite aliej\u0173 ant saus\u0173 ir nuvalyt\u0173 antaki\u0173.<br \/>\nPalikite j\u012f 30-60 minu\u010di\u0173, tada nesugert\u0105 aliej\u0173 pa\u0161alinkite servet\u0117le arba vatos diskeliu.<br \/>\nBlakstienoms: tepkite aliej\u0173 ant saus\u0173 ir nuvalyt\u0173 blakstien\u0173, tolygiai paskirstydami ant vir\u0161utini\u0173 ir apatini\u0173 blakstien\u0173.       Venkite patekimo \u012f akis. Palikite 30-60 minu\u010di\u0173, tada \u0161velniai pa\u0161alinkite ne\u012fsig\u0117rus\u012f aliej\u0173 servet\u0117le arba medvilniniu disku.<br \/>\nRekomenduojamas 3-4 savai\u010di\u0173 kursas antaki\u0173 ir blakstien\u0173 augimui stiprinti ir skatinti.<br \/>\nProfilakti\u0161kai aliej\u0173 rekomenduojama naudoti 3 kartus per savait\u0119 vien\u0105 m\u0117nes\u012f.<br \/>\n\u012esp\u0117jimai: Nenaudoti esant padid\u0117jusiam jautrumui bet kuriai sudedamajai daliai.<br \/>\nAtsiradus alerginei reakcijai, nutraukite naudojim\u0105 ir kreipkit\u0117s \u012f gydytoj\u0105.     Tik i\u0161oriniam naudojimui. Vengti patekimo \u012f akis. Patekus \u012f akis, kruop\u0161\u010diai praplaukite akis vandeniu.<br \/>\nLaikyti +5\u00baC &#8211; +25\u00baC temperat\u016broje, sausoje, tamsioje, vaikams nepasiekiamoje vietoje. <\/p>\n","protected":false},"excerpt":{"rendered":"<p>&#8220;Botanica&#8221; antaki\u0173 ir blakstien\u0173 aliejus &#8211; skatina augim\u0105, intensyviai dr\u0117kina ir atkuria apimt\u012f. Jis stiprina, apsaugo ir maitina plauko \u017eiev\u0119. Blakstien\u0173 ir antaki\u0173 augimo aliejaus sud\u0117tyje yra nat\u016brali\u0173 ir maitinam\u0173j\u0173 ingredient\u0173 kompleksas: \u0161altalanki\u0173, persik\u0173, migdol\u0173 ir vynuogi\u0173 kauliuk\u0173 aliejus &#8211; didina kraujotak\u0105 ir atkuria med\u017eiag\u0173 apykait\u0105 odoje, suteikia plaukams \u017evilgesio, glotnumo ir nat\u016bralaus gro\u017eio. Sud\u0117tis [&hellip;]<\/p>\n","protected":false},"featured_media":14127,"comment_status":"open","ping_status":"closed","template":"","meta":[],"product_brand":[],"product_cat":[215,211,192],"product_tag":[],"class_list":{"0":"post-14129","1":"product","2":"type-product","3":"status-publish","4":"has-post-thumbnail","6":"product_cat-aliejai-serumai","7":"product_cat-hair-lt","8":"product_cat-naujienos","10":"first","11":"outofstock","12":"shipping-taxable","13":"purchasable","14":"product-type-simple"},"_links":{"self":[{"href":"https:\/\/beautysba.co.uk\/lt\/wp-json\/wp\/v2\/product\/14129","targetHints":{"allow":["GET"]}}],"collection":[{"href":"https:\/\/beautysba.co.uk\/lt\/wp-json\/wp\/v2\/product"}],"about":[{"href":"https:\/\/beautysba.co.uk\/lt\/wp-json\/wp\/v2\/types\/product"}],"replies":[{"embeddable":true,"href":"https:\/\/beautysba.co.uk\/lt\/wp-json\/wp\/v2\/comments?post=14129"}],"wp:featuredmedia":[{"embeddable":true,"href":"https:\/\/beautysba.co.uk\/lt\/wp-json\/wp\/v2\/media\/14127"}],"wp:attachment":[{"href":"https:\/\/beautysba.co.uk\/lt\/wp-json\/wp\/v2\/media?parent=14129"}],"wp:term":[{"taxonomy":"product_brand","embeddable":true,"href":"https:\/\/beautysba.co.uk\/lt\/wp-json\/wp\/v2\/product_brand?post=14129"},{"taxonomy":"product_cat","embeddable":true,"href":"https:\/\/beautysba.co.uk\/lt\/wp-json\/wp\/v2\/product_cat?post=14129"},{"taxonomy":"product_tag","embeddable":true,"href":"https:\/\/beautysba.co.uk\/lt\/wp-json\/wp\/v2\/product_tag?post=14129"}],"curies":[{"name":"wp","href":"https:\/\/api.w.org\/{rel}","templated":true}]}}