{"id":14135,"date":"2024-09-12T06:56:38","date_gmt":"2024-09-12T06:56:38","guid":{"rendered":"https:\/\/beautysba.co.uk\/product\/%d1%81%d0%be%d0%bb%d1%8c-%d0%ba%d0%be%d1%81%d0%bc%d0%b5%d1%82%d0%b8%d1%87%d0%b5%d1%81%d0%ba%d0%b0%d1%8f-%d0%bc%d0%be%d1%80%d1%81%d0%ba%d0%b0%d1%8f-%d0%b0%d1%80%d0%be%d0%bc%d0%b0%d1%82%d0%b8%d0%b7\/"},"modified":"2024-09-22T15:18:16","modified_gmt":"2024-09-22T15:18:16","slug":"%d1%81%d0%be%d0%bb%d1%8c-%d0%ba%d0%be%d1%81%d0%bc%d0%b5%d1%82%d0%b8%d1%87%d0%b5%d1%81%d0%ba%d0%b0%d1%8f-%d0%bc%d0%be%d1%80%d1%81%d0%ba%d0%b0%d1%8f-%d0%b0%d1%80%d0%be%d0%bc%d0%b0%d1%82%d0%b8%d0%b7","status":"publish","type":"product","link":"https:\/\/beautysba.co.uk\/lt\/produktas\/%d1%81%d0%be%d0%bb%d1%8c-%d0%ba%d0%be%d1%81%d0%bc%d0%b5%d1%82%d0%b8%d1%87%d0%b5%d1%81%d0%ba%d0%b0%d1%8f-%d0%bc%d0%be%d1%80%d1%81%d0%ba%d0%b0%d1%8f-%d0%b0%d1%80%d0%be%d0%bc%d0%b0%d1%82%d0%b8%d0%b7\/","title":{"rendered":"Kosmetin\u0117 j\u016bros druska su \u017eali\u0173j\u0173 obuoli\u0173 skoniu, 1,1 kg"},"content":{"rendered":"<p>Apra\u0161ymas: BRIZE \u017daliojo obuolio vonios druska yra unikalios sud\u0117ties, joje gausu gyvybi\u0161kai svarbi\u0173 j\u016brin\u0117s kilm\u0117s mikroelement\u0173.<br \/>\nPagrindin\u0117 sudedamoji dalis &#8211; sen\u0173j\u0173 j\u016br\u0173 druska, kurios kristaluose i\u0161liko nauding\u0173 mineral\u0173 ir organini\u0173 med\u017eiag\u0173, suteikian\u010di\u0173 druskai b\u016bding\u0105 spalv\u0105 ir teigiam\u0105 poveik\u012f organizmui.<br \/>\nReguliarus druskos voni\u0173 naudojimas padeda suma\u017einti stres\u0105, nuovarg\u012f ir pagerinti bendr\u0105 savijaut\u0105.<br \/>\nJ\u016bros druskoje esan\u010dios naudingosios med\u017eiagos prasiskverbia per od\u0105, padeda stiprinti imunin\u0119 sistem\u0105, gerina kraujotak\u0105, normalizuoja med\u017eiag\u0173 apykait\u0105, skatina l\u0105steli\u0173 regeneracij\u0105 ir atjaun\u0117jim\u0105.<br \/>\nNaudojimo instrukcija: Vonios: 100-150 g druskos i\u0161tirpinkite 35\u00ba-37\u00baC temperat\u016bros \u0161iltame vandenyje.<br \/>\nVonios trukm\u0117 &#8211; 15-20 min.<br \/>\nRank\u0173 vonel\u0117s: 30-50 g druskos i\u0161tirpinti stiklin\u0117je \u0161ilto 37\u00ba-40\u00baC temperat\u016bros vandens.<br \/>\nPir\u0161t\u0173 galiukus mirkykite 15 minu\u010di\u0173.<br \/>\nKoj\u0173 vonel\u0117s: i\u0161tirpinkite 30-50 g druskos litre 40\u00ba-42\u00baC temperat\u016bros vandens.<br \/>\nVonel\u0117s trukm\u0117 15-20 minu\u010di\u0173.<br \/>\n\u012esp\u0117jimai: Nenaudokite, jei esate padid\u0117jusio jautrumo kuriai nors sudedamajai daliai.<br \/>\nJei pasirei\u0161k\u0117 alergin\u0117s reakcijos, nutraukite naudojim\u0105 ir kreipkit\u0117s \u012f gydytoj\u0105.            Tik i\u0161oriniam naudojimui. Venkite patekimo \u012f akis. Patekus \u012f akis, kruop\u0161\u010diai nuplaukite vandeniu.<br \/>\nLaikyti sausoje ir tamsioje, vaikams nepasiekiamoje vietoje, nuo +5\u00baC iki +25\u00baC temperat\u016broje.<br \/>\nGrynasis svoris: 1,1 kg Tinkamumo laikas: \u017er. pakuot\u0119.<br \/>\nGamintojas: Medicalfort, Baltarusija   <\/p>\n","protected":false},"excerpt":{"rendered":"<p>Apra\u0161ymas: BRIZE \u017daliojo obuolio vonios druska yra unikalios sud\u0117ties, joje gausu gyvybi\u0161kai svarbi\u0173 j\u016brin\u0117s kilm\u0117s mikroelement\u0173. Pagrindin\u0117 sudedamoji dalis &#8211; sen\u0173j\u0173 j\u016br\u0173 druska, kurios kristaluose i\u0161liko nauding\u0173 mineral\u0173 ir organini\u0173 med\u017eiag\u0173, suteikian\u010di\u0173 druskai b\u016bding\u0105 spalv\u0105 ir teigiam\u0105 poveik\u012f organizmui. Reguliarus druskos voni\u0173 naudojimas padeda suma\u017einti stres\u0105, nuovarg\u012f ir pagerinti bendr\u0105 savijaut\u0105. J\u016bros druskoje esan\u010dios naudingosios [&hellip;]<\/p>\n","protected":false},"featured_media":14133,"comment_status":"open","ping_status":"closed","template":"","meta":[],"product_brand":[],"product_cat":[191,276],"product_tag":[],"class_list":{"0":"post-14135","1":"product","2":"type-product","3":"status-publish","4":"has-post-thumbnail","6":"product_cat-tualeto-reikmenys","7":"product_cat----lt","9":"first","10":"outofstock","11":"shipping-taxable","12":"purchasable","13":"product-type-simple"},"_links":{"self":[{"href":"https:\/\/beautysba.co.uk\/lt\/wp-json\/wp\/v2\/product\/14135","targetHints":{"allow":["GET"]}}],"collection":[{"href":"https:\/\/beautysba.co.uk\/lt\/wp-json\/wp\/v2\/product"}],"about":[{"href":"https:\/\/beautysba.co.uk\/lt\/wp-json\/wp\/v2\/types\/product"}],"replies":[{"embeddable":true,"href":"https:\/\/beautysba.co.uk\/lt\/wp-json\/wp\/v2\/comments?post=14135"}],"wp:featuredmedia":[{"embeddable":true,"href":"https:\/\/beautysba.co.uk\/lt\/wp-json\/wp\/v2\/media\/14133"}],"wp:attachment":[{"href":"https:\/\/beautysba.co.uk\/lt\/wp-json\/wp\/v2\/media?parent=14135"}],"wp:term":[{"taxonomy":"product_brand","embeddable":true,"href":"https:\/\/beautysba.co.uk\/lt\/wp-json\/wp\/v2\/product_brand?post=14135"},{"taxonomy":"product_cat","embeddable":true,"href":"https:\/\/beautysba.co.uk\/lt\/wp-json\/wp\/v2\/product_cat?post=14135"},{"taxonomy":"product_tag","embeddable":true,"href":"https:\/\/beautysba.co.uk\/lt\/wp-json\/wp\/v2\/product_tag?post=14135"}],"curies":[{"name":"wp","href":"https:\/\/api.w.org\/{rel}","templated":true}]}}