{"id":14148,"date":"2024-09-16T12:02:00","date_gmt":"2024-09-16T12:02:00","guid":{"rendered":"https:\/\/beautysba.co.uk\/product\/%d0%bc%d0%be%d1%80%d1%81%d0%ba%d0%b0%d1%8f-%d1%81%d0%be%d0%bb%d1%8c-%d0%bb%d0%b5%d1%81%d0%bd%d1%8b%d0%b5-%d1%8f%d0%b3%d0%be%d0%b4%d1%8b-1100-%d0%b3-brize\/"},"modified":"2024-09-22T15:18:14","modified_gmt":"2024-09-22T15:18:14","slug":"%d0%bc%d0%be%d1%80%d1%81%d0%ba%d0%b0%d1%8f-%d1%81%d0%be%d0%bb%d1%8c-%d0%bb%d0%b5%d1%81%d0%bd%d1%8b%d0%b5-%d1%8f%d0%b3%d0%be%d0%b4%d1%8b-1100-%d0%b3-brize","status":"publish","type":"product","link":"https:\/\/beautysba.co.uk\/lt\/produktas\/%d0%bc%d0%be%d1%80%d1%81%d0%ba%d0%b0%d1%8f-%d1%81%d0%be%d0%bb%d1%8c-%d0%bb%d0%b5%d1%81%d0%bd%d1%8b%d0%b5-%d1%8f%d0%b3%d0%be%d0%b4%d1%8b-1100-%d0%b3-brize\/","title":{"rendered":"Mi\u0161ko uog\u0173 j\u016bros druska, 1100 g BRIZE"},"content":{"rendered":"<p>BRIZE j\u016bros druska &#8220;Mi\u0161ko uogos&#8221;, 1100 g Apra\u0161ymas: BRIZE j\u016bros druska &#8220;Mi\u0161ko uogos&#8221; pasi\u017eymi unikalia sud\u0117timi, kurioje gausu gyvybi\u0161kai svarbi\u0173 j\u016brin\u0117s kilm\u0117s mikroelement\u0173.<br \/>\nPagrindin\u0117 druskos sudedamoji dalis yra sen\u0173j\u0173 j\u016br\u0173 druska, kurios kristalai i\u0161saugojo nauding\u0173 mineral\u0173 ir organini\u0173 med\u017eiag\u0173 kompleks\u0105.<br \/>\n\u0160ie komponentai suteikia druskai b\u016bding\u0105 spalv\u0105 ir teigiamai veikia organizm\u0105, padeda ma\u017einti stres\u0105 ir nuovarg\u012f.<br \/>\nJ\u016bros druskos vonios &#8211; tai paprastas ir patogus b\u016bdas pasinaudoti naudingomis j\u016bros druskos savyb\u0117mis.<br \/>\nDruskoje esan\u010dios naudingosios med\u017eiagos per od\u0105 prasiskverbia \u012f organizm\u0105, stiprina imunin\u0119 sistem\u0105, gerina kraujotak\u0105, normalizuoja med\u017eiag\u0173 apykait\u0105, skatina l\u0105steli\u0173 regeneracij\u0105 ir jaunina organizm\u0105.<br \/>\nGrynasis kiekis: 1,1 kg Naudojimas: Vonios: 100-150 g druskos i\u0161tirpinkite po 35\u00ba-37\u00baC temperat\u016bros \u0161ilto vandens srove.<br \/>\nVonios trukm\u0117 15-20 min.<br \/>\nRank\u0173 vonios: 30-50 g druskos i\u0161tirpinti stiklin\u0117je \u0161ilto 37\u00ba-40\u00baC temperat\u016bros vandens.<br \/>\nSupilkite tirpal\u0105 \u012f duben\u0117l\u012f ir panardinkite pir\u0161t\u0173 galiukus 15 minu\u010di\u0173.<br \/>\nKoj\u0173 vonel\u0117s: i\u0161tirpinkite 30-50 g druskos litre 40\u00ba-42\u00baC temperat\u016bros vandens.<br \/>\nVonel\u0117s trukm\u0117 15-20 minu\u010di\u0173.<br \/>\n\u012esp\u0117jimai: Nenaudoti esant padid\u0117jusiam jautrumui sudedamosioms dalims.<br \/>\nJei pasirei\u0161k\u0117 alergin\u0117s reakcijos, nutraukite naudojim\u0105 ir kreipkit\u0117s \u012f gydytoj\u0105.             Tik i\u0161oriniam naudojimui. Venkite patekimo \u012f akis. Patekus \u012f akis, kruop\u0161\u010diai nuplaukite vandeniu.<br \/>\nLaikyti +5\u00baC &#8211; +25\u00baC temperat\u016broje, sausoje, tamsioje, vaikams nepasiekiamoje vietoje. <\/p>\n","protected":false},"excerpt":{"rendered":"<p>BRIZE j\u016bros druska &#8220;Mi\u0161ko uogos&#8221;, 1100 g Apra\u0161ymas: BRIZE j\u016bros druska &#8220;Mi\u0161ko uogos&#8221; pasi\u017eymi unikalia sud\u0117timi, kurioje gausu gyvybi\u0161kai svarbi\u0173 j\u016brin\u0117s kilm\u0117s mikroelement\u0173. Pagrindin\u0117 druskos sudedamoji dalis yra sen\u0173j\u0173 j\u016br\u0173 druska, kurios kristalai i\u0161saugojo nauding\u0173 mineral\u0173 ir organini\u0173 med\u017eiag\u0173 kompleks\u0105. \u0160ie komponentai suteikia druskai b\u016bding\u0105 spalv\u0105 ir teigiamai veikia organizm\u0105, padeda ma\u017einti stres\u0105 ir nuovarg\u012f. [&hellip;]<\/p>\n","protected":false},"featured_media":14146,"comment_status":"open","ping_status":"closed","template":"","meta":[],"product_brand":[],"product_cat":[190,191,276],"product_tag":[],"class_list":{"0":"post-14148","1":"product","2":"type-product","3":"status-publish","4":"has-post-thumbnail","6":"product_cat-prausimosi-priemones2","7":"product_cat-tualeto-reikmenys","8":"product_cat----lt","10":"first","11":"outofstock","12":"shipping-taxable","13":"purchasable","14":"product-type-simple"},"_links":{"self":[{"href":"https:\/\/beautysba.co.uk\/lt\/wp-json\/wp\/v2\/product\/14148","targetHints":{"allow":["GET"]}}],"collection":[{"href":"https:\/\/beautysba.co.uk\/lt\/wp-json\/wp\/v2\/product"}],"about":[{"href":"https:\/\/beautysba.co.uk\/lt\/wp-json\/wp\/v2\/types\/product"}],"replies":[{"embeddable":true,"href":"https:\/\/beautysba.co.uk\/lt\/wp-json\/wp\/v2\/comments?post=14148"}],"wp:featuredmedia":[{"embeddable":true,"href":"https:\/\/beautysba.co.uk\/lt\/wp-json\/wp\/v2\/media\/14146"}],"wp:attachment":[{"href":"https:\/\/beautysba.co.uk\/lt\/wp-json\/wp\/v2\/media?parent=14148"}],"wp:term":[{"taxonomy":"product_brand","embeddable":true,"href":"https:\/\/beautysba.co.uk\/lt\/wp-json\/wp\/v2\/product_brand?post=14148"},{"taxonomy":"product_cat","embeddable":true,"href":"https:\/\/beautysba.co.uk\/lt\/wp-json\/wp\/v2\/product_cat?post=14148"},{"taxonomy":"product_tag","embeddable":true,"href":"https:\/\/beautysba.co.uk\/lt\/wp-json\/wp\/v2\/product_tag?post=14148"}],"curies":[{"name":"wp","href":"https:\/\/api.w.org\/{rel}","templated":true}]}}