{"id":14154,"date":"2024-09-16T12:03:36","date_gmt":"2024-09-16T12:03:36","guid":{"rendered":"https:\/\/beautysba.co.uk\/product\/%d1%81%d0%be%d0%bb%d1%8c-%d0%b4%d0%bb%d1%8f-%d0%b2%d0%b0%d0%bd%d0%bd-%d1%81%d0%be%d0%ba%d0%be%d0%b2%d0%b8%d1%82%d1%8b%d0%b9-%d0%b4%d1%8b%d0%bd%d1%8f-1100-%d0%b3-brize\/"},"modified":"2024-09-22T15:18:15","modified_gmt":"2024-09-22T15:18:15","slug":"%d1%81%d0%be%d0%bb%d1%8c-%d0%b4%d0%bb%d1%8f-%d0%b2%d0%b0%d0%bd%d0%bd-%d1%81%d0%be%d0%ba%d0%be%d0%b2%d0%b8%d1%82%d1%8b%d0%b9-%d0%b4%d1%8b%d0%bd%d1%8f-1100-%d0%b3-brize","status":"publish","type":"product","link":"https:\/\/beautysba.co.uk\/lt\/produktas\/%d1%81%d0%be%d0%bb%d1%8c-%d0%b4%d0%bb%d1%8f-%d0%b2%d0%b0%d0%bd%d0%bd-%d1%81%d0%be%d0%ba%d0%be%d0%b2%d0%b8%d1%82%d1%8b%d0%b9-%d0%b4%d1%8b%d0%bd%d1%8f-1100-%d0%b3-brize\/","title":{"rendered":"Vonios druska &#8220;Sultingasis melionas&#8221;, 1100 g BRIZE"},"content":{"rendered":"<p>BRIZE Vonios druska &#8220;Juicy Melon&#8221;, 1100 g Apra\u0161ymas: Brize vonios druska &#8220;Juicy Melon&#8221; &#8211; tai unikalus produktas, kurio sud\u0117tyje yra senovin\u0117s j\u016bros druskos kristal\u0173, i\u0161saugojusi\u0173 nauding\u0173 mineral\u0173 ir organini\u0173 med\u017eiag\u0173 kompleks\u0105.<br \/>\n\u0160ioje j\u016bros druskoje gausu gyvybi\u0161kai svarbi\u0173 mikroelement\u0173, kurie padeda suma\u017einti stres\u0105 ir nuovarg\u012f, suteikia papildom\u0105 komforto jausm\u0105 \u0161iltos vonios metu.<br \/>\nVonios druskos &#8211; tai paprastas ir patogus b\u016bdas naudoti j\u016bros drusk\u0105, padedan\u010di\u0105 stiprinti imunin\u0119 sistem\u0105, gerinti kraujotak\u0105, normalizuoti med\u017eiag\u0173 apykait\u0105, skatinti l\u0105steli\u0173 atsinaujinim\u0105 ir atjaun\u0117jim\u0105.<br \/>\nKaip naudoti: Vonios: 100-150 g druskos i\u0161tirpinkite 35\u00ba-37\u00baC temperat\u016bros \u0161iltame vandenyje.<br \/>\nVonios trukm\u0117 &#8211; 15-20 min.<br \/>\nRank\u0173 vonel\u0117s: 30-50 g druskos i\u0161tirpinti stiklin\u0117je \u0161ilto 37-40\u00baC temperat\u016bros vandens.<br \/>\nPir\u0161t\u0173 galiukus mirkykite 15 minu\u010di\u0173.<br \/>\nKoj\u0173 vonel\u0117s: 30-50 g druskos i\u0161tirpinkite litre 40-42\u00baC temperat\u016bros vandens.<br \/>\nKojas mirkykite 15-20 minu\u010di\u0173.<br \/>\n\u012esp\u0117jimai: Nenaudoti esant padid\u0117jusiam jautrumui bet kuriai sudedamajai daliai.<br \/>\nJei pasirei\u0161k\u0117 alergin\u0117s reakcijos, nutraukite naudojim\u0105 ir kreipkit\u0117s \u012f gydytoj\u0105.           Tik i\u0161oriniam naudojimui. Venkite patekimo \u012f akis. Patekus \u012f akis, kruop\u0161\u010diai nuplaukite vandeniu.<br \/>\nLaikyti +5\u00baC &#8211; +25\u00baC temperat\u016broje, sausoje, tamsioje, vaikams nepasiekiamoje vietoje.<br \/>\nGrynasis svoris: 1,1 kg Sudedamosios dalys (INCI): \u017er. pakuot\u0119 Galiojimo laikas: \u017er. pakuot\u0119 Gamintojas: Medicalfort, Baltarusija  <\/p>\n","protected":false},"excerpt":{"rendered":"<p>BRIZE Vonios druska &#8220;Juicy Melon&#8221;, 1100 g Apra\u0161ymas: Brize vonios druska &#8220;Juicy Melon&#8221; &#8211; tai unikalus produktas, kurio sud\u0117tyje yra senovin\u0117s j\u016bros druskos kristal\u0173, i\u0161saugojusi\u0173 nauding\u0173 mineral\u0173 ir organini\u0173 med\u017eiag\u0173 kompleks\u0105. \u0160ioje j\u016bros druskoje gausu gyvybi\u0161kai svarbi\u0173 mikroelement\u0173, kurie padeda suma\u017einti stres\u0105 ir nuovarg\u012f, suteikia papildom\u0105 komforto jausm\u0105 \u0161iltos vonios metu. Vonios druskos &#8211; tai [&hellip;]<\/p>\n","protected":false},"featured_media":14152,"comment_status":"open","ping_status":"closed","template":"","meta":[],"product_brand":[],"product_cat":[190,191,276],"product_tag":[],"class_list":{"0":"post-14154","1":"product","2":"type-product","3":"status-publish","4":"has-post-thumbnail","6":"product_cat-prausimosi-priemones2","7":"product_cat-tualeto-reikmenys","8":"product_cat----lt","10":"first","11":"outofstock","12":"shipping-taxable","13":"purchasable","14":"product-type-simple"},"_links":{"self":[{"href":"https:\/\/beautysba.co.uk\/lt\/wp-json\/wp\/v2\/product\/14154","targetHints":{"allow":["GET"]}}],"collection":[{"href":"https:\/\/beautysba.co.uk\/lt\/wp-json\/wp\/v2\/product"}],"about":[{"href":"https:\/\/beautysba.co.uk\/lt\/wp-json\/wp\/v2\/types\/product"}],"replies":[{"embeddable":true,"href":"https:\/\/beautysba.co.uk\/lt\/wp-json\/wp\/v2\/comments?post=14154"}],"wp:featuredmedia":[{"embeddable":true,"href":"https:\/\/beautysba.co.uk\/lt\/wp-json\/wp\/v2\/media\/14152"}],"wp:attachment":[{"href":"https:\/\/beautysba.co.uk\/lt\/wp-json\/wp\/v2\/media?parent=14154"}],"wp:term":[{"taxonomy":"product_brand","embeddable":true,"href":"https:\/\/beautysba.co.uk\/lt\/wp-json\/wp\/v2\/product_brand?post=14154"},{"taxonomy":"product_cat","embeddable":true,"href":"https:\/\/beautysba.co.uk\/lt\/wp-json\/wp\/v2\/product_cat?post=14154"},{"taxonomy":"product_tag","embeddable":true,"href":"https:\/\/beautysba.co.uk\/lt\/wp-json\/wp\/v2\/product_tag?post=14154"}],"curies":[{"name":"wp","href":"https:\/\/api.w.org\/{rel}","templated":true}]}}