{"id":14160,"date":"2024-09-16T12:05:07","date_gmt":"2024-09-16T12:05:07","guid":{"rendered":"https:\/\/beautysba.co.uk\/product\/%d1%81%d0%be%d0%bb%d1%8c-%d0%ba%d0%be%d1%81%d0%bc%d0%b5%d1%82%d0%b8%d1%87%d0%b5%d1%81%d0%ba%d0%b0%d1%8f-%d0%bc%d0%be%d1%80%d1%81%d0%ba%d0%b0%d1%8f-%d0%b0%d1%80%d0%be%d0%bc%d0%b0%d1%82%d0%b8%d0%b7-2\/"},"modified":"2024-09-22T15:16:59","modified_gmt":"2024-09-22T15:16:59","slug":"%d1%81%d0%be%d0%bb%d1%8c-%d0%ba%d0%be%d1%81%d0%bc%d0%b5%d1%82%d0%b8%d1%87%d0%b5%d1%81%d0%ba%d0%b0%d1%8f-%d0%bc%d0%be%d1%80%d1%81%d0%ba%d0%b0%d1%8f-%d0%b0%d1%80%d0%be%d0%bc%d0%b0%d1%82%d0%b8%d0%b7-2","status":"publish","type":"product","link":"https:\/\/beautysba.co.uk\/lt\/produktas\/%d1%81%d0%be%d0%bb%d1%8c-%d0%ba%d0%be%d1%81%d0%bc%d0%b5%d1%82%d0%b8%d1%87%d0%b5%d1%81%d0%ba%d0%b0%d1%8f-%d0%bc%d0%be%d1%80%d1%81%d0%ba%d0%b0%d1%8f-%d0%b0%d1%80%d0%be%d0%bc%d0%b0%d1%82%d0%b8%d0%b7-2\/","title":{"rendered":"Kosmetin\u0117 j\u016bros druska, aromatizuota &#8220;Sald\u017ei\u0173j\u0173 persik\u0173&#8221;, 1,1 kg BRIZE"},"content":{"rendered":"<p>BRIZE Vonios druska &#8220;Saldus persikas&#8221;, 1100 g Apra\u0161ymas: BRIZE vonios druska &#8220;Saldus persikas&#8221; turi unikali\u0105 sud\u0117t\u012f, kurioje gausu gyvybi\u0161kai svarbi\u0173 j\u016brin\u0117s kilm\u0117s mikroelement\u0173.<br \/>\nPagrindin\u0117s druskos sudedamosios dalys yra sen\u0173j\u0173 j\u016br\u0173 kristalai, i\u0161saugoj\u0119 nauding\u0173 mineral\u0173 ir organini\u0173 med\u017eiag\u0173 kompleks\u0105.<br \/>\nB\u016btent \u0161ie komponentai suteikia druskai b\u016bding\u0105 spalv\u0105 ir teigiamai veikia organizm\u0105, padeda ma\u017einti stres\u0105 ir nuovarg\u012f.<br \/>\nDruskos vonios yra papras\u010diausias, patogiausias ir labiausiai paplit\u0119s j\u016bros druskos naudojimo b\u016bdas.<br \/>\nJ\u016bros druskoje esan\u010dios naudingosios med\u017eiagos prasiskverbia \u012f organizm\u0105 per od\u0105.<br \/>\nTokios vonios stiprina imunin\u0119 sistem\u0105, gerina kraujotak\u0105, normalizuoja med\u017eiag\u0173 apykait\u0105, skatina l\u0105steli\u0173 regeneracij\u0105 ir organizmo atjaun\u0117jim\u0105.<br \/>\nNaudojimas: Vonios: 100-150 g druskos i\u0161tirpinkite po 35\u00ba-37\u00baC temperat\u016bros \u0161ilto vandens srove.<br \/>\nRekomenduojama vonios trukm\u0117 15-20 minu\u010di\u0173.<br \/>\nRank\u0173 vonios: 30-50 g druskos i\u0161tirpinti stiklin\u0117je \u0161ilto 37\u00ba-40\u00baC temperat\u016bros vandens.<br \/>\nSupilkite skyst\u012f \u012f duben\u012f ir panardinkite pir\u0161tus 15 minu\u010di\u0173.<br \/>\nKoj\u0173 vonel\u0117s: 30-50 g druskos i\u0161tirpinkite litre 40\u00ba-42\u00baC temperat\u016bros vandens.<br \/>\nRekomenduojama vonel\u0117s trukm\u0117 15-20 minu\u010di\u0173.<br \/>\n\u012esp\u0117jimai: Nenaudokite, jei esate padid\u0117jusio jautrumo kuriai nors sudedamajai daliai.<br \/>\nJei pasirei\u0161kia alergin\u0117 reakcija, nutraukite naudojim\u0105 ir kreipkit\u0117s \u012f gydytoj\u0105.              Tik i\u0161oriniam naudojimui. Vengti patekimo \u012f akis. Patekus \u012f akis, praplaukite dideliu kiekiu vandens.<br \/>\nLaikyti +5\u00baC &#8211; +25\u00baC temperat\u016broje, sausoje, tamsioje ir vaikams nepasiekiamoje vietoje. <\/p>\n","protected":false},"excerpt":{"rendered":"<p>BRIZE Vonios druska &#8220;Saldus persikas&#8221;, 1100 g Apra\u0161ymas: BRIZE vonios druska &#8220;Saldus persikas&#8221; turi unikali\u0105 sud\u0117t\u012f, kurioje gausu gyvybi\u0161kai svarbi\u0173 j\u016brin\u0117s kilm\u0117s mikroelement\u0173. Pagrindin\u0117s druskos sudedamosios dalys yra sen\u0173j\u0173 j\u016br\u0173 kristalai, i\u0161saugoj\u0119 nauding\u0173 mineral\u0173 ir organini\u0173 med\u017eiag\u0173 kompleks\u0105. B\u016btent \u0161ie komponentai suteikia druskai b\u016bding\u0105 spalv\u0105 ir teigiamai veikia organizm\u0105, padeda ma\u017einti stres\u0105 ir nuovarg\u012f. Druskos [&hellip;]<\/p>\n","protected":false},"featured_media":14158,"comment_status":"open","ping_status":"closed","template":"","meta":[],"product_brand":[],"product_cat":[190,191,276],"product_tag":[],"class_list":{"0":"post-14160","1":"product","2":"type-product","3":"status-publish","4":"has-post-thumbnail","6":"product_cat-prausimosi-priemones2","7":"product_cat-tualeto-reikmenys","8":"product_cat----lt","10":"first","11":"outofstock","12":"shipping-taxable","13":"purchasable","14":"product-type-simple"},"_links":{"self":[{"href":"https:\/\/beautysba.co.uk\/lt\/wp-json\/wp\/v2\/product\/14160","targetHints":{"allow":["GET"]}}],"collection":[{"href":"https:\/\/beautysba.co.uk\/lt\/wp-json\/wp\/v2\/product"}],"about":[{"href":"https:\/\/beautysba.co.uk\/lt\/wp-json\/wp\/v2\/types\/product"}],"replies":[{"embeddable":true,"href":"https:\/\/beautysba.co.uk\/lt\/wp-json\/wp\/v2\/comments?post=14160"}],"wp:featuredmedia":[{"embeddable":true,"href":"https:\/\/beautysba.co.uk\/lt\/wp-json\/wp\/v2\/media\/14158"}],"wp:attachment":[{"href":"https:\/\/beautysba.co.uk\/lt\/wp-json\/wp\/v2\/media?parent=14160"}],"wp:term":[{"taxonomy":"product_brand","embeddable":true,"href":"https:\/\/beautysba.co.uk\/lt\/wp-json\/wp\/v2\/product_brand?post=14160"},{"taxonomy":"product_cat","embeddable":true,"href":"https:\/\/beautysba.co.uk\/lt\/wp-json\/wp\/v2\/product_cat?post=14160"},{"taxonomy":"product_tag","embeddable":true,"href":"https:\/\/beautysba.co.uk\/lt\/wp-json\/wp\/v2\/product_tag?post=14160"}],"curies":[{"name":"wp","href":"https:\/\/api.w.org\/{rel}","templated":true}]}}