{"id":14166,"date":"2024-09-16T12:08:08","date_gmt":"2024-09-16T12:08:08","guid":{"rendered":"https:\/\/beautysba.co.uk\/product\/%d0%bb%d0%b5%d0%b3%d0%ba%d0%be-%d0%b4%d1%8b%d1%88%d0%b0%d1%82%d1%8c-%d0%ba%d0%be%d0%bc%d0%bf%d0%be%d0%b7%d0%b8%d1%86%d0%b8%d1%8f-%d1%8d%d1%84%d0%b8%d1%80%d0%bd%d1%8b%d1%85-%d0%bc%d0%b0%d1%81%d0%b5\/"},"modified":"2024-10-16T11:52:35","modified_gmt":"2024-10-16T11:52:35","slug":"%d0%bb%d0%b5%d0%b3%d0%ba%d0%be-%d0%b4%d1%8b%d1%88%d0%b0%d1%82%d1%8c-%d0%ba%d0%be%d0%bc%d0%bf%d0%be%d0%b7%d0%b8%d1%86%d0%b8%d1%8f-%d1%8d%d1%84%d0%b8%d1%80%d0%bd%d1%8b%d1%85-%d0%bc%d0%b0%d1%81%d0%b5","status":"publish","type":"product","link":"https:\/\/beautysba.co.uk\/lt\/produktas\/%d0%bb%d0%b5%d0%b3%d0%ba%d0%be-%d0%b4%d1%8b%d1%88%d0%b0%d1%82%d1%8c-%d0%ba%d0%be%d0%bc%d0%bf%d0%be%d0%b7%d0%b8%d1%86%d0%b8%d1%8f-%d1%8d%d1%84%d0%b8%d1%80%d0%bd%d1%8b%d1%85-%d0%bc%d0%b0%d1%81%d0%b5\/","title":{"rendered":"Lengvai kv\u0117puoti eterinio aliejaus sud\u0117tis 10ml"},"content":{"rendered":"<p>I\u0161bandykite &#8220;MedicalFort&#8221; eterin\u012f aliej\u0173 &#8220;Just Breathe&#8221; &#8211; odos prie\u017ei\u016bros produkt\u0105, kurio pagrind\u0105 sudaro 100 % auk\u0161\u010diausios kokyb\u0117s eteriniai aliejai. \u0160ioje turtingoje formul\u0117je esantys eteriniai aliejai lengvai prasiskverbia giliai \u012f odos sluoksnius, suteikdami visapusi\u0161k\u0105 prie\u017ei\u016br\u0105 ir malonius poj\u016b\u010dius. Unikalus aliej\u0173 mi\u0161inys pasi\u017eymi tonizuojan\u010diomis, stiprinan\u010diomis ir dezodoruojan\u010diomis savyb\u0117mis, tod\u0117l kasdien jausit\u0117s gaiv\u016bs ir kv\u0117puosite lengvai. T\u016bris: 10 ml Sud\u0117tis (INCI): \u017er. pakuot\u0119  <\/p>\n<p>Taikymo b\u016bdas:<\/p>\n<p>Kosmetikos gamini\u0173 praturtinimas: \u012ela\u0161inkite 1-2 la\u0161us \u012f neutral\u0173 krem\u0105 ir u\u017etepkite ant kr\u016btin\u0117s, nugaros ir kaklo srities. Aromatin\u0117s vonios: 6-8 la\u0161us i\u0161tirpinkite emulsiklyje (druskoje, vonios putose, piene ir pan.). Aromatin\u0117 lempa: 4-5 la\u0161ai 15 kvadratini\u0173 metr\u0173. Aromatinis masa\u017eas: \u012fla\u0161inkite 5-6 la\u0161us \u012f pagrindin\u0119 priemon\u0119. Aromatin\u0117 vonia: 5-6 la\u0161us praskieskite vandeniu ir apipurk\u0161kite medinius pavir\u0161ius. Mai\u0161elis: I\u0161mirkykite d\u017eiovintas \u017eoleles ir g\u0117les ir \u012fd\u0117kite \u012f apatinius drabu\u017eius, rankin\u0119 arba po pagalve. \u012esp\u0117jimai: Nenaudokite, jei padid\u0117j\u0119s jautrumas bet kuriai sudedamajai daliai.<\/p>\n<p>Jei pasirei\u0161kia alergin\u0117s reakcijos, nutraukite vartojim\u0105 ir kreipkit\u0117s \u012f gydytoj\u0105.<br \/>\nTik i\u0161oriniam naudojimui. Venkite patekimo \u012f akis. Patekus \u012f akis, gausiai praplaukite vandeniu. Laikyti +5\u00baC &#8211; +25\u00baC temperat\u016broje, sausoje, tamsioje, vaikams nepasiekiamoje vietoje. Pastaba: eterinis aliejus n\u0117ra vaistinis preparatas. Jis naudojamas sveikimo ir gijimo procesams pagreitinti ir palaikyti. Galiojimo laikas: \u017er. ant pakuot\u0117s Gamintojas: MedicalFort, Baltarusija<\/p>\n","protected":false},"excerpt":{"rendered":"<p>Eterini\u0173 aliej\u0173 sud\u0117tis yra sveikatos, gro\u017eio ir jaunyst\u0117s \u0161altinis.<br \/>\n&#8220;Easy to Breathe&#8221; &#8211; tai auk\u0161\u010diausios kokyb\u0117s nat\u016brali\u0173 eterini\u0173 aliej\u0173 mi\u0161inys, kur\u012f pam\u0117gsite d\u0117l jo gydom\u0173j\u0173 ir tonizuojan\u010di\u0173 savybi\u0173.<br \/>\nJ\u0173 padedami sustiprinsite ir pagerinsite savo savijaut\u0105  <\/p>\n","protected":false},"featured_media":14164,"comment_status":"open","ping_status":"closed","template":"","meta":[],"product_brand":[],"product_cat":[221,217],"product_tag":[],"class_list":{"0":"post-14166","1":"product","2":"type-product","3":"status-publish","4":"has-post-thumbnail","6":"product_cat-aliejai","7":"product_cat-sveikatos-prieziura","9":"first","10":"instock","11":"shipping-taxable","12":"purchasable","13":"product-type-simple"},"_links":{"self":[{"href":"https:\/\/beautysba.co.uk\/lt\/wp-json\/wp\/v2\/product\/14166","targetHints":{"allow":["GET"]}}],"collection":[{"href":"https:\/\/beautysba.co.uk\/lt\/wp-json\/wp\/v2\/product"}],"about":[{"href":"https:\/\/beautysba.co.uk\/lt\/wp-json\/wp\/v2\/types\/product"}],"replies":[{"embeddable":true,"href":"https:\/\/beautysba.co.uk\/lt\/wp-json\/wp\/v2\/comments?post=14166"}],"wp:featuredmedia":[{"embeddable":true,"href":"https:\/\/beautysba.co.uk\/lt\/wp-json\/wp\/v2\/media\/14164"}],"wp:attachment":[{"href":"https:\/\/beautysba.co.uk\/lt\/wp-json\/wp\/v2\/media?parent=14166"}],"wp:term":[{"taxonomy":"product_brand","embeddable":true,"href":"https:\/\/beautysba.co.uk\/lt\/wp-json\/wp\/v2\/product_brand?post=14166"},{"taxonomy":"product_cat","embeddable":true,"href":"https:\/\/beautysba.co.uk\/lt\/wp-json\/wp\/v2\/product_cat?post=14166"},{"taxonomy":"product_tag","embeddable":true,"href":"https:\/\/beautysba.co.uk\/lt\/wp-json\/wp\/v2\/product_tag?post=14166"}],"curies":[{"name":"wp","href":"https:\/\/api.w.org\/{rel}","templated":true}]}}