{"id":14179,"date":"2024-09-18T07:26:34","date_gmt":"2024-09-18T07:26:34","guid":{"rendered":"https:\/\/beautysba.co.uk\/product\/%d1%81%d0%be%d0%bb%d1%8c-%d0%b4%d0%bb%d1%8f-%d0%b2%d0%b0%d0%bd%d0%bd-%d0%b4%d0%be%d0%bc%d0%b0%d1%88%d0%bd%d0%b8%d0%b9-%d0%b4%d0%be%d0%ba%d1%82%d0%be%d1%80-%d0%b9%d0%be%d0%b4%d0%be%d0%b1%d1%80%d0%be\/"},"modified":"2024-09-22T15:16:59","modified_gmt":"2024-09-22T15:16:59","slug":"%d1%81%d0%be%d0%bb%d1%8c-%d0%b4%d0%bb%d1%8f-%d0%b2%d0%b0%d0%bd%d0%bd-%d0%b4%d0%be%d0%bc%d0%b0%d1%88%d0%bd%d0%b8%d0%b9-%d0%b4%d0%be%d0%ba%d1%82%d0%be%d1%80-%d0%b9%d0%be%d0%b4%d0%be%d0%b1%d1%80%d0%be","status":"publish","type":"product","link":"https:\/\/beautysba.co.uk\/lt\/produktas\/%d1%81%d0%be%d0%bb%d1%8c-%d0%b4%d0%bb%d1%8f-%d0%b2%d0%b0%d0%bd%d0%bd-%d0%b4%d0%be%d0%bc%d0%b0%d1%88%d0%bd%d0%b8%d0%b9-%d0%b4%d0%be%d0%ba%d1%82%d0%be%d1%80-%d0%b9%d0%be%d0%b4%d0%be%d0%b1%d1%80%d0%be\/","title":{"rendered":"Vonios druska Domashniy doktor Iodobromnaya 1000 g"},"content":{"rendered":"<p>Negyvosios j\u016bros druskoje esantis nat\u016bralus bromo kiekis kartu su jodu, kuriuo praturtinta Sak\u0173 j\u016bros druska, teigiamai veikia od\u0105, sukelia raminam\u0105j\u012f poveik\u012f, teigiamai veikia odos med\u017eiag\u0173 apykaitos procesus, pasi\u017eymi antistresin\u0117mis savyb\u0117mis druska veikia odoje esan\u010dias nerv\u0173 gal\u016bn\u0117les, tod\u0117l organizme susidaro med\u017eiag\u0173 apykaitos proces\u0173 reguliatori\u0173 ir palengv\u0117ja skausmingi poj\u016b\u010diai Naudojimas 100 g (4-5 valgomieji \u0161auk\u0161tai) druskos i\u0161tirpinti \u0161iltame vandenyje.<br \/>\nNorint i\u0161gauti ry\u0161k\u0173 balneologin\u012f poveik\u012f \u012f voni\u0105 \u012fberti iki 500 g.<br \/>\nKasdien arba kas antr\u0105 dien\u0105 10-15 proced\u016br\u0173 kurs\u0105 10-20 min. daryti vonias 35-39 \u00b0C temperat\u016bros vandenyje.    <\/p>\n","protected":false},"excerpt":{"rendered":"<p>Negyvosios j\u016bros druskoje esantis nat\u016bralus bromo kiekis kartu su jodu, kuriuo praturtinta Sak\u0173 j\u016bros druska, teigiamai veikia od\u0105, sukelia raminam\u0105j\u012f poveik\u012f, teigiamai veikia odos med\u017eiag\u0173 apykaitos procesus, pasi\u017eymi antistresin\u0117mis savyb\u0117mis druska veikia odoje esan\u010dias nerv\u0173 gal\u016bn\u0117les, tod\u0117l organizme susidaro med\u017eiag\u0173 apykaitos proces\u0173 reguliatori\u0173 ir palengv\u0117ja skausmingi poj\u016b\u010diai Naudojimas 100 g (4-5 valgomieji \u0161auk\u0161tai) druskos i\u0161tirpinti [&hellip;]<\/p>\n","protected":false},"featured_media":14177,"comment_status":"open","ping_status":"closed","template":"","meta":[],"product_brand":[],"product_cat":[190,191,276],"product_tag":[],"class_list":{"0":"post-14179","1":"product","2":"type-product","3":"status-publish","4":"has-post-thumbnail","6":"product_cat-prausimosi-priemones2","7":"product_cat-tualeto-reikmenys","8":"product_cat----lt","10":"first","11":"outofstock","12":"shipping-taxable","13":"purchasable","14":"product-type-simple"},"_links":{"self":[{"href":"https:\/\/beautysba.co.uk\/lt\/wp-json\/wp\/v2\/product\/14179","targetHints":{"allow":["GET"]}}],"collection":[{"href":"https:\/\/beautysba.co.uk\/lt\/wp-json\/wp\/v2\/product"}],"about":[{"href":"https:\/\/beautysba.co.uk\/lt\/wp-json\/wp\/v2\/types\/product"}],"replies":[{"embeddable":true,"href":"https:\/\/beautysba.co.uk\/lt\/wp-json\/wp\/v2\/comments?post=14179"}],"wp:featuredmedia":[{"embeddable":true,"href":"https:\/\/beautysba.co.uk\/lt\/wp-json\/wp\/v2\/media\/14177"}],"wp:attachment":[{"href":"https:\/\/beautysba.co.uk\/lt\/wp-json\/wp\/v2\/media?parent=14179"}],"wp:term":[{"taxonomy":"product_brand","embeddable":true,"href":"https:\/\/beautysba.co.uk\/lt\/wp-json\/wp\/v2\/product_brand?post=14179"},{"taxonomy":"product_cat","embeddable":true,"href":"https:\/\/beautysba.co.uk\/lt\/wp-json\/wp\/v2\/product_cat?post=14179"},{"taxonomy":"product_tag","embeddable":true,"href":"https:\/\/beautysba.co.uk\/lt\/wp-json\/wp\/v2\/product_tag?post=14179"}],"curies":[{"name":"wp","href":"https:\/\/api.w.org\/{rel}","templated":true}]}}