{"id":14195,"date":"2024-09-22T13:10:22","date_gmt":"2024-09-22T13:10:22","guid":{"rendered":"https:\/\/beautysba.co.uk\/product\/%d1%81%d0%bf%d0%b5%d0%bb%d0%b0%d1%8f-%d0%ba%d0%bb%d1%83%d0%b1%d0%bd%d0%b8%d0%ba%d0%b0-%d0%b7%d0%b5%d0%bb%d0%b5%d0%bd%d1%8b%d0%b9-%d0%b8-%d0%b1%d0%b5%d0%bb%d1%8b%d0%b9-%d0%b0%d1%80%d0%be%d0%bc%d0%b0\/"},"modified":"2024-09-22T15:17:07","modified_gmt":"2024-09-22T15:17:07","slug":"%d1%81%d0%bf%d0%b5%d0%bb%d0%b0%d1%8f-%d0%ba%d0%bb%d1%83%d0%b1%d0%bd%d0%b8%d0%ba%d0%b0-%d0%b7%d0%b5%d0%bb%d0%b5%d0%bd%d1%8b%d0%b9-%d0%b8-%d0%b1%d0%b5%d0%bb%d1%8b%d0%b9-%d0%b0%d1%80%d0%be%d0%bc%d0%b0","status":"publish","type":"product","link":"https:\/\/beautysba.co.uk\/lt\/produktas\/%d1%81%d0%bf%d0%b5%d0%bb%d0%b0%d1%8f-%d0%ba%d0%bb%d1%83%d0%b1%d0%bd%d0%b8%d0%ba%d0%b0-%d0%b7%d0%b5%d0%bb%d0%b5%d0%bd%d1%8b%d0%b9-%d0%b8-%d0%b1%d0%b5%d0%bb%d1%8b%d0%b9-%d0%b0%d1%80%d0%be%d0%bc%d0%b0\/","title":{"rendered":"SPELLING CLUBRICANE, \u017ealioji ir baltoji aromatin\u0117 arbata 50g"},"content":{"rendered":"<p>SUMMERING CLUBRICANE, \u017ealioji ir baltoji aromatin\u0117 arbata M\u0117gaukit\u0117s subtiliu SUMMERING CLUBRICANE arbatos skoniu.<br \/>\n\u0160i i\u0161skirtin\u0117 \u017ealioji ir baltoji arbata su bambuk\u0173 pumpurais, vaisiais ir ro\u017ei\u0173 \u017eiedlapiais suteiks jums ypating\u0105 malonumo akimirk\u0105 kaskart, kai i\u0161sirinksite arbatos puodel\u012f.<br \/>\nBaltoji arbata &#8220;Pai Mu Tang&#8221; yra labai vertinama ribotos gamybos arbata i\u0161 Kinijos Chuano regiono.<br \/>\nArbatai renkami tik du pirmieji lapeliai ir pumpuras, ji n\u0117ra specialiai apdorojama, tod\u0117l i\u0161laiko daug verting\u0173 savybi\u0173.<br \/>\nArbatoje esanti aminor\u016bg\u0161tis L-teaninas gali pad\u0117ti su\u0161velninti kofeino i\u0161siskyrim\u0105, o katechinai ir kiti polifenoliai pasi\u017eymi antioksidacin\u0117mis savyb\u0117mis.<br \/>\nArbatoje esantys bambuko \u016bgliai yra stipr\u016bs antioksidantai ir nat\u016bralus kalio bei baltym\u0173 \u0161altinis.<br \/>\nBambuko pumpurai tonizuoja ir gerina vir\u0161kinim\u0105.<br \/>\nSud\u0117tis: \u017ealioji arbata &#8220;Senchiya&#8221; ir baltoji arbata &#8220;Pai Mu Tang&#8221;, bambuk\u0173 pumpurai, ananasai, mang\u0173 gabaliukai (vaisi\u0173 dalys, cukrus), bra\u0161ki\u0173 gabaliukai, ro\u017ei\u0173 \u017eiedlapiai, nat\u016bralios kvapiosios med\u017eiagos.<br \/>\nParuo\u0161imo b\u016bdas: 15 g (apie 6 arbatinius \u0161auk\u0161telius) arbatos u\u017epilti 1 litru filtruoto virinto vandens, atv\u0117sinti iki 90 \u00b0C; palaukti 2 min. Laikymo s\u0105lygos: norint i\u0161saugoti nat\u016bral\u0173 arbatos skon\u012f ir aromat\u0105, rekomenduojame j\u0105 laikyti sandariai u\u017edarytoje d\u0117\u017eut\u0117je, sausoje ir v\u0117sioje vietoje, atokiau nuo stipraus aromato produkt\u0173.        <\/p>\n","protected":false},"excerpt":{"rendered":"<p>SUMMERING CLUBRICANE, \u017ealioji ir baltoji aromatin\u0117 arbata M\u0117gaukit\u0117s subtiliu SUMMERING CLUBRICANE arbatos skoniu. \u0160i i\u0161skirtin\u0117 \u017ealioji ir baltoji arbata su bambuk\u0173 pumpurais, vaisiais ir ro\u017ei\u0173 \u017eiedlapiais suteiks jums ypating\u0105 malonumo akimirk\u0105 kaskart, kai i\u0161sirinksite arbatos puodel\u012f. Baltoji arbata &#8220;Pai Mu Tang&#8221; yra labai vertinama ribotos gamybos arbata i\u0161 Kinijos Chuano regiono. Arbatai renkami tik du [&hellip;]<\/p>\n","protected":false},"featured_media":14193,"comment_status":"open","ping_status":"closed","template":"","meta":[],"product_brand":[],"product_cat":[217,270],"product_tag":[],"class_list":{"0":"post-14195","1":"product","2":"type-product","3":"status-publish","4":"has-post-thumbnail","6":"product_cat-sveikatos-prieziura","7":"product_cat----lt","9":"first","10":"outofstock","11":"shipping-taxable","12":"purchasable","13":"product-type-simple"},"_links":{"self":[{"href":"https:\/\/beautysba.co.uk\/lt\/wp-json\/wp\/v2\/product\/14195","targetHints":{"allow":["GET"]}}],"collection":[{"href":"https:\/\/beautysba.co.uk\/lt\/wp-json\/wp\/v2\/product"}],"about":[{"href":"https:\/\/beautysba.co.uk\/lt\/wp-json\/wp\/v2\/types\/product"}],"replies":[{"embeddable":true,"href":"https:\/\/beautysba.co.uk\/lt\/wp-json\/wp\/v2\/comments?post=14195"}],"wp:featuredmedia":[{"embeddable":true,"href":"https:\/\/beautysba.co.uk\/lt\/wp-json\/wp\/v2\/media\/14193"}],"wp:attachment":[{"href":"https:\/\/beautysba.co.uk\/lt\/wp-json\/wp\/v2\/media?parent=14195"}],"wp:term":[{"taxonomy":"product_brand","embeddable":true,"href":"https:\/\/beautysba.co.uk\/lt\/wp-json\/wp\/v2\/product_brand?post=14195"},{"taxonomy":"product_cat","embeddable":true,"href":"https:\/\/beautysba.co.uk\/lt\/wp-json\/wp\/v2\/product_cat?post=14195"},{"taxonomy":"product_tag","embeddable":true,"href":"https:\/\/beautysba.co.uk\/lt\/wp-json\/wp\/v2\/product_tag?post=14195"}],"curies":[{"name":"wp","href":"https:\/\/api.w.org\/{rel}","templated":true}]}}