{"id":14231,"date":"2024-09-22T13:24:10","date_gmt":"2024-09-22T13:24:10","guid":{"rendered":"https:\/\/beautysba.co.uk\/product\/%d0%bc%d0%b5%d1%87%d1%82%d0%b0-%d1%84%d1%80%d1%83%d0%ba%d1%82%d0%be%d0%b2%d1%8b%d0%b9-%d1%87%d0%b0%d0%b9-50g\/"},"modified":"2024-09-22T15:17:08","modified_gmt":"2024-09-22T15:17:08","slug":"%d0%bc%d0%b5%d1%87%d1%82%d0%b0-%d1%84%d1%80%d1%83%d0%ba%d1%82%d0%be%d0%b2%d1%8b%d0%b9-%d1%87%d0%b0%d0%b9-50g","status":"publish","type":"product","link":"https:\/\/beautysba.co.uk\/lt\/produktas\/%d0%bc%d0%b5%d1%87%d1%82%d0%b0-%d1%84%d1%80%d1%83%d0%ba%d1%82%d0%be%d0%b2%d1%8b%d0%b9-%d1%87%d0%b0%d0%b9-50g\/","title":{"rendered":"Svajon\u0117, vaisi\u0173 arbata 50g"},"content":{"rendered":"<p>Svajoni\u0173, vaisi\u0173 arbata Sald\u017ei\u0173 svajoni\u0173 i\u0161sipildymas &#8211; m\u016bs\u0173 &#8220;Presto Svajone&#8221; arbata.<br \/>\nPagaminta i\u0161 rinktini\u0173 Jamaikos ro\u017ei\u0173 \u017eiedlapi\u0173, praturtinta karamelizuotais ananas\u0173 ir banan\u0173 gabal\u0117liais, gaiviomis vynuog\u0117mis ir vy\u0161niomis.<br \/>\n\u0160imtme\u010dius \u017emon\u0117s ro\u017ei\u0173 s\u0117klas, \u017eiedus, lapus ir stiebus naudojo maistui ir tradicin\u0117je medicinoje.<br \/>\n\u0160is ingredientas ypa\u010d populiarus Vakar\u0173 Afrikoje, Centrin\u0117je ir Piet\u0173 Amerikoje bei Karib\u0173 j\u016bros regione.<br \/>\nJona\u017eol\u0117 jau daugel\u012f met\u0173 naudojama nat\u016braliojoje medicinoje \u012fvairiems sveikatos sutrikimams gydyti.<br \/>\nJamaikos er\u0161k\u0117tuogi\u0173 \u017eiedlapiuose esantis vitaminas C veikia kaip antioksidantas, saugo nuo laisv\u0173j\u0173 radikal\u0173, palaiko sveik\u0105 imunin\u0119 sistem\u0105, turi prie\u0161u\u017edegimin\u012f poveik\u012f, ma\u017eina kraujosp\u016bd\u012f ir pasi\u017eymi antibakterin\u0117mis savyb\u0117mis.<br \/>\nSud\u0117tis: Jamaikos ro\u017ei\u0173 \u017eiedlapiai, vynuog\u0117s, karamelizuot\u0173 ananas\u0173 gabaliukai, banan\u0173 gabaliukai, vy\u0161nios, vy\u0161ni\u0173 ir banan\u0173 aromatas.<br \/>\nLaikyti sausoje ir v\u0117sioje vietoje.<br \/>\nRekomenduojamas paruo\u0161imas: 1-2 arbatinius \u0161auk\u0161telius arbatos \u012fd\u0117ti \u012f puodel\u012f, u\u017epilti verdan\u010diu vandeniu ir palaikyti 5-10 min.        <\/p>\n","protected":false},"excerpt":{"rendered":"<p>Svajoni\u0173, vaisi\u0173 arbata Sald\u017ei\u0173 svajoni\u0173 i\u0161sipildymas &#8211; m\u016bs\u0173 &#8220;Presto Svajone&#8221; arbata. Pagaminta i\u0161 rinktini\u0173 Jamaikos ro\u017ei\u0173 \u017eiedlapi\u0173, praturtinta karamelizuotais ananas\u0173 ir banan\u0173 gabal\u0117liais, gaiviomis vynuog\u0117mis ir vy\u0161niomis. \u0160imtme\u010dius \u017emon\u0117s ro\u017ei\u0173 s\u0117klas, \u017eiedus, lapus ir stiebus naudojo maistui ir tradicin\u0117je medicinoje. \u0160is ingredientas ypa\u010d populiarus Vakar\u0173 Afrikoje, Centrin\u0117je ir Piet\u0173 Amerikoje bei Karib\u0173 j\u016bros regione. Jona\u017eol\u0117 [&hellip;]<\/p>\n","protected":false},"featured_media":14229,"comment_status":"open","ping_status":"closed","template":"","meta":[],"product_brand":[],"product_cat":[217,270],"product_tag":[],"class_list":{"0":"post-14231","1":"product","2":"type-product","3":"status-publish","4":"has-post-thumbnail","6":"product_cat-sveikatos-prieziura","7":"product_cat----lt","9":"first","10":"outofstock","11":"shipping-taxable","12":"purchasable","13":"product-type-simple"},"_links":{"self":[{"href":"https:\/\/beautysba.co.uk\/lt\/wp-json\/wp\/v2\/product\/14231","targetHints":{"allow":["GET"]}}],"collection":[{"href":"https:\/\/beautysba.co.uk\/lt\/wp-json\/wp\/v2\/product"}],"about":[{"href":"https:\/\/beautysba.co.uk\/lt\/wp-json\/wp\/v2\/types\/product"}],"replies":[{"embeddable":true,"href":"https:\/\/beautysba.co.uk\/lt\/wp-json\/wp\/v2\/comments?post=14231"}],"wp:featuredmedia":[{"embeddable":true,"href":"https:\/\/beautysba.co.uk\/lt\/wp-json\/wp\/v2\/media\/14229"}],"wp:attachment":[{"href":"https:\/\/beautysba.co.uk\/lt\/wp-json\/wp\/v2\/media?parent=14231"}],"wp:term":[{"taxonomy":"product_brand","embeddable":true,"href":"https:\/\/beautysba.co.uk\/lt\/wp-json\/wp\/v2\/product_brand?post=14231"},{"taxonomy":"product_cat","embeddable":true,"href":"https:\/\/beautysba.co.uk\/lt\/wp-json\/wp\/v2\/product_cat?post=14231"},{"taxonomy":"product_tag","embeddable":true,"href":"https:\/\/beautysba.co.uk\/lt\/wp-json\/wp\/v2\/product_tag?post=14231"}],"curies":[{"name":"wp","href":"https:\/\/api.w.org\/{rel}","templated":true}]}}