{"id":14249,"date":"2024-09-22T13:31:37","date_gmt":"2024-09-22T13:31:37","guid":{"rendered":"https:\/\/beautysba.co.uk\/product\/%d1%81%d0%b2%d0%b5%d1%82%d0%bb%d1%8f%d1%87%d0%be%d0%ba-%d1%84%d1%80%d1%83%d0%ba%d1%82%d0%be%d0%b2%d1%8b%d0%b9-%d1%87%d0%b0%d0%b9-50g\/"},"modified":"2024-09-22T15:16:39","modified_gmt":"2024-09-22T15:16:39","slug":"%d1%81%d0%b2%d0%b5%d1%82%d0%bb%d1%8f%d1%87%d0%be%d0%ba-%d1%84%d1%80%d1%83%d0%ba%d1%82%d0%be%d0%b2%d1%8b%d0%b9-%d1%87%d0%b0%d0%b9-50g","status":"publish","type":"product","link":"https:\/\/beautysba.co.uk\/lt\/produktas\/%d1%81%d0%b2%d0%b5%d1%82%d0%bb%d1%8f%d1%87%d0%be%d0%ba-%d1%84%d1%80%d1%83%d0%ba%d1%82%d0%be%d0%b2%d1%8b%d0%b9-%d1%87%d0%b0%d0%b9-50g\/","title":{"rendered":"Svetlyachok, Vaisi\u0173 arbata 50g"},"content":{"rendered":"<p>Vaisi\u0173 arbata SPETLYACHOK Sud\u0117tis: ro\u017ei\u0173 \u017eiedlapiai, obuoliai, ananas\u0173 gabaliukai, er\u0161k\u0117tuogi\u0173 \u017eievel\u0117s, papaj\u0173 gabaliukai, apelsin\u0173 \u017eievel\u0117s, kvapiosios med\u017eiagos, apelsin\u0173 granul\u0117s. Paruo\u0161imas: 2-3 \u0161auk\u0161teliai st; 100 \u2070C; min. 6 &#8211; 10.<\/p>\n","protected":false},"excerpt":{"rendered":"<p>Vaisi\u0173 arbata SPETLYACHOK Sud\u0117tis: ro\u017ei\u0173 \u017eiedlapiai, obuoliai, ananas\u0173 gabaliukai, er\u0161k\u0117tuogi\u0173 \u017eievel\u0117s, papaj\u0173 gabaliukai, apelsin\u0173 \u017eievel\u0117s, kvapiosios med\u017eiagos, apelsin\u0173 granul\u0117s. Paruo\u0161imas: 2-3 \u0161auk\u0161teliai st; 100 \u2070C; min. 6 &#8211; 10.<\/p>\n","protected":false},"featured_media":14247,"comment_status":"open","ping_status":"closed","template":"","meta":[],"product_brand":[],"product_cat":[217,270],"product_tag":[],"class_list":{"0":"post-14249","1":"product","2":"type-product","3":"status-publish","4":"has-post-thumbnail","6":"product_cat-sveikatos-prieziura","7":"product_cat----lt","9":"first","10":"outofstock","11":"shipping-taxable","12":"purchasable","13":"product-type-simple"},"_links":{"self":[{"href":"https:\/\/beautysba.co.uk\/lt\/wp-json\/wp\/v2\/product\/14249","targetHints":{"allow":["GET"]}}],"collection":[{"href":"https:\/\/beautysba.co.uk\/lt\/wp-json\/wp\/v2\/product"}],"about":[{"href":"https:\/\/beautysba.co.uk\/lt\/wp-json\/wp\/v2\/types\/product"}],"replies":[{"embeddable":true,"href":"https:\/\/beautysba.co.uk\/lt\/wp-json\/wp\/v2\/comments?post=14249"}],"wp:featuredmedia":[{"embeddable":true,"href":"https:\/\/beautysba.co.uk\/lt\/wp-json\/wp\/v2\/media\/14247"}],"wp:attachment":[{"href":"https:\/\/beautysba.co.uk\/lt\/wp-json\/wp\/v2\/media?parent=14249"}],"wp:term":[{"taxonomy":"product_brand","embeddable":true,"href":"https:\/\/beautysba.co.uk\/lt\/wp-json\/wp\/v2\/product_brand?post=14249"},{"taxonomy":"product_cat","embeddable":true,"href":"https:\/\/beautysba.co.uk\/lt\/wp-json\/wp\/v2\/product_cat?post=14249"},{"taxonomy":"product_tag","embeddable":true,"href":"https:\/\/beautysba.co.uk\/lt\/wp-json\/wp\/v2\/product_tag?post=14249"}],"curies":[{"name":"wp","href":"https:\/\/api.w.org\/{rel}","templated":true}]}}