{"id":14317,"date":"2024-10-01T06:51:06","date_gmt":"2024-10-01T06:51:06","guid":{"rendered":"https:\/\/beautysba.co.uk\/product\/%d1%87%d0%b5%d1%80%d0%bd%d0%be%d0%b5-%d0%ba%d0%b0%d1%80%d0%bf%d0%b0%d1%82%d1%81%d0%ba%d0%be%d0%b5-%d0%bc%d1%8b%d0%bb%d0%be-%d0%b4%d0%bb%d1%8f-%d0%b1%d0%b0%d0%bd%d0%b8-botanic-leaf-300-%d0%bc%d0%bb\/"},"modified":"2024-10-13T12:30:59","modified_gmt":"2024-10-13T12:30:59","slug":"%d1%87%d0%b5%d1%80%d0%bd%d0%be%d0%b5-%d0%ba%d0%b0%d1%80%d0%bf%d0%b0%d1%82%d1%81%d0%ba%d0%be%d0%b5-%d0%bc%d1%8b%d0%bb%d0%be-%d0%b4%d0%bb%d1%8f-%d0%b1%d0%b0%d0%bd%d0%b8-botanic-leaf-300-%d0%bc%d0%bb","status":"publish","type":"product","link":"https:\/\/beautysba.co.uk\/lt\/produktas\/%d1%87%d0%b5%d1%80%d0%bd%d0%be%d0%b5-%d0%ba%d0%b0%d1%80%d0%bf%d0%b0%d1%82%d1%81%d0%ba%d0%be%d0%b5-%d0%bc%d1%8b%d0%bb%d0%be-%d0%b4%d0%bb%d1%8f-%d0%b1%d0%b0%d0%bd%d0%b8-botanic-leaf-300-%d0%bc%d0%bb\/","title":{"rendered":"Juod\u0173j\u0173 Karpat\u0173 vonios muilas &#8220;Botanic Leaf&#8221;, 300 ml"},"content":{"rendered":"<p>VANDUO, GLICERINAS, NATRIO LAURITO SULFATAS, KOKAMIDOPROPIL BETAINAS, KOKAMIDAS DEA, PROPILENGLIKOLIS, NATRIO CHLORIDAS, LAURITAS-2, PEG\/PPG-120\/10 TRIMETILOLPROPANO TRIOLEATAS, PU\u0160IES (PINUS SYLVESTRIS) LAP\u0172 ALIEJUS, PIENO R\u016aG\u0160TIS, NIGELLA SATIVA S\u0116KL\u0172 ALIEJUS, TILIA CORDATA \u017dIED\u0172 EKSTRAKTAS, SALVIA OFFICINALIS LAP\u0172 EKSTRAKTAS, MENTHA PIPERITA LAP\u0172 EKSTRAKTAS, MELISSA OFFICINALIS LAP\u0172 EKSTRAKTAS, JUNIPERUS COMMUNIS VAISI\u0172 EKSTRAKTAS, SAMBUCUS NIGRA \u017dIED\u0172 EKSTRAKTAS, KSANTANO DERVA, PARFUMAS, FENOKSIETANOLIS, METILPARABENAS, PROPILPARABENAS, 2-BROMO-2-NITROPROPAN-1,3-DIOLIS, KARAMEL\u0116.<\/p>\n","protected":false},"excerpt":{"rendered":"<p>&#8220;Botanic Leaf&#8221; kosmetikos serija sukurta tam, kad pirtis tapt\u0173 ne tik poilsio vieta. Pirtis yra ideali vieta odos prie\u017ei\u016brai. Garai atveria poras, o tir\u0161tas muilas giliai valo, intensyviai dr\u0117kina ir detoksikuoja.  <\/p>\n","protected":false},"featured_media":14315,"comment_status":"open","ping_status":"closed","template":"","meta":[],"product_brand":[],"product_cat":[192,190,191],"product_tag":[],"class_list":{"0":"post-14317","1":"product","2":"type-product","3":"status-publish","4":"has-post-thumbnail","6":"product_cat-naujienos","7":"product_cat-prausimosi-priemones2","8":"product_cat-tualeto-reikmenys","10":"first","11":"outofstock","12":"shipping-taxable","13":"purchasable","14":"product-type-simple"},"_links":{"self":[{"href":"https:\/\/beautysba.co.uk\/lt\/wp-json\/wp\/v2\/product\/14317","targetHints":{"allow":["GET"]}}],"collection":[{"href":"https:\/\/beautysba.co.uk\/lt\/wp-json\/wp\/v2\/product"}],"about":[{"href":"https:\/\/beautysba.co.uk\/lt\/wp-json\/wp\/v2\/types\/product"}],"replies":[{"embeddable":true,"href":"https:\/\/beautysba.co.uk\/lt\/wp-json\/wp\/v2\/comments?post=14317"}],"wp:featuredmedia":[{"embeddable":true,"href":"https:\/\/beautysba.co.uk\/lt\/wp-json\/wp\/v2\/media\/14315"}],"wp:attachment":[{"href":"https:\/\/beautysba.co.uk\/lt\/wp-json\/wp\/v2\/media?parent=14317"}],"wp:term":[{"taxonomy":"product_brand","embeddable":true,"href":"https:\/\/beautysba.co.uk\/lt\/wp-json\/wp\/v2\/product_brand?post=14317"},{"taxonomy":"product_cat","embeddable":true,"href":"https:\/\/beautysba.co.uk\/lt\/wp-json\/wp\/v2\/product_cat?post=14317"},{"taxonomy":"product_tag","embeddable":true,"href":"https:\/\/beautysba.co.uk\/lt\/wp-json\/wp\/v2\/product_tag?post=14317"}],"curies":[{"name":"wp","href":"https:\/\/api.w.org\/{rel}","templated":true}]}}