{"id":14329,"date":"2024-10-02T05:13:38","date_gmt":"2024-10-02T05:13:38","guid":{"rendered":"https:\/\/beautysba.co.uk\/product\/%d1%81%d0%bf%d0%be%d0%ba%d0%be%d0%b9%d0%bd%d0%be%d0%b5-%d1%81%d0%b5%d1%80%d0%b4%d1%86%d0%b5-%d0%ba%d0%b0%d0%bf%d0%bb%d0%b8-%d0%be%d1%80%d0%b0%d0%bb%d1%8c%d0%bd%d1%8b%d0%b5-%d0%b4%d0%bb%d1%8f-%d1%81\/"},"modified":"2024-10-13T12:31:02","modified_gmt":"2024-10-13T12:31:02","slug":"%d1%81%d0%bf%d0%be%d0%ba%d0%be%d0%b9%d0%bd%d0%be%d0%b5-%d1%81%d0%b5%d1%80%d0%b4%d1%86%d0%b5-%d0%ba%d0%b0%d0%bf%d0%bb%d0%b8-%d0%be%d1%80%d0%b0%d0%bb%d1%8c%d0%bd%d1%8b%d0%b5-%d0%b4%d0%bb%d1%8f-%d1%81","status":"publish","type":"product","link":"https:\/\/beautysba.co.uk\/lt\/produktas\/%d1%81%d0%bf%d0%be%d0%ba%d0%be%d0%b9%d0%bd%d0%be%d0%b5-%d1%81%d0%b5%d1%80%d0%b4%d1%86%d0%b5-%d0%ba%d0%b0%d0%bf%d0%bb%d0%b8-%d0%be%d1%80%d0%b0%d0%bb%d1%8c%d0%bd%d1%8b%d0%b5-%d0%b4%d0%bb%d1%8f-%d1%81\/","title":{"rendered":"Ramyb\u0117 \u0161ird\u017eiai &#8211; geriamieji la\u0161ai \u0161ird\u017eiai, 50 ml"},"content":{"rendered":"<p>Gausus skystas maisto papildas, skirtas ne tik normaliai \u0161irdies veiklai ir psichologinei savijautai palaikyti, bet ir nuovargio ir pavargimo jausmui ma\u017einti. Vaistini\u0173 valerijon\u0173 ekstraktas padeda palaikyti normali\u0105 \u0161irdies veikl\u0105, normal\u0173 kraujosp\u016bd\u012f ir miego kokyb\u0119. Gudobeli\u0173 ekstraktas padeda palaikyti normali\u0105 \u0161irdies veikl\u0105. Paprastosios valomosios \u017eol\u0117s ekstraktas padeda palaikyti normali\u0105 \u0161irdies ir kraujagysli\u0173 funkcij\u0105. Folio r\u016bg\u0161tis ir vitaminas B6 padeda ma\u017einti pavargimo jausm\u0105 ir nuovarg\u012f, palaiko normali\u0105 psichologin\u0119 funkcij\u0105. Grynasis t\u016bris: 50 ml.<\/p>\n","protected":false},"excerpt":{"rendered":"<p>Gausus skystas maisto papildas, skirtas ne tik normaliai \u0161irdies veiklai ir psichologinei savijautai palaikyti, bet ir nuovargio ir pavargimo jausmui ma\u017einti. Vaistini\u0173 valerijon\u0173 ekstraktas padeda palaikyti normali\u0105 \u0161irdies veikl\u0105, normal\u0173 kraujosp\u016bd\u012f ir miego kokyb\u0119. Gudobeli\u0173 ekstraktas padeda palaikyti normali\u0105 \u0161irdies veikl\u0105. Paprastosios valomosios \u017eol\u0117s ekstraktas padeda palaikyti normali\u0105 \u0161irdies ir kraujagysli\u0173 funkcij\u0105. Folio r\u016bg\u0161tis ir [&hellip;]<\/p>\n","protected":false},"featured_media":14327,"comment_status":"open","ping_status":"closed","template":"","meta":[],"product_brand":[],"product_cat":[217,220],"product_tag":[],"class_list":{"0":"post-14329","1":"product","2":"type-product","3":"status-publish","4":"has-post-thumbnail","6":"product_cat-sveikatos-prieziura","7":"product_cat-zarnyno-sveikata","9":"first","10":"outofstock","11":"shipping-taxable","12":"purchasable","13":"product-type-simple"},"_links":{"self":[{"href":"https:\/\/beautysba.co.uk\/lt\/wp-json\/wp\/v2\/product\/14329","targetHints":{"allow":["GET"]}}],"collection":[{"href":"https:\/\/beautysba.co.uk\/lt\/wp-json\/wp\/v2\/product"}],"about":[{"href":"https:\/\/beautysba.co.uk\/lt\/wp-json\/wp\/v2\/types\/product"}],"replies":[{"embeddable":true,"href":"https:\/\/beautysba.co.uk\/lt\/wp-json\/wp\/v2\/comments?post=14329"}],"wp:featuredmedia":[{"embeddable":true,"href":"https:\/\/beautysba.co.uk\/lt\/wp-json\/wp\/v2\/media\/14327"}],"wp:attachment":[{"href":"https:\/\/beautysba.co.uk\/lt\/wp-json\/wp\/v2\/media?parent=14329"}],"wp:term":[{"taxonomy":"product_brand","embeddable":true,"href":"https:\/\/beautysba.co.uk\/lt\/wp-json\/wp\/v2\/product_brand?post=14329"},{"taxonomy":"product_cat","embeddable":true,"href":"https:\/\/beautysba.co.uk\/lt\/wp-json\/wp\/v2\/product_cat?post=14329"},{"taxonomy":"product_tag","embeddable":true,"href":"https:\/\/beautysba.co.uk\/lt\/wp-json\/wp\/v2\/product_tag?post=14329"}],"curies":[{"name":"wp","href":"https:\/\/api.w.org\/{rel}","templated":true}]}}