{"id":14353,"date":"2024-10-02T05:57:23","date_gmt":"2024-10-02T05:57:23","guid":{"rendered":"https:\/\/beautysba.co.uk\/product\/chlapu-chlap-rabbit-%d0%b1%d0%b0%d0%bb%d1%8c%d0%b7%d0%b0%d0%bc-%d0%b4%d0%bb%d1%8f-%d0%b3%d1%83%d0%b1-%d1%8f%d0%b3%d0%be%d0%b4%d0%ba%d0%b0-7g\/"},"modified":"2024-10-13T12:31:07","modified_gmt":"2024-10-13T12:31:07","slug":"chlapu-chlap-rabbit-%d0%b1%d0%b0%d0%bb%d1%8c%d0%b7%d0%b0%d0%bc-%d0%b4%d0%bb%d1%8f-%d0%b3%d1%83%d0%b1-%d1%8f%d0%b3%d0%be%d0%b4%d0%ba%d0%b0-7g","status":"publish","type":"product","link":"https:\/\/beautysba.co.uk\/lt\/produktas\/chlapu-chlap-rabbit-%d0%b1%d0%b0%d0%bb%d1%8c%d0%b7%d0%b0%d0%bc-%d0%b4%d0%bb%d1%8f-%d0%b3%d1%83%d0%b1-%d1%8f%d0%b3%d0%be%d0%b4%d0%ba%d0%b0-7g\/","title":{"rendered":"Chlapu Chlap Chlap Rabbit Berry l\u016bp\u0173 balzamas 7g"},"content":{"rendered":"<p>Dr\u0117kinamasis l\u016bp\u0173 balzamas su sodriu kvapu, skirtas ma\u017eoms ir didel\u0117ms princes\u0117ms. Burtai ir magija: l\u016bpos sudr\u0117kintos ir maloniai kvepia. Tinka vyresniems nei 3 met\u0173 vaikams. M\u0117gaukit\u0117s mada ir gro\u017eiu! Kaip naudoti: Tolygiai paskirstykite ant l\u016bp\u0173.<\/p>\n","protected":false},"excerpt":{"rendered":"<p>Dr\u0117kinamasis l\u016bp\u0173 balzamas su sodriu kvapu, skirtas ma\u017eoms ir didel\u0117ms princes\u0117ms. Burtai ir magija: l\u016bpos sudr\u0117kintos ir maloniai kvepia. Tinka vyresniems nei 3 met\u0173 vaikams. M\u0117gaukit\u0117s mada ir gro\u017eiu! Kaip naudoti: Tolygiai paskirstykite ant l\u016bp\u0173.<\/p>\n","protected":false},"featured_media":14351,"comment_status":"open","ping_status":"closed","template":"","meta":[],"product_brand":[],"product_cat":[196,199,192,114,289],"product_tag":[],"class_list":{"0":"post-14353","1":"product","2":"type-product","3":"status-publish","4":"has-post-thumbnail","6":"product_cat-lupu-prieziura","7":"product_cat-makiazas","8":"product_cat-naujienos","9":"product_cat-vaikiska-kosmetika","10":"product_cat----lt-2","12":"first","13":"outofstock","14":"shipping-taxable","15":"purchasable","16":"product-type-simple"},"_links":{"self":[{"href":"https:\/\/beautysba.co.uk\/lt\/wp-json\/wp\/v2\/product\/14353","targetHints":{"allow":["GET"]}}],"collection":[{"href":"https:\/\/beautysba.co.uk\/lt\/wp-json\/wp\/v2\/product"}],"about":[{"href":"https:\/\/beautysba.co.uk\/lt\/wp-json\/wp\/v2\/types\/product"}],"replies":[{"embeddable":true,"href":"https:\/\/beautysba.co.uk\/lt\/wp-json\/wp\/v2\/comments?post=14353"}],"wp:featuredmedia":[{"embeddable":true,"href":"https:\/\/beautysba.co.uk\/lt\/wp-json\/wp\/v2\/media\/14351"}],"wp:attachment":[{"href":"https:\/\/beautysba.co.uk\/lt\/wp-json\/wp\/v2\/media?parent=14353"}],"wp:term":[{"taxonomy":"product_brand","embeddable":true,"href":"https:\/\/beautysba.co.uk\/lt\/wp-json\/wp\/v2\/product_brand?post=14353"},{"taxonomy":"product_cat","embeddable":true,"href":"https:\/\/beautysba.co.uk\/lt\/wp-json\/wp\/v2\/product_cat?post=14353"},{"taxonomy":"product_tag","embeddable":true,"href":"https:\/\/beautysba.co.uk\/lt\/wp-json\/wp\/v2\/product_tag?post=14353"}],"curies":[{"name":"wp","href":"https:\/\/api.w.org\/{rel}","templated":true}]}}