{"id":14427,"date":"2024-10-02T06:42:16","date_gmt":"2024-10-02T06:42:16","guid":{"rendered":"https:\/\/beautysba.co.uk\/product\/%d0%b3%d0%b5%d0%bb%d1%8c-%d0%bc%d1%8b%d0%bb%d0%be-kitty-lucy-250-%d0%bc%d0%bb-pink-elephant\/"},"modified":"2024-10-13T12:27:49","modified_gmt":"2024-10-13T12:27:49","slug":"%d0%b3%d0%b5%d0%bb%d1%8c-%d0%bc%d1%8b%d0%bb%d0%be-kitty-lucy-250-%d0%bc%d0%bb-pink-elephant","status":"publish","type":"product","link":"https:\/\/beautysba.co.uk\/lt\/produktas\/%d0%b3%d0%b5%d0%bb%d1%8c-%d0%bc%d1%8b%d0%bb%d0%be-kitty-lucy-250-%d0%bc%d0%bb-pink-elephant\/","title":{"rendered":"Kitty Lucy 250ml ro\u017einis dramblio muilas"},"content":{"rendered":"<p>Kvapnus kreminis muilas su pieno ekstraktu ir \u0161velniomis plovimo med\u017eiagomis \u0161velniai valo ir pri\u017ei\u016bri jautri\u0105 k\u016bdikio od\u0105. Jo pH yra subalansuotas. Pantenolis ir alantoinas mink\u0161tina ir dr\u0117kina od\u0105. Kvie\u010di\u0173 baltymai sulaiko dr\u0117gm\u0119 odos pavir\u0161iuje, pa\u0161alindami sausum\u0105. Putos neerzina patekusios \u012f akis. Kaip naudoti: u\u017etepkite ant dr\u0117gnos odos, i\u0161skalaukite, nuplaukite vandeniu.    <\/p>\n<p>Atsargumo priemon\u0117s: Tik i\u0161oriniam naudojimui. Patekus \u012f akis, praplauti vandeniu.<\/p>\n<p>Sudedamosios dalys : Vanduo, natrio mireto sulfatas, kokamidopropil betainas, PEG-7 glicerilo kokoatas, glicerinas, laurilo gliukozidas, PEG-200 hidrintas glicerilo palmatas, stireno ir akrilat\u0173 kopolimeras, kokoso gliukozidas, natrio chloridas, Disodium Laureth Sulfosuccinate, Polysorbate 20, Lauryl Lactate, Polyquaternium-7, Parfum, Panthenol, Allantoin, Hydrolyzed Wheat Protein, Lac Extract, Citric Acid, DMDM-Hydantoin, Methylchloroisothiazolinone, Methylisothiazolinone.<\/p>\n","protected":false},"excerpt":{"rendered":"<p>Kvapnus kreminis muilas su pieno ekstraktu ir \u0161velniomis plovimo med\u017eiagomis \u0161velniai valo ir pri\u017ei\u016bri jautri\u0105 k\u016bdikio od\u0105. Jo pH yra subalansuotas. Pantenolis ir alantoinas mink\u0161tina ir dr\u0117kina od\u0105. Kvie\u010di\u0173 baltymai sulaiko dr\u0117gm\u0119 odos pavir\u0161iuje, pa\u0161alindami sausum\u0105. Putos neerzina patekusios \u012f akis. Kaip naudoti: u\u017etepkite ant dr\u0117gnos odos, i\u0161skalaukite, nuplaukite vandeniu. Atsargumo priemon\u0117s: Tik i\u0161oriniam naudojimui. [&hellip;]<\/p>\n","protected":false},"featured_media":14425,"comment_status":"open","ping_status":"closed","template":"","meta":[],"product_brand":[],"product_cat":[192,115,114],"product_tag":[],"class_list":{"0":"post-14427","1":"product","2":"type-product","3":"status-publish","4":"has-post-thumbnail","6":"product_cat-naujienos","7":"product_cat-prausimosi-priemones","8":"product_cat-vaikiska-kosmetika","10":"first","11":"outofstock","12":"shipping-taxable","13":"purchasable","14":"product-type-simple"},"_links":{"self":[{"href":"https:\/\/beautysba.co.uk\/lt\/wp-json\/wp\/v2\/product\/14427","targetHints":{"allow":["GET"]}}],"collection":[{"href":"https:\/\/beautysba.co.uk\/lt\/wp-json\/wp\/v2\/product"}],"about":[{"href":"https:\/\/beautysba.co.uk\/lt\/wp-json\/wp\/v2\/types\/product"}],"replies":[{"embeddable":true,"href":"https:\/\/beautysba.co.uk\/lt\/wp-json\/wp\/v2\/comments?post=14427"}],"wp:featuredmedia":[{"embeddable":true,"href":"https:\/\/beautysba.co.uk\/lt\/wp-json\/wp\/v2\/media\/14425"}],"wp:attachment":[{"href":"https:\/\/beautysba.co.uk\/lt\/wp-json\/wp\/v2\/media?parent=14427"}],"wp:term":[{"taxonomy":"product_brand","embeddable":true,"href":"https:\/\/beautysba.co.uk\/lt\/wp-json\/wp\/v2\/product_brand?post=14427"},{"taxonomy":"product_cat","embeddable":true,"href":"https:\/\/beautysba.co.uk\/lt\/wp-json\/wp\/v2\/product_cat?post=14427"},{"taxonomy":"product_tag","embeddable":true,"href":"https:\/\/beautysba.co.uk\/lt\/wp-json\/wp\/v2\/product_tag?post=14427"}],"curies":[{"name":"wp","href":"https:\/\/api.w.org\/{rel}","templated":true}]}}