{"id":14444,"date":"2024-10-09T19:00:10","date_gmt":"2024-10-09T19:00:10","guid":{"rendered":"https:\/\/beautysba.co.uk\/product\/%d0%bf%d1%87%d0%b5%d0%bb%d0%b8%d0%bd%d0%b0%d1%8f-%d0%bf%d1%8b%d0%bb%d1%8c%d1%86%d0%b0-100g\/"},"modified":"2024-10-13T12:27:52","modified_gmt":"2024-10-13T12:27:52","slug":"%d0%bf%d1%87%d0%b5%d0%bb%d0%b8%d0%bd%d0%b0%d1%8f-%d0%bf%d1%8b%d0%bb%d1%8c%d1%86%d0%b0-100g","status":"publish","type":"product","link":"https:\/\/beautysba.co.uk\/lt\/produktas\/%d0%bf%d1%87%d0%b5%d0%bb%d0%b8%d0%bd%d0%b0%d1%8f-%d0%bf%d1%8b%d0%bb%d1%8c%d1%86%d0%b0-100g\/","title":{"rendered":"Bi\u010di\u0173 \u017eiedadulk\u0117s 100g"},"content":{"rendered":"<p>Bi\u010di\u0173 \u017eiedadulk\u0117s yra tam tikras koncentratas, kuriame yra baltym\u0173, vitamin\u0173, mineral\u0173 ir amino r\u016bg\u0161\u010di\u0173. Pagal aminor\u016bg\u0161\u010di\u0173 rinkin\u012f \u0161is produktas yra artimiausias m\u0117sai, kiau\u0161iniams ir pieno produktams.<\/p>\n<p>Bi\u010di\u0173 \u017eiedadulki\u0173 maistin\u0117 vert\u0117 yra ma\u017edaug 215 kcal 100 gram\u0173 produkto. Baltym\u0173 kiekis \u2013 13 g, riebal\u0173 \u2013 1 g, angliavandeni\u0173 \u2013 39 g.<\/p>\n<p>Tai \u012feina:<\/p>\n<ol>\n<li>Vitaminai:<\/li>\n<\/ol>\n<ul>\n<li>Retinolis (A): gerina reg\u0117jim\u0105, skatina kaul\u0173 stiprum\u0105 ir greit\u0105 odos atsinaujinim\u0105.<\/li>\n<li>Tiaminas (B1): normalizuoja \u0161irdies ir kraujagysli\u0173 sistemos, vir\u0161kinamojo trakto darb\u0105, gerina apetit\u0105.<\/li>\n<li>Riboflavinas (B2): pagreitina l\u0105steli\u0173 augim\u0105 ir regeneracij\u0105, normalizuoja nerv\u0173 sistemos veikl\u0105, dalyvauja med\u017eiag\u0173 apykaitos procesuose.<\/li>\n<li>Niacinas (B3): gerina med\u017eiag\u0173 apykait\u0105, ma\u017eina blogojo cholesterolio kiek\u012f, stiprina nerv\u0173 sistem\u0105.<\/li>\n<li>Pantoteno r\u016bg\u0161tis (B5): stiprina imunin\u0119 sistem\u0105, gerina smegen\u0173 veikl\u0105, dalyvauja normalizuojant med\u017eiag\u0173 apykaitos procesus.<\/li>\n<li>Folio r\u016bg\u0161tis (B9): gerina kraujo susidarym\u0105 ir baltym\u0173 sintez\u0119, didina organizmo reprodukcin\u012f paj\u0117gum\u0105.<\/li>\n<li>Tokoferolis (E): dalyvauja formuojantis eritrocitams, normalizuoja nerv\u0173 sistemos veikl\u0105.<\/li>\n<li>Biotinas (H): dalyvauja gliukoz\u0117s sintez\u0117je, steroid\u0173 ir aminor\u016bg\u0161\u010di\u0173 skaidyme bei sintez\u0117je.<\/li>\n<li>Flavonoidai (P): suma\u017eina kraujagysli\u0173 pralaidum\u0105.<\/li>\n<li>Askorbo r\u016bg\u0161tis (C): ma\u017eina cholesterolio kiek\u012f, dalyvauja pasisavinant gele\u017e\u012f ir kalc\u012f, stiprina imunin\u0119 sistem\u0105, turi bendr\u0105 stiprinam\u0105j\u012f poveik\u012f, saugo nuo laisv\u0173j\u0173 radikal\u0173.<\/li>\n<\/ul>\n<ol>\n<li>Mineralai:<\/li>\n<\/ol>\n<ul>\n<li>Kalis: normalizuoja r\u016bg\u0161\u010di\u0173 ir \u0161arm\u0173 pusiausvyr\u0105, normalizuoja natrio kiek\u012f, gerina \u0161irdies ir kraujagysli\u0173 sistemos veikl\u0105.<\/li>\n<li>Kalcis: dalyvauja formuojant kaulin\u012f audin\u012f, normalizuoja nerv\u0173 ir \u0161irdies ir kraujagysli\u0173 sistem\u0173 veikl\u0105<\/li>\n<li>Natris: normalizuoja kraujosp\u016bd\u012f, dalyvauja vir\u0161kinimo ferment\u0173 gamyboje, teigiamai veikia raumen\u0173 ir nerv\u0173 audinius.<\/li>\n<li>Magnis: ma\u017eina nervin\u012f dirglum\u0105, dalyvauja formuojantis kaulams, normalizuoja angliavandeni\u0173 apykait\u0105.<\/li>\n<li>Fosforas: normalizuoja \u0161irdies ir kraujagysli\u0173 bei nerv\u0173 audini\u0173, hormon\u0173 darb\u0105.<\/li>\n<\/ul>\n<h3>Bi\u010di\u0173 \u017eiedadulki\u0173 pa\u0117mimo taisykl\u0117s<\/h3>\n<p>Bi\u010di\u0173 \u017eiedadulk\u0117s vartojamos kaip biologi\u0161kai aktyvus maisto papildas ir gydymo bei profilaktikos tikslais. Ekspertai pataria jo vartoti ne daugiau kaip du arbatinius \u0161auk\u0161telius be vir\u0161aus per dien\u0105. Bi\u010di\u0173 \u017eiedadulkes rekomenduojama mai\u0161yti su medumi lygiomis dalimis.<\/p>\n<p>Paruo\u0161t\u0105 mi\u0161in\u012f reikia paki\u0161ti po lie\u017euviu ir i\u0161siurbti. Pri\u0117mimas tur\u0117t\u0173 b\u016bti padalintas per pus\u0119. Gydymas turi b\u016bti atliekamas kursais: 20 dien\u0173 3-4 kartus per metus.<\/p>\n<p>Gydytojai pataria nevalgyti bi\u010di\u0173 \u017eiedadulki\u0173 tu\u0161\u010diu skrand\u017eiu. I\u0161g\u0117rus netur\u0117tum\u0117te gerti skys\u010di\u0173 dar 30 minu\u010di\u0173. Nerekomenduojama jo vartoti nakt\u012f: turi ry\u0161ki\u0105 tonizuojan\u010di\u0105 savyb\u0119.<\/p>\n","protected":false},"excerpt":{"rendered":"<p>Bi\u010di\u0173 \u017eiedadulk\u0117s yra tam tikras koncentratas, kuriame yra baltym\u0173, vitamin\u0173, mineral\u0173 ir amino r\u016bg\u0161\u010di\u0173. Pagal aminor\u016bg\u0161\u010di\u0173 rinkin\u012f \u0161is produktas yra artimiausias m\u0117sai, kiau\u0161iniams ir pieno produktams. Bi\u010di\u0173 \u017eiedadulki\u0173 maistin\u0117 vert\u0117 yra ma\u017edaug 215 kcal 100 gram\u0173 produkto. Baltym\u0173 kiekis \u2013 13 g, riebal\u0173 \u2013 1 g, angliavandeni\u0173 \u2013 39 g. Tai \u012feina: Vitaminai: Retinolis (A): [&hellip;]<\/p>\n","protected":false},"featured_media":14442,"comment_status":"open","ping_status":"closed","template":"","meta":[],"product_brand":[],"product_cat":[254,297],"product_tag":[],"class_list":{"0":"post-14444","1":"product","2":"type-product","3":"status-publish","4":"has-post-thumbnail","6":"product_cat-is-bityno","7":"product_cat--lt","9":"first","10":"instock","11":"shipping-taxable","12":"purchasable","13":"product-type-simple"},"_links":{"self":[{"href":"https:\/\/beautysba.co.uk\/lt\/wp-json\/wp\/v2\/product\/14444","targetHints":{"allow":["GET"]}}],"collection":[{"href":"https:\/\/beautysba.co.uk\/lt\/wp-json\/wp\/v2\/product"}],"about":[{"href":"https:\/\/beautysba.co.uk\/lt\/wp-json\/wp\/v2\/types\/product"}],"replies":[{"embeddable":true,"href":"https:\/\/beautysba.co.uk\/lt\/wp-json\/wp\/v2\/comments?post=14444"}],"wp:featuredmedia":[{"embeddable":true,"href":"https:\/\/beautysba.co.uk\/lt\/wp-json\/wp\/v2\/media\/14442"}],"wp:attachment":[{"href":"https:\/\/beautysba.co.uk\/lt\/wp-json\/wp\/v2\/media?parent=14444"}],"wp:term":[{"taxonomy":"product_brand","embeddable":true,"href":"https:\/\/beautysba.co.uk\/lt\/wp-json\/wp\/v2\/product_brand?post=14444"},{"taxonomy":"product_cat","embeddable":true,"href":"https:\/\/beautysba.co.uk\/lt\/wp-json\/wp\/v2\/product_cat?post=14444"},{"taxonomy":"product_tag","embeddable":true,"href":"https:\/\/beautysba.co.uk\/lt\/wp-json\/wp\/v2\/product_tag?post=14444"}],"curies":[{"name":"wp","href":"https:\/\/api.w.org\/{rel}","templated":true}]}}