{"id":14508,"date":"2024-10-10T10:14:04","date_gmt":"2024-10-10T10:14:04","guid":{"rendered":"https:\/\/beautysba.co.uk\/product\/gurmans-green-christmas-%d0%b7%d0%b5%d0%bb%d0%b5%d0%bd%d1%8b%d0%b9-%d1%87%d0%b0%d0%b9-50g\/"},"modified":"2024-10-13T12:27:28","modified_gmt":"2024-10-13T12:27:28","slug":"gurmans-green-christmas-%d0%b7%d0%b5%d0%bb%d0%b5%d0%bd%d1%8b%d0%b9-%d1%87%d0%b0%d0%b9-50g","status":"publish","type":"product","link":"https:\/\/beautysba.co.uk\/lt\/produktas\/gurmans-green-christmas-%d0%b7%d0%b5%d0%bb%d0%b5%d0%bd%d1%8b%d0%b9-%d1%87%d0%b0%d0%b9-50g\/","title":{"rendered":"GURMAN&#8217;S GREEN CHRISTMAS, \u017ealioji arbata 50g"},"content":{"rendered":"<p>Tai specialus arbatos mi\u0161inys, sudarytas i\u0161 kruop\u0161\u010diai atrinkt\u0173 ingredient\u0173, kurie tarpusavyje dera ir sukuria kerin\u010dio aromato arbat\u0105. Sud\u0117tis: Senchia \u017ealioji arbata, cukraus snaig\u0117s, ananasai, obuoli\u0173 gabaliukai, apelsin\u0173 cukruoti vaisiai, spanguoli\u0173 gabaliukai, \u010diobreli\u0173 \u017eol\u0117, medetk\u0173 \u017eiedlapiai, kvapiosios med\u017eiagos. Paruo\u0161imas: 1 arb. \u0161. mirkyti; 70-80 \u2070C; min.<\/p>\n<p>2 &#8211; 3. Laikymo s\u0105lygos: norint i\u0161saugoti nat\u016bral\u0173 arbatos skon\u012f ir aromat\u0105, rekomenduojame j\u0105 laikyti sandariai u\u017edarytoje d\u0117\u017eut\u0117je, sausoje ir v\u0117sioje vietoje, atokiau nuo stipraus aromato produkt\u0173.<\/p>\n","protected":false},"excerpt":{"rendered":"<p>Tai specialus arbatos mi\u0161inys, sudarytas i\u0161 kruop\u0161\u010diai atrinkt\u0173 ingredient\u0173, kurie tarpusavyje dera ir sukuria kerin\u010dio aromato arbat\u0105. Sud\u0117tis: Senchia \u017ealioji arbata, cukraus snaig\u0117s, ananasai, obuoli\u0173 gabaliukai, apelsin\u0173 cukruoti vaisiai, spanguoli\u0173 gabaliukai, \u010diobreli\u0173 \u017eol\u0117, medetk\u0173 \u017eiedlapiai, kvapiosios med\u017eiagos. Paruo\u0161imas: 1 arb. \u0161. mirkyti; 70-80 \u2070C; min. 2 &#8211; 3. Laikymo s\u0105lygos: norint i\u0161saugoti nat\u016bral\u0173 arbatos skon\u012f [&hellip;]<\/p>\n","protected":false},"featured_media":14506,"comment_status":"open","ping_status":"closed","template":"","meta":[],"product_brand":[],"product_cat":[217,279,270],"product_tag":[],"class_list":{"0":"post-14508","1":"product","2":"type-product","3":"status-publish","4":"has-post-thumbnail","6":"product_cat-sveikatos-prieziura","7":"product_cat---lt","8":"product_cat----lt","10":"first","11":"outofstock","12":"shipping-taxable","13":"purchasable","14":"product-type-simple"},"_links":{"self":[{"href":"https:\/\/beautysba.co.uk\/lt\/wp-json\/wp\/v2\/product\/14508","targetHints":{"allow":["GET"]}}],"collection":[{"href":"https:\/\/beautysba.co.uk\/lt\/wp-json\/wp\/v2\/product"}],"about":[{"href":"https:\/\/beautysba.co.uk\/lt\/wp-json\/wp\/v2\/types\/product"}],"replies":[{"embeddable":true,"href":"https:\/\/beautysba.co.uk\/lt\/wp-json\/wp\/v2\/comments?post=14508"}],"wp:featuredmedia":[{"embeddable":true,"href":"https:\/\/beautysba.co.uk\/lt\/wp-json\/wp\/v2\/media\/14506"}],"wp:attachment":[{"href":"https:\/\/beautysba.co.uk\/lt\/wp-json\/wp\/v2\/media?parent=14508"}],"wp:term":[{"taxonomy":"product_brand","embeddable":true,"href":"https:\/\/beautysba.co.uk\/lt\/wp-json\/wp\/v2\/product_brand?post=14508"},{"taxonomy":"product_cat","embeddable":true,"href":"https:\/\/beautysba.co.uk\/lt\/wp-json\/wp\/v2\/product_cat?post=14508"},{"taxonomy":"product_tag","embeddable":true,"href":"https:\/\/beautysba.co.uk\/lt\/wp-json\/wp\/v2\/product_tag?post=14508"}],"curies":[{"name":"wp","href":"https:\/\/api.w.org\/{rel}","templated":true}]}}