{"id":14656,"date":"2024-10-16T06:09:32","date_gmt":"2024-10-16T06:09:32","guid":{"rendered":"https:\/\/beautysba.co.uk\/product\/%d1%81%d0%ba%d1%80%d0%b0%d0%b1-%d0%b4%d0%bb%d1%8f-%d1%82%d0%b5%d0%bb%d0%b0-%d0%bc%d0%b5%d1%80%d1%82%d0%b2%d0%be%d0%b3%d0%be-%d0%bc%d0%be%d1%80%d1%8f-%d1%81%d0%be%d0%bb%d0%b5%d0%b2%d0%be%d0%b9-c-%d0%b0\/"},"modified":"2024-10-16T10:27:10","modified_gmt":"2024-10-16T10:27:10","slug":"%d1%81%d0%ba%d1%80%d0%b0%d0%b1-%d0%b4%d0%bb%d1%8f-%d1%82%d0%b5%d0%bb%d0%b0-%d0%bc%d0%b5%d1%80%d1%82%d0%b2%d0%be%d0%b3%d0%be-%d0%bc%d0%be%d1%80%d1%8f-%d1%81%d0%be%d0%bb%d0%b5%d0%b2%d0%be%d0%b9-c-%d0%b0","status":"publish","type":"product","link":"https:\/\/beautysba.co.uk\/lt\/produktas\/%d1%81%d0%ba%d1%80%d0%b0%d0%b1-%d0%b4%d0%bb%d1%8f-%d1%82%d0%b5%d0%bb%d0%b0-%d0%bc%d0%b5%d1%80%d1%82%d0%b2%d0%be%d0%b3%d0%be-%d0%bc%d0%be%d1%80%d1%8f-%d1%81%d0%be%d0%bb%d0%b5%d0%b2%d0%be%d0%b9-c-%d0%b0\/","title":{"rendered":"Negyvosios j\u016bros druskos k\u016bno \u0161veitiklis su ananasais ir kokosais 400gm Victoria Beauty"},"content":{"rendered":"<p>NEGYVOSIOS J\u016aROS DRUSKOS K\u016aNO \u0160VEITIKLIS SU ANANASAIS IR KOKOSAIS 400 GR. \u0160veitiklis veidui ir k\u016bnui su ananas\u0173 prie\u017ei\u016bra. Produktas akimirksniu perkels jus \u012f savo atogr\u0105\u017e\u0173 roj\u0173 d\u0117l malonaus sulting\u0173 ananas\u0173 aromato. Sud\u0117tyje esan\u010dios 100 % grynos Negyvosios j\u016bros druskos \u0161velniai nu\u0161vei\u010dia negyvas l\u0105steles, pa\u017eadina odos gyvybingum\u0105 ir padaro j\u0105 ne\u012ftik\u0117tinai lygi\u0105 bei \u0161velni\u0105. NAUDOJIMO INSTRUKCIJA: tepkite k\u016bno \u0161veitikl\u012f ant dr\u0117gnos odos, masa\u017euokite 2-3 minutes, tada nuplaukite drungnu vandeniu. SUD\u0116TIS pagal INCI: \u017er. pakuot\u0117s Nr.<\/p>\n<p>\u012eSP\u0116JIMAS: Nenaudoti esant padid\u0117jusiam jautrumui bet kuriai sudedamajai daliai. Jei pasirei\u0161kia alergin\u0117s reakcijos, nutraukite vartojim\u0105 ir kreipkit\u0117s \u012f gydytoj\u0105. Tik i\u0161oriniam naudojimui. Venkite aki\u0173 kontakto. Patekus \u012f akis, kruop\u0161\u010diai nuplaukite vandeniu. Laikyti nuo +5\u00baC iki +25\u00baC temperat\u016broje, sausoje, tamsioje, vaikams nepasiekiamoje vietoje.<\/p>\n<p>METAI PRIE\u0160: \u017er. pakuot\u0119.<\/p>\n<p>Gamintojas: Camco, Bulgarija<\/p>\n","protected":false},"excerpt":{"rendered":"<p>NEGYVOSIOS J\u016aROS DRUSKOS K\u016aNO \u0160VEITIKLIS SU ANANASAIS IR KOKOSAIS 400 GR. \u0160veitiklis veidui ir k\u016bnui su ananas\u0173 prie\u017ei\u016bra. Produktas akimirksniu perkels jus \u012f savo atogr\u0105\u017e\u0173 roj\u0173 d\u0117l malonaus sulting\u0173 ananas\u0173 aromato. Sud\u0117tyje esan\u010dios 100 % grynos Negyvosios j\u016bros druskos \u0161velniai nu\u0161vei\u010dia negyvas l\u0105steles, pa\u017eadina odos gyvybingum\u0105 ir padaro j\u0105 ne\u012ftik\u0117tinai lygi\u0105 bei \u0161velni\u0105. NAUDOJIMO INSTRUKCIJA: [&hellip;]<\/p>\n","protected":false},"featured_media":14653,"comment_status":"open","ping_status":"closed","template":"","meta":[],"product_brand":[],"product_cat":[119,122,192],"product_tag":[],"class_list":{"0":"post-14656","1":"product","2":"type-product","3":"status-publish","4":"has-post-thumbnail","6":"product_cat-kuno-produktai","7":"product_cat-kuno-sveitikliai","8":"product_cat-naujienos","10":"first","11":"outofstock","12":"shipping-taxable","13":"purchasable","14":"product-type-simple"},"_links":{"self":[{"href":"https:\/\/beautysba.co.uk\/lt\/wp-json\/wp\/v2\/product\/14656","targetHints":{"allow":["GET"]}}],"collection":[{"href":"https:\/\/beautysba.co.uk\/lt\/wp-json\/wp\/v2\/product"}],"about":[{"href":"https:\/\/beautysba.co.uk\/lt\/wp-json\/wp\/v2\/types\/product"}],"replies":[{"embeddable":true,"href":"https:\/\/beautysba.co.uk\/lt\/wp-json\/wp\/v2\/comments?post=14656"}],"wp:featuredmedia":[{"embeddable":true,"href":"https:\/\/beautysba.co.uk\/lt\/wp-json\/wp\/v2\/media\/14653"}],"wp:attachment":[{"href":"https:\/\/beautysba.co.uk\/lt\/wp-json\/wp\/v2\/media?parent=14656"}],"wp:term":[{"taxonomy":"product_brand","embeddable":true,"href":"https:\/\/beautysba.co.uk\/lt\/wp-json\/wp\/v2\/product_brand?post=14656"},{"taxonomy":"product_cat","embeddable":true,"href":"https:\/\/beautysba.co.uk\/lt\/wp-json\/wp\/v2\/product_cat?post=14656"},{"taxonomy":"product_tag","embeddable":true,"href":"https:\/\/beautysba.co.uk\/lt\/wp-json\/wp\/v2\/product_tag?post=14656"}],"curies":[{"name":"wp","href":"https:\/\/api.w.org\/{rel}","templated":true}]}}