{"id":14669,"date":"2024-10-16T06:12:42","date_gmt":"2024-10-16T06:12:42","guid":{"rendered":"https:\/\/beautysba.co.uk\/product\/%d1%81%d0%ba%d1%80%d0%b0%d0%b1-%d0%b4%d0%bb%d1%8f-%d1%82%d0%b5%d0%bb%d0%b0-%d1%81-%d1%81%d0%be%d0%bb%d1%8c%d1%8e-%d0%bc%d0%b5%d1%80%d1%82%d0%b2%d0%be%d0%b3%d0%be-%d0%bc%d0%be%d1%80%d1%8f-400-%d0%b3\/"},"modified":"2025-04-30T10:36:22","modified_gmt":"2025-04-30T10:36:22","slug":"%d1%81%d0%ba%d1%80%d0%b0%d0%b1-%d0%b4%d0%bb%d1%8f-%d1%82%d0%b5%d0%bb%d0%b0-%d1%81-%d1%81%d0%be%d0%bb%d1%8c%d1%8e-%d0%bc%d0%b5%d1%80%d1%82%d0%b2%d0%be%d0%b3%d0%be-%d0%bc%d0%be%d1%80%d1%8f-400-%d0%b3","status":"publish","type":"product","link":"https:\/\/beautysba.co.uk\/lt\/produktas\/%d1%81%d0%ba%d1%80%d0%b0%d0%b1-%d0%b4%d0%bb%d1%8f-%d1%82%d0%b5%d0%bb%d0%b0-%d1%81-%d1%81%d0%be%d0%bb%d1%8c%d1%8e-%d0%bc%d0%b5%d1%80%d1%82%d0%b2%d0%be%d0%b3%d0%be-%d0%bc%d0%be%d1%80%d1%8f-400-%d0%b3\/","title":{"rendered":"K\u016bno \u0161veitiklis su Negyvosios j\u016bros druska 400 g su bra\u0161ki\u0173 ir vanil\u0117s aromatu &#8211; Victoria Beauty"},"content":{"rendered":"<p>&#8220;Victoria Beauty Salt Body Peeling&#8221; Negyvosios j\u016bros druskos \u0161veitiklis r\u016bpinasi viso k\u016bno oda, puikiai j\u0105 mink\u0161tina ir i\u0161saugo elastingum\u0105.<\/p>\n<p>Reguliariai masa\u017euojant \u0161velniai pa\u0161alinamos sausos, negyvos odos l\u0105stel\u0117s, pager\u0117ja odos kraujotaka, tod\u0117l ji tampa elastinga. sud\u0117tyje yra 99 % nat\u016brali\u0173 ingredient\u0173 gaivus bra\u0161ki\u0173 kvapas apr\u016bpina od\u0105 b\u016btiniausiais mineralais pa\u0161alina negyvas odos l\u0105steles ma\u017eina celiulit\u0105 D\u0117l didelio mineral\u0173 kiekio Negyvosios j\u016bros druska teigiamai veikia vis\u0173 tip\u0173 od\u0105, ypa\u010d jautri\u0105, linkusi\u0105 \u012f sudirgimus, alergijas ir odos ligas. Druskos kristalai \u0161velniai pa\u0161alina negyvas odos l\u0105steles ir sumink\u0161tina \u0161iurk\u0161\u010di\u0105 alk\u016bni\u0173, rank\u0173 ir keli\u0173 od\u0105. Be to, druska lengvai tonizuoja od\u0105, stiprina jos atsparum\u0105, gerina b\u016bkl\u0119 esant celiulitui ir kitiems odos tr\u016bkumams. D\u0117l joje esan\u010di\u0173 mineral\u0173 ji atpalaiduoja k\u016bn\u0105 ir suteikia energijos. U\u017epildo viso k\u016bno od\u0105 \u0161vie\u017ei\u0173 bra\u0161ki\u0173 aromatu. Sud\u0117tyje yra 100 % grynos Negyvosios j\u016bros druskos, kokos\u0173 ir avokad\u0173 aliejaus, sald\u017ei\u0173j\u0173 migdol\u0173 aliejaus ir simondsij\u0173 aliejaus. Naudojimas: Reikiam\u0105 kiek\u012f \u017eievel\u0117s u\u017etepkite ant dr\u0117gnos odos nuo p\u0117d\u0173 \u012f vir\u0161\u0173 sukamaisiais judesiais \u0161irdies link. Palaipsniui tepkite vis\u0105 k\u016bn\u0105, ypating\u0105 d\u0117mes\u012f skirdami sausoms ir \u0161iurk\u0161\u010dioms vietoms. Palikite 2-3 minutes, tada kruop\u0161\u010diai nuplaukite vandeniu. Galima naudoti ir ant veido. <\/p>\n","protected":false},"excerpt":{"rendered":"<p>&#8220;Victoria Beauty Salt Body Peeling&#8221; Negyvosios j\u016bros druskos \u0161veitiklis r\u016bpinasi viso k\u016bno oda, puikiai j\u0105 mink\u0161tina ir i\u0161saugo elastingum\u0105. Reguliariai masa\u017euojant \u0161velniai pa\u0161alinamos sausos, negyvos odos l\u0105stel\u0117s, pager\u0117ja odos kraujotaka, tod\u0117l ji tampa elastinga. sud\u0117tyje yra 99 % nat\u016brali\u0173 ingredient\u0173 gaivus bra\u0161ki\u0173 kvapas apr\u016bpina od\u0105 b\u016btiniausiais mineralais pa\u0161alina negyvas odos l\u0105steles ma\u017eina celiulit\u0105 D\u0117l didelio [&hellip;]<\/p>\n","protected":false},"featured_media":14666,"comment_status":"open","ping_status":"closed","template":"","meta":[],"product_brand":[],"product_cat":[119,122,192],"product_tag":[],"class_list":{"0":"post-14669","1":"product","2":"type-product","3":"status-publish","4":"has-post-thumbnail","6":"product_cat-kuno-produktai","7":"product_cat-kuno-sveitikliai","8":"product_cat-naujienos","10":"first","11":"outofstock","12":"shipping-taxable","13":"purchasable","14":"product-type-simple"},"_links":{"self":[{"href":"https:\/\/beautysba.co.uk\/lt\/wp-json\/wp\/v2\/product\/14669","targetHints":{"allow":["GET"]}}],"collection":[{"href":"https:\/\/beautysba.co.uk\/lt\/wp-json\/wp\/v2\/product"}],"about":[{"href":"https:\/\/beautysba.co.uk\/lt\/wp-json\/wp\/v2\/types\/product"}],"replies":[{"embeddable":true,"href":"https:\/\/beautysba.co.uk\/lt\/wp-json\/wp\/v2\/comments?post=14669"}],"wp:featuredmedia":[{"embeddable":true,"href":"https:\/\/beautysba.co.uk\/lt\/wp-json\/wp\/v2\/media\/14666"}],"wp:attachment":[{"href":"https:\/\/beautysba.co.uk\/lt\/wp-json\/wp\/v2\/media?parent=14669"}],"wp:term":[{"taxonomy":"product_brand","embeddable":true,"href":"https:\/\/beautysba.co.uk\/lt\/wp-json\/wp\/v2\/product_brand?post=14669"},{"taxonomy":"product_cat","embeddable":true,"href":"https:\/\/beautysba.co.uk\/lt\/wp-json\/wp\/v2\/product_cat?post=14669"},{"taxonomy":"product_tag","embeddable":true,"href":"https:\/\/beautysba.co.uk\/lt\/wp-json\/wp\/v2\/product_tag?post=14669"}],"curies":[{"name":"wp","href":"https:\/\/api.w.org\/{rel}","templated":true}]}}