{"id":14699,"date":"2024-10-16T06:25:06","date_gmt":"2024-10-16T06:25:06","guid":{"rendered":"https:\/\/beautysba.co.uk\/product\/%d0%bc%d1%83%d0%bc%d0%b8%d0%b5-200mg-n60-farmgrup\/"},"modified":"2025-01-08T10:08:08","modified_gmt":"2025-01-08T10:08:08","slug":"%d0%bc%d1%83%d0%bc%d0%b8%d0%b5-200mg-n60-farmgrup","status":"publish","type":"product","link":"https:\/\/beautysba.co.uk\/lt\/produktas\/%d0%bc%d1%83%d0%bc%d0%b8%d0%b5-200mg-n60-farmgrup\/","title":{"rendered":"Mumija 200MG N60 &#8211; FARMGRUP"},"content":{"rendered":"<p>Mumijos organin\u0117je dalyje yra apie 30 biologi\u0161kai aktyvi\u0173 med\u017eiag\u0173 grupi\u0173: mikro- ir makroelementai, baltymai, aminor\u016bg\u0161tys, organin\u0117s ir riebal\u0173 r\u016bg\u0161tys, alkaloidai, kumarinai, steroidai, fosfolipidai, vitaminai, va\u0161kas ir \u012f derv\u0105 pana\u0161ios med\u017eiagos, dervos, humin\u0117s ir kitos r\u016bg\u0161tys. Kiekviena sudedamoji dalis gali paveikti atitinkamus organizmo procesus ir pagreitinti \u012fvairi\u0173 audini\u0173 regeneracij\u0105. Mikroelementai daro didel\u0119 \u012ftak\u0105 baltym\u0173, angliavandeni\u0173, riebal\u0173, mineralini\u0173 med\u017eiag\u0173 apykaitai, redokso procesams, regeneracijos procesams, dalyvauja dauginimosi ir augimo, kraujodaros ir imunogenez\u0117s procesuose. Mumija pasi\u017eymi pla\u010diu biologinio aktyvumo spektru: didina nespecifin\u012f atsparum\u0105 nepalankiems aplinkos veiksniams, yra bendrojo tonizavimo, detoksikuojanti, prie\u0161u\u017edegimin\u0117 ir baktericidin\u0117 priemon\u0117, pasi\u017eymi tul\u017eies p\u016bsl\u0117s poveikiu, stimuliuoja kai kurias imunin\u0117s ir kraujodaros sistemos funkcijas, gerina med\u017eiag\u0173 apykait\u0105, skatina regeneracinius procesus ir kt. D\u0117l to pasirei\u0161kia nespecifinis stimuliuojantis poveikis visam organizmui ir vietinis poveikis \u017eaizd\u0173 gijimui. Stimuliuojantis poveikis pasirei\u0161kia ir l\u0105steliniu lygmeniu, tod\u0117l vyksta intensyvus dalijimasis, padid\u0117ja l\u0105steli\u0173 skai\u010dius, pagreit\u0117ja nukleino r\u016bg\u0161\u010di\u0173 ir bendr\u0173j\u0173 baltym\u0173 apykaita. D\u0117l to mumija palankiai veikia spindulin\u0117s ligos eig\u0105 ir periferinio kraujo, kaul\u0173 \u010diulp\u0173, blu\u017enies sud\u0117ties atstatym\u0105. Klinikiniai, radiologiniai ir mikrobiologiniai tyrimai parod\u0117, kad kompleksi\u0161kai gydant pacientus mumie yra gana veiksminga priemon\u0117, padedanti greitai pa\u0161alinti pagrindinius ligos simptomus, panaikinti vietines u\u017edegimines reakcijas, pagerinti bendr\u0105 pacient\u0173 b\u016bkl\u0119 ir savijaut\u0105. Vaistas gerina elektrokardiografinius parametrus ir bendr\u0105 b\u016bkl\u0119, stimuliuoja \u0161irdies raumens funkcij\u0105. Alergini\u0173 reakcij\u0173 ir anafilaksinio \u0161oko atvej\u0173 nenustatyta. Kontraindikacij\u0173 vaisto vartojimui nenustatyta. Mumiyo tr\u016bkumu m\u016bs\u0173 \u0161alies vaistini\u0173 tinkle da\u017enai naudojasi kai kurie \u0161arlatanai, kurie, siekdami pasipelnyti, prisidengdami mumiyo, pardavin\u0117ja tir\u0161tus augal\u0173 ekstraktus arba j\u0173 mi\u0161inius su bi\u010di\u0173 va\u0161ku &#8211; vadinamuosius &#8220;\u012f mumiyo pana\u0161ius produktus&#8221;, kurie su nat\u016braliu mumiyo neturi nieko bendra.<br \/>\nIndikacijos Rekomenduojamas kaip bendras tonizuojantis vaistas.<\/p>\n<p>Kontraindikacijos Padid\u0117j\u0119s jautrumas maisto papild\u0173 sudedamosioms dalims, n\u0117\u0161tumas, \u017eindymo laikotarpis, akmenlig\u0117 Dozavimas ir vartojimas Suaugusiesiems: 2 tablet\u0117s per dien\u0105 valgio metu. Vartojimo trukm\u0117: 1 m\u0117nuo.  <\/p>\n","protected":false},"excerpt":{"rendered":"<p>Mumijos organin\u0117je dalyje yra apie 30 biologi\u0161kai aktyvi\u0173 med\u017eiag\u0173 grupi\u0173: mikro- ir makroelementai, baltymai, aminor\u016bg\u0161tys, organin\u0117s ir riebal\u0173 r\u016bg\u0161tys, alkaloidai, kumarinai, steroidai, fosfolipidai, vitaminai, va\u0161kas ir \u012f derv\u0105 pana\u0161ios med\u017eiagos, dervos, humin\u0117s ir kitos r\u016bg\u0161tys. Kiekviena sudedamoji dalis gali paveikti atitinkamus organizmo procesus ir pagreitinti \u012fvairi\u0173 audini\u0173 regeneracij\u0105. Mikroelementai daro didel\u0119 \u012ftak\u0105 baltym\u0173, angliavandeni\u0173, riebal\u0173, [&hellip;]<\/p>\n","protected":false},"featured_media":14697,"comment_status":"open","ping_status":"closed","template":"","meta":[],"product_brand":[],"product_cat":[217,220],"product_tag":[],"class_list":{"0":"post-14699","1":"product","2":"type-product","3":"status-publish","4":"has-post-thumbnail","6":"product_cat-sveikatos-prieziura","7":"product_cat-zarnyno-sveikata","9":"first","10":"instock","11":"shipping-taxable","12":"purchasable","13":"product-type-simple"},"_links":{"self":[{"href":"https:\/\/beautysba.co.uk\/lt\/wp-json\/wp\/v2\/product\/14699","targetHints":{"allow":["GET"]}}],"collection":[{"href":"https:\/\/beautysba.co.uk\/lt\/wp-json\/wp\/v2\/product"}],"about":[{"href":"https:\/\/beautysba.co.uk\/lt\/wp-json\/wp\/v2\/types\/product"}],"replies":[{"embeddable":true,"href":"https:\/\/beautysba.co.uk\/lt\/wp-json\/wp\/v2\/comments?post=14699"}],"wp:featuredmedia":[{"embeddable":true,"href":"https:\/\/beautysba.co.uk\/lt\/wp-json\/wp\/v2\/media\/14697"}],"wp:attachment":[{"href":"https:\/\/beautysba.co.uk\/lt\/wp-json\/wp\/v2\/media?parent=14699"}],"wp:term":[{"taxonomy":"product_brand","embeddable":true,"href":"https:\/\/beautysba.co.uk\/lt\/wp-json\/wp\/v2\/product_brand?post=14699"},{"taxonomy":"product_cat","embeddable":true,"href":"https:\/\/beautysba.co.uk\/lt\/wp-json\/wp\/v2\/product_cat?post=14699"},{"taxonomy":"product_tag","embeddable":true,"href":"https:\/\/beautysba.co.uk\/lt\/wp-json\/wp\/v2\/product_tag?post=14699"}],"curies":[{"name":"wp","href":"https:\/\/api.w.org\/{rel}","templated":true}]}}