{"id":14723,"date":"2024-10-16T06:35:59","date_gmt":"2024-10-16T06:35:59","guid":{"rendered":"https:\/\/beautysba.co.uk\/product\/modum-%d0%ba%d0%bb%d0%b0%d1%81%d1%81%d0%b8%d0%ba%d0%b0-%d0%b1%d0%b0%d0%bb%d1%8c%d0%b7%d0%b0%d0%bc-%d0%b4%d0%bb%d1%8f-%d0%b2%d0%be%d0%bb%d0%be%d1%81-%d0%ba%d1%80%d0%b0%d0%bf%d0%b8%d0%b2%d0%b0-400\/"},"modified":"2024-10-16T10:28:39","modified_gmt":"2024-10-16T10:28:39","slug":"modum-%d0%ba%d0%bb%d0%b0%d1%81%d1%81%d0%b8%d0%ba%d0%b0-%d0%b1%d0%b0%d0%bb%d1%8c%d0%b7%d0%b0%d0%bc-%d0%b4%d0%bb%d1%8f-%d0%b2%d0%be%d0%bb%d0%be%d1%81-%d0%ba%d1%80%d0%b0%d0%bf%d0%b8%d0%b2%d0%b0-400","status":"publish","type":"product","link":"https:\/\/beautysba.co.uk\/lt\/produktas\/modum-%d0%ba%d0%bb%d0%b0%d1%81%d1%81%d0%b8%d0%ba%d0%b0-%d0%b1%d0%b0%d0%bb%d1%8c%d0%b7%d0%b0%d0%bc-%d0%b4%d0%bb%d1%8f-%d0%b2%d0%be%d0%bb%d0%be%d1%81-%d0%ba%d1%80%d0%b0%d0%bf%d0%b8%d0%b2%d0%b0-400\/","title":{"rendered":"Modum CLASSICA dilg\u0117li\u0173 balzamas, 400 ml"},"content":{"rendered":"<p>Balzamas su nat\u016braliais dilg\u0117li\u0173 ir pelyn\u0173 ekstraktais ploniems ir nusilpusiems plaukams atkurti. Priemon\u0117 gr\u0105\u017eina plaukams prabangi\u0105 apimt\u012f ir blizges\u012f. Dilg\u0117l\u0117 yra augalas, \u017einomas d\u0117l savo gydom\u0173j\u0173 savybi\u0173, turtingas vitamin\u0173 ir mineral\u0173, pasi\u017eymi stiprinamosiomis savyb\u0117mis. Dilg\u0117li\u0173 ir pelyn\u0173 balzamas suteikia plaukams apimties, atgaivina nery\u0161ki\u0105 sruog\u0173 spalv\u0105. Simondsij\u0173 aliejus giliai maitina ir dr\u0117kina plaukus per vis\u0105 j\u0173 ilg\u012f. Stiprinamasis poveikis sustipr\u0117ja reguliariai naudojant MODUM CLASSICS dilg\u0117li\u0173 \u0161amp\u016bn\u0105. Skirtas bet kokio tipo plaukams ir da\u017enam naudojimui. Sud\u0117tyje n\u0117ra dirbtini\u0173 da\u017eikli\u0173, silikon\u0173, gyv\u016bnin\u0117s kilm\u0117s ingredient\u0173.<br \/>\nSudedamosios dalys: vanduo, cetearilo alkoholis, cetrimonio chloridas, sorbitolis, Simmondsia Chinensis s\u0117kl\u0173 aliejus, Urtica Dioica ekstraktas, Artemisia Vulgaris ekstraktas, izopropilo palmitatas, parfumas, benzilo alkoholis, citrinos r\u016bg\u0161tis, metilchloroizotiazolinonas, metilizotiazolinonas.       <\/p>\n","protected":false},"excerpt":{"rendered":"<p>Balzamas su nat\u016braliais dilg\u0117li\u0173 ir pelyn\u0173 ekstraktais ploniems ir nusilpusiems plaukams atkurti. Priemon\u0117 gr\u0105\u017eina plaukams prabangi\u0105 apimt\u012f ir blizges\u012f. Dilg\u0117l\u0117 yra augalas, \u017einomas d\u0117l savo gydom\u0173j\u0173 savybi\u0173, turtingas vitamin\u0173 ir mineral\u0173, pasi\u017eymi stiprinamosiomis savyb\u0117mis. Dilg\u0117li\u0173 ir pelyn\u0173 balzamas suteikia plaukams apimties, atgaivina nery\u0161ki\u0105 sruog\u0173 spalv\u0105. Simondsij\u0173 aliejus giliai maitina ir dr\u0117kina plaukus per vis\u0105 j\u0173 [&hellip;]<\/p>\n","protected":false},"featured_media":14721,"comment_status":"open","ping_status":"closed","template":"","meta":[],"product_brand":[],"product_cat":[211,212],"product_tag":[],"class_list":{"0":"post-14723","1":"product","2":"type-product","3":"status-publish","4":"has-post-thumbnail","6":"product_cat-hair-lt","7":"product_cat-kondicionieriai-balzamai","9":"first","10":"outofstock","11":"shipping-taxable","12":"purchasable","13":"product-type-simple"},"_links":{"self":[{"href":"https:\/\/beautysba.co.uk\/lt\/wp-json\/wp\/v2\/product\/14723","targetHints":{"allow":["GET"]}}],"collection":[{"href":"https:\/\/beautysba.co.uk\/lt\/wp-json\/wp\/v2\/product"}],"about":[{"href":"https:\/\/beautysba.co.uk\/lt\/wp-json\/wp\/v2\/types\/product"}],"replies":[{"embeddable":true,"href":"https:\/\/beautysba.co.uk\/lt\/wp-json\/wp\/v2\/comments?post=14723"}],"wp:featuredmedia":[{"embeddable":true,"href":"https:\/\/beautysba.co.uk\/lt\/wp-json\/wp\/v2\/media\/14721"}],"wp:attachment":[{"href":"https:\/\/beautysba.co.uk\/lt\/wp-json\/wp\/v2\/media?parent=14723"}],"wp:term":[{"taxonomy":"product_brand","embeddable":true,"href":"https:\/\/beautysba.co.uk\/lt\/wp-json\/wp\/v2\/product_brand?post=14723"},{"taxonomy":"product_cat","embeddable":true,"href":"https:\/\/beautysba.co.uk\/lt\/wp-json\/wp\/v2\/product_cat?post=14723"},{"taxonomy":"product_tag","embeddable":true,"href":"https:\/\/beautysba.co.uk\/lt\/wp-json\/wp\/v2\/product_tag?post=14723"}],"curies":[{"name":"wp","href":"https:\/\/api.w.org\/{rel}","templated":true}]}}