{"id":14729,"date":"2024-10-16T06:38:41","date_gmt":"2024-10-16T06:38:41","guid":{"rendered":"https:\/\/beautysba.co.uk\/product\/%d0%b1%d0%b0%d0%bb%d1%8c%d0%b7%d0%b0%d0%bc-%d0%b4%d0%bb%d1%8f-%d0%b2%d0%be%d0%bb%d0%be%d1%81-modum-%d0%ba%d0%bb%d0%b0%d1%81%d1%81%d0%b8%d0%ba%d0%b0-%d0%ba%d1%80%d0%b0%d1%81%d0%bd%d1%8b%d0%b9-%d0%bf\/"},"modified":"2024-10-16T10:28:40","modified_gmt":"2024-10-16T10:28:40","slug":"%d0%b1%d0%b0%d0%bb%d1%8c%d0%b7%d0%b0%d0%bc-%d0%b4%d0%bb%d1%8f-%d0%b2%d0%be%d0%bb%d0%be%d1%81-modum-%d0%ba%d0%bb%d0%b0%d1%81%d1%81%d0%b8%d0%ba%d0%b0-%d0%ba%d1%80%d0%b0%d1%81%d0%bd%d1%8b%d0%b9-%d0%bf","status":"publish","type":"product","link":"https:\/\/beautysba.co.uk\/lt\/produktas\/%d0%b1%d0%b0%d0%bb%d1%8c%d0%b7%d0%b0%d0%bc-%d0%b4%d0%bb%d1%8f-%d0%b2%d0%be%d0%bb%d0%be%d1%81-modum-%d0%ba%d0%bb%d0%b0%d1%81%d1%81%d0%b8%d0%ba%d0%b0-%d0%ba%d1%80%d0%b0%d1%81%d0%bd%d1%8b%d0%b9-%d0%bf\/","title":{"rendered":"MODUM CLASSIC raudon\u0173j\u0173 pipir\u0173 balzamas, 400 ml"},"content":{"rendered":"<p>Balzamas su raudon\u0173j\u0173 pipir\u0173 ekstraktu specialiai sukurtas silpniems, linkusiems slinkti plaukams. Raudonieji pipirai nuo seno \u017einomi kaip galinga priemon\u0117, suaktyvinanti miegan\u010dius plauk\u0173 folikulus ir padedanti auginti stiprius ir stiprius plaukus. Balzamo formul\u0117 su raudon\u0173j\u0173 pipir\u0173, imbiero, ginkmed\u017eio ir kokos\u0173 aliejaus ekstraktais \u0161velniai pri\u017ei\u016bri bet kokio tipo plaukus, dr\u0117kina ir maitina sausus plaukus, mink\u0161tina stand\u017eias ir nuobod\u017eias sruogas, gr\u0105\u017eina jiems \u017evilges\u012f ir spindes\u012f. Stiprinam\u0105j\u012f poveik\u012f sustiprina reguliarus naudojimas su MODUM CLASSICS raudon\u0173j\u0173 pipir\u0173 \u0161amp\u016bnu. Skirtas bet kokio tipo plaukams ir da\u017enam naudojimui. Sud\u0117tyje n\u0117ra dirbtini\u0173 da\u017eikli\u0173, silikon\u0173, gyv\u016bnin\u0117s kilm\u0117s ingredient\u0173.<br \/>\nSudedamosios dalys: vanduo, cetearilo alkoholis, cetrimonio chloridas, sorbitolis, Cocos Nucifera aliejus, Capsicum Annuum vaisi\u0173 ekstraktas, Zingiber Officinale \u0161akn\u0173 ekstraktas, Ginkgo Biloba lap\u0173 ekstraktas, izopropilo palmitatas, parfumas, benzilo alkoholis, citrin\u0173 r\u016bg\u0161tis, metilchlorizotiazolinonas, metilizotiazolinonas.     <\/p>\n","protected":false},"excerpt":{"rendered":"<p>Balzamas su raudon\u0173j\u0173 pipir\u0173 ekstraktu specialiai sukurtas silpniems, linkusiems slinkti plaukams. Raudonieji pipirai nuo seno \u017einomi kaip galinga priemon\u0117, suaktyvinanti miegan\u010dius plauk\u0173 folikulus ir padedanti auginti stiprius ir stiprius plaukus. Balzamo formul\u0117 su raudon\u0173j\u0173 pipir\u0173, imbiero, ginkmed\u017eio ir kokos\u0173 aliejaus ekstraktais \u0161velniai pri\u017ei\u016bri bet kokio tipo plaukus, dr\u0117kina ir maitina sausus plaukus, mink\u0161tina stand\u017eias ir [&hellip;]<\/p>\n","protected":false},"featured_media":14727,"comment_status":"open","ping_status":"closed","template":"","meta":[],"product_brand":[],"product_cat":[211,212],"product_tag":[],"class_list":{"0":"post-14729","1":"product","2":"type-product","3":"status-publish","4":"has-post-thumbnail","6":"product_cat-hair-lt","7":"product_cat-kondicionieriai-balzamai","9":"first","10":"instock","11":"shipping-taxable","12":"purchasable","13":"product-type-simple"},"_links":{"self":[{"href":"https:\/\/beautysba.co.uk\/lt\/wp-json\/wp\/v2\/product\/14729","targetHints":{"allow":["GET"]}}],"collection":[{"href":"https:\/\/beautysba.co.uk\/lt\/wp-json\/wp\/v2\/product"}],"about":[{"href":"https:\/\/beautysba.co.uk\/lt\/wp-json\/wp\/v2\/types\/product"}],"replies":[{"embeddable":true,"href":"https:\/\/beautysba.co.uk\/lt\/wp-json\/wp\/v2\/comments?post=14729"}],"wp:featuredmedia":[{"embeddable":true,"href":"https:\/\/beautysba.co.uk\/lt\/wp-json\/wp\/v2\/media\/14727"}],"wp:attachment":[{"href":"https:\/\/beautysba.co.uk\/lt\/wp-json\/wp\/v2\/media?parent=14729"}],"wp:term":[{"taxonomy":"product_brand","embeddable":true,"href":"https:\/\/beautysba.co.uk\/lt\/wp-json\/wp\/v2\/product_brand?post=14729"},{"taxonomy":"product_cat","embeddable":true,"href":"https:\/\/beautysba.co.uk\/lt\/wp-json\/wp\/v2\/product_cat?post=14729"},{"taxonomy":"product_tag","embeddable":true,"href":"https:\/\/beautysba.co.uk\/lt\/wp-json\/wp\/v2\/product_tag?post=14729"}],"curies":[{"name":"wp","href":"https:\/\/api.w.org\/{rel}","templated":true}]}}