{"id":14747,"date":"2024-10-16T06:43:52","date_gmt":"2024-10-16T06:43:52","guid":{"rendered":"https:\/\/beautysba.co.uk\/product\/%d1%84%d0%b8%d1%82%d0%be-%d0%b1%d0%b0%d0%bb%d1%8c%d0%b7%d0%b0%d0%bc-%d0%b1%d0%b0%d1%80%d1%81%d1%83%d1%87%d0%b8%d0%b9-%d1%81%d0%bf%d0%b0%d1%81%d0%b0%d1%82%d0%b5%d0%bb%d1%8c%d0%bd\/"},"modified":"2024-10-16T10:28:46","modified_gmt":"2024-10-16T10:28:46","slug":"%d1%84%d0%b8%d1%82%d0%be-%d0%b1%d0%b0%d0%bb%d1%8c%d0%b7%d0%b0%d0%bc-%d0%b1%d0%b0%d1%80%d1%81%d1%83%d1%87%d0%b8%d0%b9-%d1%81%d0%bf%d0%b0%d1%81%d0%b0%d1%82%d0%b5%d0%bb%d1%8c%d0%bd","status":"publish","type":"product","link":"https:\/\/beautysba.co.uk\/lt\/produktas\/%d1%84%d0%b8%d1%82%d0%be-%d0%b1%d0%b0%d0%bb%d1%8c%d0%b7%d0%b0%d0%bc-%d0%b1%d0%b0%d1%80%d1%81%d1%83%d1%87%d0%b8%d0%b9-%d1%81%d0%bf%d0%b0%d1%81%d0%b0%d1%82%d0%b5%d0%bb%d1%8c%d0%bd\/","title":{"rendered":"Fito-balzamas &#8211; barsukas, &#8220;Gelb\u0117jimosi ratas&#8221;, masa\u017einis, 45 gr &#8211; Dr.Retter"},"content":{"rendered":"<p>Balzamas skirtas vietiniam aromaterapiniam ir stimuliuojan\u010diam masa\u017eui kr\u016btin\u0117s, nugaros, nosies ir paranazalini\u0173 sinus\u0173 srityse, skruost\u0173 ir pakau\u0161io srityje. Balzamas gali b\u016bti rekomenduojamas kaip pagalbin\u0117 priemon\u0117 per\u0161alimo, infekcini\u0173 lig\u0173 ir slogos simptom\u0173 profilaktikai ir profilaktikai, pasi\u017eyminti imunomoduliuojan\u010diu, antiseptiniu, antibakteriniu, prie\u0161u\u017edegiminiu ir antivirusiniu poveikiu. Vaistas gali b\u016bti vartojamas raumen\u0173 skausmui, reumatui, artritui mal\u0161inti. Sinergetinis nat\u016brali\u0173 veikli\u0173j\u0173 komponent\u0173 balzamo derinys yra aktyvus centrin\u0117s nerv\u0173 sistemos stimuliatorius, pasi\u017eymi antipruritiniu, v\u0117sinan\u010diu, dirginan\u010diu ir vidutinio stiprumo antiseptiniu poveikiu, intensyviai stimuliuoja raumen\u0173 ir kaul\u0173 sistem\u0105, veiksmingas tepant ant s\u0105nari\u0173, siekiant padidinti bendr\u0105 raumen\u0173 ir rai\u0161\u010di\u0173 tonus\u0105, pasi\u017eymi raminamosiomis savyb\u0117mis \u012fkandus vabzd\u017eiams, nudegus med\u016bzoms ir augalams. Kaip vartoti: saiking\u0105 vaisto kiek\u012f u\u017etepti ant \u0161varios ir sausos odos, \u012fmasa\u017euoti. Sudedamosios dalys: petrolatumas, lanolinas, kamparas, turpentino aliejus, propilenglikolis Panax Ginseng \u0161akn\u0173 ekstraktas, propilenglikolis Echinacea Purpurea ekstraktas, Citrus Medica Limonum (citrin\u0173) \u017eievel\u0117s aliejus, mentolis, Alba \/ bi\u010di\u0173 va\u0161kas, barsukas (Meles Meles L.) Riebalai, fenoksietanolis (ir) benzilo alkoholis (ir) kalio sorbatas (ir) tokoferolis (ir) vanduo, citralis, limonenas, citronelolis, linalolis, benzilo benzoatas, eugenolis, cinamolis, geraniolis, kumarinas.  <\/p>\n","protected":false},"excerpt":{"rendered":"<p>Balzamas skirtas vietiniam aromaterapiniam ir stimuliuojan\u010diam masa\u017eui kr\u016btin\u0117s, nugaros, nosies ir paranazalini\u0173 sinus\u0173 srityse, skruost\u0173 ir pakau\u0161io srityje. Balzamas gali b\u016bti rekomenduojamas kaip pagalbin\u0117 priemon\u0117 per\u0161alimo, infekcini\u0173 lig\u0173 ir slogos simptom\u0173 profilaktikai ir profilaktikai, pasi\u017eyminti imunomoduliuojan\u010diu, antiseptiniu, antibakteriniu, prie\u0161u\u017edegiminiu ir antivirusiniu poveikiu. Vaistas gali b\u016bti vartojamas raumen\u0173 skausmui, reumatui, artritui mal\u0161inti. Sinergetinis nat\u016brali\u0173 veikli\u0173j\u0173 komponent\u0173 [&hellip;]<\/p>\n","protected":false},"featured_media":14745,"comment_status":"open","ping_status":"closed","template":"","meta":[],"product_brand":[],"product_cat":[218,192,217,305],"product_tag":[],"class_list":{"0":"post-14747","1":"product","2":"type-product","3":"status-publish","4":"has-post-thumbnail","6":"product_cat-kuno-prieziura","7":"product_cat-naujienos","8":"product_cat-sveikatos-prieziura","9":"product_cat------lt","11":"first","12":"outofstock","13":"shipping-taxable","14":"purchasable","15":"product-type-simple"},"_links":{"self":[{"href":"https:\/\/beautysba.co.uk\/lt\/wp-json\/wp\/v2\/product\/14747","targetHints":{"allow":["GET"]}}],"collection":[{"href":"https:\/\/beautysba.co.uk\/lt\/wp-json\/wp\/v2\/product"}],"about":[{"href":"https:\/\/beautysba.co.uk\/lt\/wp-json\/wp\/v2\/types\/product"}],"replies":[{"embeddable":true,"href":"https:\/\/beautysba.co.uk\/lt\/wp-json\/wp\/v2\/comments?post=14747"}],"wp:featuredmedia":[{"embeddable":true,"href":"https:\/\/beautysba.co.uk\/lt\/wp-json\/wp\/v2\/media\/14745"}],"wp:attachment":[{"href":"https:\/\/beautysba.co.uk\/lt\/wp-json\/wp\/v2\/media?parent=14747"}],"wp:term":[{"taxonomy":"product_brand","embeddable":true,"href":"https:\/\/beautysba.co.uk\/lt\/wp-json\/wp\/v2\/product_brand?post=14747"},{"taxonomy":"product_cat","embeddable":true,"href":"https:\/\/beautysba.co.uk\/lt\/wp-json\/wp\/v2\/product_cat?post=14747"},{"taxonomy":"product_tag","embeddable":true,"href":"https:\/\/beautysba.co.uk\/lt\/wp-json\/wp\/v2\/product_tag?post=14747"}],"curies":[{"name":"wp","href":"https:\/\/api.w.org\/{rel}","templated":true}]}}