{"id":14759,"date":"2024-10-16T06:56:15","date_gmt":"2024-10-16T06:56:15","guid":{"rendered":"https:\/\/beautysba.co.uk\/product\/%d0%b1%d0%b0%d0%bb%d1%8c%d0%b7%d0%b0%d0%bc-%d1%81%d0%bf%d0%b0%d1%81%d0%b0%d1%82%d0%b5%d0%bb%d1%8c%d0%bd%d1%8b%d0%b9-%d0%ba%d1%80%d1%83%d0%b3-%d1%81-%d0%b3%d1%83%d1%81%d0%b8%d0%bd%d1%8b%d0%bc\/"},"modified":"2024-10-16T10:28:49","modified_gmt":"2024-10-16T10:28:49","slug":"%d0%b1%d0%b0%d0%bb%d1%8c%d0%b7%d0%b0%d0%bc-%d1%81%d0%bf%d0%b0%d1%81%d0%b0%d1%82%d0%b5%d0%bb%d1%8c%d0%bd%d1%8b%d0%b9-%d0%ba%d1%80%d1%83%d0%b3-%d1%81-%d0%b3%d1%83%d1%81%d0%b8%d0%bd%d1%8b%d0%bc","status":"publish","type":"product","link":"https:\/\/beautysba.co.uk\/lt\/produktas\/%d0%b1%d0%b0%d0%bb%d1%8c%d0%b7%d0%b0%d0%bc-%d1%81%d0%bf%d0%b0%d1%81%d0%b0%d1%82%d0%b5%d0%bb%d1%8c%d0%bd%d1%8b%d0%b9-%d0%ba%d1%80%d1%83%d0%b3-%d1%81-%d0%b3%d1%83%d1%81%d0%b8%d0%bd%d1%8b%d0%bc\/","title":{"rendered":"Balzamas &#8220;Rescue Circle&#8221; su \u017e\u0105s\u0173 taukais ir raudonaisiais pipirais 45 gr Dr.Retter"},"content":{"rendered":"<p>VEIKLIOSIOS SUDEDAMOSIOS DALYS (VEIKLIOSIOS MED\u017dIAGOS): BI\u010cI\u0172 VA\u0160KAS, NIKOTINO R\u016aG\u0160TIS (VITAMINAS B3), CINAMONO ETERINIS ALIEJUS, \u017d\u0104S\u0172 TAUKAI, LIN\u0172 S\u0116MEN\u0172 ALIEJUS, BI\u010cI\u0172 VA\u0160KAS. Produktas rekomenduojamas esant stuburo, s\u0105nari\u0173 ir raumen\u0173 diskomfortui.<\/p>\n<p> Veikiant vaistui padid\u0117ja ferment\u0173 reakcij\u0173 greitis, suaktyv\u0117ja med\u017eiag\u0173 apykaita, padid\u0117ja jungiamojo audinio elastingumas. Balzamas suteikia ilgalaik\u012f gil\u0173 \u0161ildom\u0105j\u012f poveik\u012f, gerina kraujotak\u0105, atpalaiduoja raumenis ir stiprina l\u0105steli\u0173 regeneracij\u0105. Unikali balzamo formul\u0117 pasi\u017eymi itin efektyviu kraujagysles ple\u010dian\u010diu poveikiu, d\u0117l kurio deginan\u010dio raudonojo kajeno pipiro ekstrakto pagrindin\u0117 veiklioji med\u017eiaga (kapsaicinas) giliai prasiskverbia per od\u0105 ir pasi\u017eymi \u0161ildomuoju poveikiu, sukurdama ilgalaik\u012f \u0161ilumos poj\u016bt\u012f. D\u0117l \u0161ildom\u0173j\u0173 savybi\u0173 vaistas gali b\u016bti rekomenduojamas \u012fvairi\u0173 form\u0173 reumatin\u0117ms ligoms gydyti. Kaip vartoti: vaist\u0105 reikia tepti tiesiai i\u0161 t\u016bbel\u0117s ant \u0161varios ir sausos odos. Masa\u017euokite vaist\u0105 paskirstyt\u0105 po od\u0105, kol visi\u0161kai \u012fsigers. Dozavimas ir vartojimo da\u017enumas: 1-2 kartus per dien\u0105. U\u017etepus preparato kruop\u0161\u010diai nusiplauti rankas. (INCI): Petrolatumas, lanolinas, lin\u0173 s\u0117men\u0173 (Linum Usitatissimum) s\u0117kl\u0173 aliejus, izopropilo palmitatas, Cera Alba, niacinamidas, tokoferilo acetatas, paprik\u0173 (Capsicum Frutescens) ekstraktas, cholesterolis, fenoksietanolis (ir) benzilo alkoholis (ir) kalio sorbatas (ir) tokoferolis (ir) vanduo, Cinnamomum Oil Zeylanicum, Citral, Eugenol, Farnesol, Linalool, Citronellol, Hexyl Cinnamal, Limonene, Butylphenyl Methylpropional Cinnamal, Coumarin, Geraniol, Benzyl Cinnamate.<\/p>\n","protected":false},"excerpt":{"rendered":"<p>VEIKLIOSIOS SUDEDAMOSIOS DALYS (VEIKLIOSIOS MED\u017dIAGOS): BI\u010cI\u0172 VA\u0160KAS, NIKOTINO R\u016aG\u0160TIS (VITAMINAS B3), CINAMONO ETERINIS ALIEJUS, \u017d\u0104S\u0172 TAUKAI, LIN\u0172 S\u0116MEN\u0172 ALIEJUS, BI\u010cI\u0172 VA\u0160KAS. Produktas rekomenduojamas esant stuburo, s\u0105nari\u0173 ir raumen\u0173 diskomfortui. Veikiant vaistui padid\u0117ja ferment\u0173 reakcij\u0173 greitis, suaktyv\u0117ja med\u017eiag\u0173 apykaita, padid\u0117ja jungiamojo audinio elastingumas. Balzamas suteikia ilgalaik\u012f gil\u0173 \u0161ildom\u0105j\u012f poveik\u012f, gerina kraujotak\u0105, atpalaiduoja raumenis ir stiprina l\u0105steli\u0173 [&hellip;]<\/p>\n","protected":false},"featured_media":14757,"comment_status":"open","ping_status":"closed","template":"","meta":[],"product_brand":[],"product_cat":[218,192,217,305],"product_tag":[],"class_list":{"0":"post-14759","1":"product","2":"type-product","3":"status-publish","4":"has-post-thumbnail","6":"product_cat-kuno-prieziura","7":"product_cat-naujienos","8":"product_cat-sveikatos-prieziura","9":"product_cat------lt","11":"first","12":"instock","13":"shipping-taxable","14":"purchasable","15":"product-type-simple"},"_links":{"self":[{"href":"https:\/\/beautysba.co.uk\/lt\/wp-json\/wp\/v2\/product\/14759","targetHints":{"allow":["GET"]}}],"collection":[{"href":"https:\/\/beautysba.co.uk\/lt\/wp-json\/wp\/v2\/product"}],"about":[{"href":"https:\/\/beautysba.co.uk\/lt\/wp-json\/wp\/v2\/types\/product"}],"replies":[{"embeddable":true,"href":"https:\/\/beautysba.co.uk\/lt\/wp-json\/wp\/v2\/comments?post=14759"}],"wp:featuredmedia":[{"embeddable":true,"href":"https:\/\/beautysba.co.uk\/lt\/wp-json\/wp\/v2\/media\/14757"}],"wp:attachment":[{"href":"https:\/\/beautysba.co.uk\/lt\/wp-json\/wp\/v2\/media?parent=14759"}],"wp:term":[{"taxonomy":"product_brand","embeddable":true,"href":"https:\/\/beautysba.co.uk\/lt\/wp-json\/wp\/v2\/product_brand?post=14759"},{"taxonomy":"product_cat","embeddable":true,"href":"https:\/\/beautysba.co.uk\/lt\/wp-json\/wp\/v2\/product_cat?post=14759"},{"taxonomy":"product_tag","embeddable":true,"href":"https:\/\/beautysba.co.uk\/lt\/wp-json\/wp\/v2\/product_tag?post=14759"}],"curies":[{"name":"wp","href":"https:\/\/api.w.org\/{rel}","templated":true}]}}