{"id":14765,"date":"2024-10-16T06:58:18","date_gmt":"2024-10-16T06:58:18","guid":{"rendered":"https:\/\/beautysba.co.uk\/product\/%d1%81%d0%bf%d0%b0%d1%81%d0%b0%d1%82%d0%b5%d0%bb%d1%8c%d0%bd%d1%8b%d0%b9-%d0%ba%d1%80%d1%83%d0%b3-%d0%ba%d1%80%d0%b5%d0%bc-%d0%b1%d0%b0%d0%bb%d1%8c%d0%b7%d0%b0%d0%bc-%d0%bf%d1%87%d0%b5%d0%bb%d0%b8\/"},"modified":"2024-10-16T10:28:46","modified_gmt":"2024-10-16T10:28:46","slug":"%d1%81%d0%bf%d0%b0%d1%81%d0%b0%d1%82%d0%b5%d0%bb%d1%8c%d0%bd%d1%8b%d0%b9-%d0%ba%d1%80%d1%83%d0%b3-%d0%ba%d1%80%d0%b5%d0%bc-%d0%b1%d0%b0%d0%bb%d1%8c%d0%b7%d0%b0%d0%bc-%d0%bf%d1%87%d0%b5%d0%bb%d0%b8","status":"publish","type":"product","link":"https:\/\/beautysba.co.uk\/lt\/produktas\/%d1%81%d0%bf%d0%b0%d1%81%d0%b0%d1%82%d0%b5%d0%bb%d1%8c%d0%bd%d1%8b%d0%b9-%d0%ba%d1%80%d1%83%d0%b3-%d0%ba%d1%80%d0%b5%d0%bc-%d0%b1%d0%b0%d0%bb%d1%8c%d0%b7%d0%b0%d0%bc-%d0%bf%d1%87%d0%b5%d0%bb%d0%b8\/","title":{"rendered":"&#8220;Rescue Circle Bee&#8221; kreminis balzamas 50g Dr.Retter"},"content":{"rendered":"<p>Bi\u010di\u0173 balzamas pasi\u017eymi ry\u0161kiu stimuliuojan\u010diu poveikiu raumen\u0173 ir s\u0105nari\u0173 srityje. Naudojant balzam\u0105 kaip masa\u017eo priemon\u0119, sustipr\u0117ja fiziologinis medicininio masa\u017eo poveikis. Veikiant veikliosioms balzamo med\u017eiagoms, sustipr\u0117ja kraujotaka naudojimo srityje, o tai skatina intensyvesn\u0119 med\u017eiag\u0173 apykait\u0105 ir med\u017eiag\u0173 apykaitos produkt\u0173 i\u0161siskyrim\u0105. Balzamas padeda suma\u017einti raumen\u0173 ir s\u0105nari\u0173 skausmo poj\u016b\u010dius. Kamparas, mentolis, pu\u0161\u0173 ekstraktas, bi\u010di\u0173 va\u0161kas, chondroitinas, gliukozaminas.   <\/p>\n","protected":false},"excerpt":{"rendered":"<p>Bi\u010di\u0173 balzamas pasi\u017eymi ry\u0161kiu stimuliuojan\u010diu poveikiu raumen\u0173 ir s\u0105nari\u0173 srityje. Naudojant balzam\u0105 kaip masa\u017eo priemon\u0119, sustipr\u0117ja fiziologinis medicininio masa\u017eo poveikis. Veikiant veikliosioms balzamo med\u017eiagoms, sustipr\u0117ja kraujotaka naudojimo srityje, o tai skatina intensyvesn\u0119 med\u017eiag\u0173 apykait\u0105 ir med\u017eiag\u0173 apykaitos produkt\u0173 i\u0161siskyrim\u0105. Balzamas padeda suma\u017einti raumen\u0173 ir s\u0105nari\u0173 skausmo poj\u016b\u010dius. Kamparas, mentolis, pu\u0161\u0173 ekstraktas, bi\u010di\u0173 va\u0161kas, chondroitinas, gliukozaminas.<\/p>\n","protected":false},"featured_media":14763,"comment_status":"open","ping_status":"closed","template":"","meta":[],"product_brand":[],"product_cat":[218,192,217,305],"product_tag":[],"class_list":{"0":"post-14765","1":"product","2":"type-product","3":"status-publish","4":"has-post-thumbnail","6":"product_cat-kuno-prieziura","7":"product_cat-naujienos","8":"product_cat-sveikatos-prieziura","9":"product_cat------lt","11":"first","12":"instock","13":"shipping-taxable","14":"purchasable","15":"product-type-simple"},"_links":{"self":[{"href":"https:\/\/beautysba.co.uk\/lt\/wp-json\/wp\/v2\/product\/14765","targetHints":{"allow":["GET"]}}],"collection":[{"href":"https:\/\/beautysba.co.uk\/lt\/wp-json\/wp\/v2\/product"}],"about":[{"href":"https:\/\/beautysba.co.uk\/lt\/wp-json\/wp\/v2\/types\/product"}],"replies":[{"embeddable":true,"href":"https:\/\/beautysba.co.uk\/lt\/wp-json\/wp\/v2\/comments?post=14765"}],"wp:featuredmedia":[{"embeddable":true,"href":"https:\/\/beautysba.co.uk\/lt\/wp-json\/wp\/v2\/media\/14763"}],"wp:attachment":[{"href":"https:\/\/beautysba.co.uk\/lt\/wp-json\/wp\/v2\/media?parent=14765"}],"wp:term":[{"taxonomy":"product_brand","embeddable":true,"href":"https:\/\/beautysba.co.uk\/lt\/wp-json\/wp\/v2\/product_brand?post=14765"},{"taxonomy":"product_cat","embeddable":true,"href":"https:\/\/beautysba.co.uk\/lt\/wp-json\/wp\/v2\/product_cat?post=14765"},{"taxonomy":"product_tag","embeddable":true,"href":"https:\/\/beautysba.co.uk\/lt\/wp-json\/wp\/v2\/product_tag?post=14765"}],"curies":[{"name":"wp","href":"https:\/\/api.w.org\/{rel}","templated":true}]}}