{"id":14771,"date":"2024-10-16T06:59:51","date_gmt":"2024-10-16T06:59:51","guid":{"rendered":"https:\/\/beautysba.co.uk\/product\/%d0%b1%d0%b0%d0%bb%d1%8c%d0%b7%d0%b0%d0%bc-%d0%b4%d0%bb%d1%8f-%d1%82%d0%b5%d0%bb%d0%b0-%d1%81%d0%bf%d0%b0%d1%81%d0%b0%d1%82%d0%b5%d0%bb%d1%8c%d0%bd%d1%8b%d0%b9-%d0%ba%d1%80%d1%83%d0%b3-%d0%bc\/"},"modified":"2024-10-16T10:28:46","modified_gmt":"2024-10-16T10:28:46","slug":"%d0%b1%d0%b0%d0%bb%d1%8c%d0%b7%d0%b0%d0%bc-%d0%b4%d0%bb%d1%8f-%d1%82%d0%b5%d0%bb%d0%b0-%d1%81%d0%bf%d0%b0%d1%81%d0%b0%d1%82%d0%b5%d0%bb%d1%8c%d0%bd%d1%8b%d0%b9-%d0%ba%d1%80%d1%83%d0%b3-%d0%bc","status":"publish","type":"product","link":"https:\/\/beautysba.co.uk\/lt\/produktas\/%d0%b1%d0%b0%d0%bb%d1%8c%d0%b7%d0%b0%d0%bc-%d0%b4%d0%bb%d1%8f-%d1%82%d0%b5%d0%bb%d0%b0-%d1%81%d0%bf%d0%b0%d1%81%d0%b0%d1%82%d0%b5%d0%bb%d1%8c%d0%bd%d1%8b%d0%b9-%d0%ba%d1%80%d1%83%d0%b3-%d0%bc\/","title":{"rendered":"K\u016bno balzamas &#8220;Gelb\u0117jimosi ratas&#8221; &#8220;Skruzd\u0117lynas&#8221;, skirtas raumenims ir s\u0105nariams 45g &#8211; Dr.Retter"},"content":{"rendered":"<p>VEIKLIOSIOS MED\u017dIAGOS: SKRUZD\u017dI\u0172 R\u016aG\u0160TIS, KAMPARAS, MENTOLIS, VITAMINAS E, LANOLINAS, CINAMONO, IMBIERO IR PIPIRM\u0116\u010cI\u0172 ETERINIAI ALIEJAI. Skruzd\u017ei\u0173 r\u016bg\u0161tis yra pla\u010diai kosmetikos priemon\u0117se naudojama med\u017eiaga, turinti analgetini\u0173, prie\u0161u\u017edegimini\u0173, \u0161ildom\u0173j\u0173 ir tonizuojam\u0173j\u0173 savybi\u0173. Balzamas yra labai aktyvi pagalbin\u0117 priemon\u0117, skirta tinkamam raumen\u0173 ir kaul\u0173 sistemos funkcionavimui atkurti. Stimuliuojantis vaisto poveikis veiksmingai padeda \u012fveikti raumen\u0173 ir s\u0105nari\u0173 problemas, kylan\u010dias d\u0117l am\u017eiaus poky\u010di\u0173, sporto ir fizin\u0117s perkrovos, taip pat reabilitacijos laikotarpiu po l\u016b\u017ei\u0173. Vaisto sudedamosios dalys atlieka svarb\u0173 vaidmen\u012f atkuriant kelio, alk\u016bn\u0117s ir peties s\u0105nari\u0173, taip pat rie\u0161o ir \u010diurnos s\u0105nari\u0173 funkcijas. Vaistas padeda pagreitinti med\u017eiag\u0173 apykaitos procesus l\u0105steli\u0173 lygmeniu, normalizuoti s\u0105nario kremzl\u0117s kaulinio pagrindo apr\u016bpinim\u0105 krauju ir paspartinti normalios raumen\u0173 ir s\u0105nari\u0173 audini\u0173 funkcijos atk\u016brim\u0105, taip pad\u0117damas sustabdyti u\u017edegimin\u012f proces\u0105. Kaip vartoti: vaist\u0105 reikia tepti tiesiai i\u0161 t\u016bbel\u0117s ant \u0161varios ir sausos odos keli\u0173, alk\u016bni\u0173 ir pe\u010di\u0173 s\u0105nari\u0173, taip pat rie\u0161o ir \u010diurnos s\u0105nari\u0173 srityje. \u012emasa\u017euokite vaist\u0105 \u012f od\u0105, kol jis visi\u0161kai \u012fsigers. Dozavimas ir vartojimo da\u017enumas nustatomas individualiai. Po vaisto vartojimo kruop\u0161\u010diai nusiplaukite rankas.<\/p>\n<p>Kontraindikacijos: individualus komponent\u0173 netoleravimas.<\/p>\n<p>INCI: cinamono aliejus, imbiero \u0161akn\u0173 aliejus, pipirm\u0117\u010di\u0173 aliejus, pipirm\u0117\u010di\u0173 aliejus (Mentha Piperita), skruzd\u017ei\u0173 r\u016bg\u0161tis, Cera Alba \/ bi\u010di\u0173 va\u0161kas, kamparas, mentolis, fenoksietanolis (ir) benzilo alkoholis (ir) kalio sorbatas (ir) tokoferolis (ir) vanduo, citralis, limonenas, citronelolis, linalolis, benzilolio benzoatas, eugenolis, cinamalas, geraniolis, kumarinas.<\/p>\n","protected":false},"excerpt":{"rendered":"<p>VEIKLIOSIOS MED\u017dIAGOS: SKRUZD\u017dI\u0172 R\u016aG\u0160TIS, KAMPARAS, MENTOLIS, VITAMINAS E, LANOLINAS, CINAMONO, IMBIERO IR PIPIRM\u0116\u010cI\u0172 ETERINIAI ALIEJAI. Skruzd\u017ei\u0173 r\u016bg\u0161tis yra pla\u010diai kosmetikos priemon\u0117se naudojama med\u017eiaga, turinti analgetini\u0173, prie\u0161u\u017edegimini\u0173, \u0161ildom\u0173j\u0173 ir tonizuojam\u0173j\u0173 savybi\u0173. Balzamas yra labai aktyvi pagalbin\u0117 priemon\u0117, skirta tinkamam raumen\u0173 ir kaul\u0173 sistemos funkcionavimui atkurti. Stimuliuojantis vaisto poveikis veiksmingai padeda \u012fveikti raumen\u0173 ir s\u0105nari\u0173 problemas, kylan\u010dias [&hellip;]<\/p>\n","protected":false},"featured_media":14769,"comment_status":"open","ping_status":"closed","template":"","meta":[],"product_brand":[],"product_cat":[218,192,217,305],"product_tag":[],"class_list":{"0":"post-14771","1":"product","2":"type-product","3":"status-publish","4":"has-post-thumbnail","6":"product_cat-kuno-prieziura","7":"product_cat-naujienos","8":"product_cat-sveikatos-prieziura","9":"product_cat------lt","11":"first","12":"instock","13":"shipping-taxable","14":"purchasable","15":"product-type-simple"},"_links":{"self":[{"href":"https:\/\/beautysba.co.uk\/lt\/wp-json\/wp\/v2\/product\/14771","targetHints":{"allow":["GET"]}}],"collection":[{"href":"https:\/\/beautysba.co.uk\/lt\/wp-json\/wp\/v2\/product"}],"about":[{"href":"https:\/\/beautysba.co.uk\/lt\/wp-json\/wp\/v2\/types\/product"}],"replies":[{"embeddable":true,"href":"https:\/\/beautysba.co.uk\/lt\/wp-json\/wp\/v2\/comments?post=14771"}],"wp:featuredmedia":[{"embeddable":true,"href":"https:\/\/beautysba.co.uk\/lt\/wp-json\/wp\/v2\/media\/14769"}],"wp:attachment":[{"href":"https:\/\/beautysba.co.uk\/lt\/wp-json\/wp\/v2\/media?parent=14771"}],"wp:term":[{"taxonomy":"product_brand","embeddable":true,"href":"https:\/\/beautysba.co.uk\/lt\/wp-json\/wp\/v2\/product_brand?post=14771"},{"taxonomy":"product_cat","embeddable":true,"href":"https:\/\/beautysba.co.uk\/lt\/wp-json\/wp\/v2\/product_cat?post=14771"},{"taxonomy":"product_tag","embeddable":true,"href":"https:\/\/beautysba.co.uk\/lt\/wp-json\/wp\/v2\/product_tag?post=14771"}],"curies":[{"name":"wp","href":"https:\/\/api.w.org\/{rel}","templated":true}]}}