{"id":14783,"date":"2024-10-16T07:07:04","date_gmt":"2024-10-16T07:07:04","guid":{"rendered":"https:\/\/beautysba.co.uk\/product\/%d1%87%d0%b8%d1%81%d1%82%d0%be%d1%82%d0%b5%d0%bb-%d0%ba%d0%be%d1%81%d0%bc%d0%b5%d1%82%d0%b8%d1%87%d0%b5%d1%81%d0%ba%d0%be%d0%b5-%d1%81%d1%80%d0%b5%d0%b4%d1%81%d1%82%d0%b2%d0%be-%d1%84%d0%bb-15-%d0%bc\/"},"modified":"2025-02-23T19:45:18","modified_gmt":"2025-02-23T19:45:18","slug":"%d1%87%d0%b8%d1%81%d1%82%d0%be%d1%82%d0%b5%d0%bb-%d0%ba%d0%be%d1%81%d0%bc%d0%b5%d1%82%d0%b8%d1%87%d0%b5%d1%81%d0%ba%d0%be%d0%b5-%d1%81%d1%80%d0%b5%d0%b4%d1%81%d1%82%d0%b2%d0%be-%d1%84%d0%bb-15-%d0%bc","status":"publish","type":"product","link":"https:\/\/beautysba.co.uk\/lt\/produktas\/%d1%87%d0%b8%d1%81%d1%82%d0%be%d1%82%d0%b5%d0%bb-%d0%ba%d0%be%d1%81%d0%bc%d0%b5%d1%82%d0%b8%d1%87%d0%b5%d1%81%d0%ba%d0%be%d0%b5-%d1%81%d1%80%d0%b5%d0%b4%d1%81%d1%82%d0%b2%d0%be-%d1%84%d0%bb-15-%d0%bc\/","title":{"rendered":"Celandinas kosmetikos priemon\u0117 fl.1,5 ml FARMAKOM"},"content":{"rendered":"<p>&#8220;FARMAKOM&#8221; Kosmetin\u0117 priemon\u0117 i\u0161 gelsv\u0117s 1,5 ml Apra\u0161ymas: Rekomenduojama kaip kosmetin\u0117 priemon\u0117 karp\u0173, nuospaud\u0173, saus\u0173 nuospaud\u0173 ir papilom\u0173 \u0161alinimui. Nesukelia nauj\u0173 darini\u0173 atsiradimo. Odos defektai pa\u0161alinami beveik be p\u0117dsak\u0173. Grynasis t\u016bris: 1,5 ml. Sud\u0117tis (INCI): i\u0161grynintas vanduo, natrio hidroksidas. Naudojimas: Prie\u0161 prad\u0117dami gydym\u0105, nustatykite odos defekt\u0105 (karp\u0105, nuospaud\u0105, saus\u0105 nuospaud\u0105 ar papilom\u0105). K\u016bdikio krem\u0105 gausiai u\u017etepkite aplink defekt\u0105. U\u017ela\u0161inkite vien\u0105 la\u0161\u0105 Farmakom Celandine ant karpos, nuospaudos, saus\u0173 nuospaud\u0173 ar papilomos ir leiskite \u012fsigerti, kol visi\u0161kai i\u0161d\u017eius. Venkite skyst\u012f tepti ar trinti! Karpa: tepkite po 1 la\u0161\u0105 per dien\u0105 3 dienas. Karpos ir nuospaudos: tepti po 1 la\u0161\u0105 per dien\u0105 5-8 dienas. Papiloma: tepkite po 1 la\u0161\u0105 per dien\u0105 2-3 dienas. Naudojimo metu gali atsirasti nedidelis deginimo poj\u016btis. Priemon\u0119 naudokite tol, kol gydomoje vietoje atsiras juod\u0173 ta\u0161keli\u0173, kurie rodo defekto i\u0161nykimo proceso prad\u017ei\u0105, kuris bus baigtas per 5-7 dienas be tolesnio j\u016bs\u0173 \u012fsiki\u0161imo. Jei skys\u010dio pateko ant sveikos odos, 10-15 minu\u010di\u0173 plaukite pa\u017eeist\u0105 viet\u0105 po tekan\u010diu vandeniu. Nenaudokite apgamams \u0161alinti! \u012esp\u0117jimai: Nenaudokite esant padid\u0117jusiam jautrumui bet kuriai i\u0161 sudedam\u0173j\u0173 dali\u0173.<\/p>\n<p> Tik i\u0161oriniam naudojimui. Jei pasirei\u0161kia alergin\u0117 reakcija, nutraukite vartojim\u0105 ir kreipkit\u0117s \u012f gydytoj\u0105. Laikyti sausoje, tamsioje, vaikams nepasiekiamoje vietoje, nuo 5\u00baC iki +25\u00baC temperat\u016broje. <\/p>\n","protected":false},"excerpt":{"rendered":"<p>&#8220;FARMAKOM&#8221; Kosmetin\u0117 priemon\u0117 i\u0161 gelsv\u0117s 1,5 ml Apra\u0161ymas: Rekomenduojama kaip kosmetin\u0117 priemon\u0117 karp\u0173, nuospaud\u0173, saus\u0173 nuospaud\u0173 ir papilom\u0173 \u0161alinimui. Nesukelia nauj\u0173 darini\u0173 atsiradimo. Odos defektai pa\u0161alinami beveik be p\u0117dsak\u0173. Grynasis t\u016bris: 1,5 ml. Sud\u0117tis (INCI): i\u0161grynintas vanduo, natrio hidroksidas. Naudojimas: Prie\u0161 prad\u0117dami gydym\u0105, nustatykite odos defekt\u0105 (karp\u0105, nuospaud\u0105, saus\u0105 nuospaud\u0105 ar papilom\u0105). K\u016bdikio krem\u0105 gausiai [&hellip;]<\/p>\n","protected":false},"featured_media":14781,"comment_status":"open","ping_status":"closed","template":"","meta":[],"product_brand":[],"product_cat":[218,217],"product_tag":[],"class_list":{"0":"post-14783","1":"product","2":"type-product","3":"status-publish","4":"has-post-thumbnail","6":"product_cat-kuno-prieziura","7":"product_cat-sveikatos-prieziura","9":"first","10":"instock","11":"shipping-taxable","12":"purchasable","13":"product-type-simple"},"_links":{"self":[{"href":"https:\/\/beautysba.co.uk\/lt\/wp-json\/wp\/v2\/product\/14783","targetHints":{"allow":["GET"]}}],"collection":[{"href":"https:\/\/beautysba.co.uk\/lt\/wp-json\/wp\/v2\/product"}],"about":[{"href":"https:\/\/beautysba.co.uk\/lt\/wp-json\/wp\/v2\/types\/product"}],"replies":[{"embeddable":true,"href":"https:\/\/beautysba.co.uk\/lt\/wp-json\/wp\/v2\/comments?post=14783"}],"wp:featuredmedia":[{"embeddable":true,"href":"https:\/\/beautysba.co.uk\/lt\/wp-json\/wp\/v2\/media\/14781"}],"wp:attachment":[{"href":"https:\/\/beautysba.co.uk\/lt\/wp-json\/wp\/v2\/media?parent=14783"}],"wp:term":[{"taxonomy":"product_brand","embeddable":true,"href":"https:\/\/beautysba.co.uk\/lt\/wp-json\/wp\/v2\/product_brand?post=14783"},{"taxonomy":"product_cat","embeddable":true,"href":"https:\/\/beautysba.co.uk\/lt\/wp-json\/wp\/v2\/product_cat?post=14783"},{"taxonomy":"product_tag","embeddable":true,"href":"https:\/\/beautysba.co.uk\/lt\/wp-json\/wp\/v2\/product_tag?post=14783"}],"curies":[{"name":"wp","href":"https:\/\/api.w.org\/{rel}","templated":true}]}}