{"id":14789,"date":"2024-10-16T07:08:34","date_gmt":"2024-10-16T07:08:34","guid":{"rendered":"https:\/\/beautysba.co.uk\/product\/%d0%ba%d0%be%d1%81%d0%bc%d0%b5%d1%82%d0%b8%d1%87%d0%b5%d1%81%d0%ba%d0%be%d0%b5-%d1%81%d1%80%d0%b5%d0%b4%d1%81%d1%82%d0%b2%d0%be-%d1%81%d1%83%d0%bf%d0%b5%d1%80-%d1%87%d0%b8%d1%81%d1%82%d0%be%d1%82\/"},"modified":"2025-11-10T08:23:25","modified_gmt":"2025-11-10T08:23:25","slug":"%d0%ba%d0%be%d1%81%d0%bc%d0%b5%d1%82%d0%b8%d1%87%d0%b5%d1%81%d0%ba%d0%be%d0%b5-%d1%81%d1%80%d0%b5%d0%b4%d1%81%d1%82%d0%b2%d0%be-%d1%81%d1%83%d0%bf%d0%b5%d1%80-%d1%87%d0%b8%d1%81%d1%82%d0%be%d1%82","status":"publish","type":"product","link":"https:\/\/beautysba.co.uk\/lt\/produktas\/%d0%ba%d0%be%d1%81%d0%bc%d0%b5%d1%82%d0%b8%d1%87%d0%b5%d1%81%d0%ba%d0%be%d0%b5-%d1%81%d1%80%d0%b5%d0%b4%d1%81%d1%82%d0%b2%d0%be-%d1%81%d1%83%d0%bf%d0%b5%d1%80-%d1%87%d0%b8%d1%81%d1%82%d0%be%d1%82\/","title":{"rendered":"Kosmetikos priemon\u0117 &#8220;Super Celandine&#8221;, 3 ml-Golden Pharm"},"content":{"rendered":"<p>Kosmetin\u0117 priemon\u0117 &#8220;Super Celandine&#8221;, 3 ml &#8220;Super Celandine&#8221; yra veiksminga priemon\u0117 karpoms ir papilomoms \u0161alinti. Priemon\u0117s sud\u0117tyje yra kalio hidroksido, natrio hidroksido, distiliuoto vandens ir gelsv\u0117s ekstrakto.<br \/>\nKaip naudoti Prie\u0161 naudojim\u0105 gausiai patepkite od\u0105 kremu, tada \u0161velniai tepkite priemon\u0119 ant viet\u0173 su dariniais, kol patams\u0117s. Po 1-2 dien\u0173 prasid\u0117s eksfoliacija, o 3-5 dien\u0105 \u012fvyks visi\u0161kas pa\u0161alinimas. Didesnius darinius reikia gydyti pakartotinai. Rekomenduojama atlikti 1-3-5 proced\u016bras vienu kursu. Ne\u0161alinkite apgam\u0173!<\/p>\n<p>\u012esp\u0117jimai Nenaudoti, jei padid\u0117j\u0119s jautrumas sudedamosioms dalims. Skirta tik i\u0161oriniam naudojimui. Esant alergin\u0117ms reakcijoms, nutraukite naudojim\u0105 ir kreipkit\u0117s \u012f gydytoj\u0105. Laikymas Laikyti nuo +5\u00baC iki +25\u00baC temperat\u016broje, sausoje, tamsioje, vaikams nepasiekiamoje vietoje.<br \/>\nTinkamumo laikas: \u017er. ant pakuot\u0117s. Gamintojas: &#8220;Zolotaya Pharma&#8221;, Ukraina. <\/p>\n","protected":false},"excerpt":{"rendered":"<p>Kosmetin\u0117 priemon\u0117 &#8220;Super Celandine&#8221;, 3 ml &#8220;Super Celandine&#8221; yra veiksminga priemon\u0117 karpoms ir papilomoms \u0161alinti. Priemon\u0117s sud\u0117tyje yra kalio hidroksido, natrio hidroksido, distiliuoto vandens ir gelsv\u0117s ekstrakto. Kaip naudoti Prie\u0161 naudojim\u0105 gausiai patepkite od\u0105 kremu, tada \u0161velniai tepkite priemon\u0119 ant viet\u0173 su dariniais, kol patams\u0117s. Po 1-2 dien\u0173 prasid\u0117s eksfoliacija, o 3-5 dien\u0105 \u012fvyks visi\u0161kas [&hellip;]<\/p>\n","protected":false},"featured_media":14787,"comment_status":"open","ping_status":"closed","template":"","meta":[],"product_brand":[],"product_cat":[218,217],"product_tag":[],"class_list":{"0":"post-14789","1":"product","2":"type-product","3":"status-publish","4":"has-post-thumbnail","6":"product_cat-kuno-prieziura","7":"product_cat-sveikatos-prieziura","9":"first","10":"instock","11":"shipping-taxable","12":"purchasable","13":"product-type-simple"},"_links":{"self":[{"href":"https:\/\/beautysba.co.uk\/lt\/wp-json\/wp\/v2\/product\/14789","targetHints":{"allow":["GET"]}}],"collection":[{"href":"https:\/\/beautysba.co.uk\/lt\/wp-json\/wp\/v2\/product"}],"about":[{"href":"https:\/\/beautysba.co.uk\/lt\/wp-json\/wp\/v2\/types\/product"}],"replies":[{"embeddable":true,"href":"https:\/\/beautysba.co.uk\/lt\/wp-json\/wp\/v2\/comments?post=14789"}],"wp:featuredmedia":[{"embeddable":true,"href":"https:\/\/beautysba.co.uk\/lt\/wp-json\/wp\/v2\/media\/14787"}],"wp:attachment":[{"href":"https:\/\/beautysba.co.uk\/lt\/wp-json\/wp\/v2\/media?parent=14789"}],"wp:term":[{"taxonomy":"product_brand","embeddable":true,"href":"https:\/\/beautysba.co.uk\/lt\/wp-json\/wp\/v2\/product_brand?post=14789"},{"taxonomy":"product_cat","embeddable":true,"href":"https:\/\/beautysba.co.uk\/lt\/wp-json\/wp\/v2\/product_cat?post=14789"},{"taxonomy":"product_tag","embeddable":true,"href":"https:\/\/beautysba.co.uk\/lt\/wp-json\/wp\/v2\/product_tag?post=14789"}],"curies":[{"name":"wp","href":"https:\/\/api.w.org\/{rel}","templated":true}]}}