{"id":14819,"date":"2024-10-16T07:23:50","date_gmt":"2024-10-16T07:23:50","guid":{"rendered":"https:\/\/beautysba.co.uk\/product\/%d1%81%d0%be%d0%bb%d1%8c-%d0%b4%d0%bb%d1%8f-%d0%b2%d0%b0%d0%bd%d0%bd-%d0%bc%d0%b0%d0%b3%d0%bd%d0%b8%d0%b9-500-%d0%b3%d1%80%d0%b0%d0%bc%d0%bc-zelana\/"},"modified":"2024-10-16T10:26:32","modified_gmt":"2024-10-16T10:26:32","slug":"%d1%81%d0%be%d0%bb%d1%8c-%d0%b4%d0%bb%d1%8f-%d0%b2%d0%b0%d0%bd%d0%bd-%d0%bc%d0%b0%d0%b3%d0%bd%d0%b8%d0%b9-500-%d0%b3%d1%80%d0%b0%d0%bc%d0%bc-zelana","status":"publish","type":"product","link":"https:\/\/beautysba.co.uk\/lt\/produktas\/%d1%81%d0%be%d0%bb%d1%8c-%d0%b4%d0%bb%d1%8f-%d0%b2%d0%b0%d0%bd%d0%bd-%d0%bc%d0%b0%d0%b3%d0%bd%d0%b8%d0%b9-500-%d0%b3%d1%80%d0%b0%d0%bc%d0%bc-zelana\/","title":{"rendered":"Vonios druskos, magnio 500 gram\u0173 &#8211; Zelana"},"content":{"rendered":"<p>&#8220;Aqua Cosmetics&#8221;, viena i\u0161 kosmetikos ir \u0161varai namuose palaikyti skirt\u0173 produkt\u0173 gamintoj\u0173, i\u0161leido stebukling\u0105 vonios drusk\u0105 su magniu i\u0161 serijos &#8220;Gelana&#8221;. Produkto sud\u0117tyje n\u0117ra joki\u0173 chemini\u0173 pried\u0173, jis idealiai tinka vis\u0173 tip\u0173 odai ir da\u017enam naudojimui. Druskos \u012fmai\u0161ymas \u012f \u0161ilt\u0105 vanden\u012f padeda pasigaminti i\u0161ties prabangi\u0105 gydom\u0105j\u0105 voni\u0105. Tai puikus b\u016bdas atsipalaiduoti po sunkios dienos, suma\u017einti stres\u0105 ir raumen\u0173 \u012ftamp\u0105, pakelti nuotaik\u0105 ir atstatyti energij\u0105. Taip pat kokybi\u0161kas produktas pasir\u016bpins oda, prisotindamas jos l\u0105steles gyvybi\u0161kai svarbia dr\u0117gme, naudingomis med\u017eiagomis, nuramindamas ir suteikdamas sveik\u0105 \u0161vyt\u0117jim\u0105. Reguliariai naudojama druska su magniu &#8211; \u017emogui &#8220;draugi\u0161ku&#8221; mineralu, saugiu ir netoksi\u0161ku &#8211; gerina savijaut\u0105, padeda pagerinti odos b\u016bkl\u0119. Priemon\u0117 u\u017etikrina epidermio \u0161velnum\u0105 ir lygum\u0105, saugo j\u012f nuo i\u0161saus\u0117jimo, pleiskanojimo, sudirginimo. <\/p>\n<p>Taikymo b\u016bdas<\/p>\n<p>Maudyn\u0117ms 1\/2 pakelio turin\u012f i\u0161tirpinkite vonioje, kurios vandens temperat\u016bra 37-38 \u00b0C. Vonios trukm\u0117 10-15 min. Rank\u0173 odai mink\u0161tinti ir nagams stiprinti 25 g (1 valgomasis \u0161auk\u0161tas) druskos i\u0161tirpinkite 1 litre vandens arba 75 g (3 valgomieji \u0161auk\u0161tai) i\u0161tirpinkite 3 litruose vandens. P\u0117d\u0173 odai sumink\u0161tinti 37-38 \u00b0C temperat\u016broje. Proced\u016bros trukm\u0117 15 minu\u010di\u0173. <\/p>\n<p>Sud\u0117tis<\/p>\n<p>J\u016bros druska su magniu<\/p>\n","protected":false},"excerpt":{"rendered":"<p>&#8220;Aqua Cosmetics&#8221;, viena i\u0161 kosmetikos ir \u0161varai namuose palaikyti skirt\u0173 produkt\u0173 gamintoj\u0173, i\u0161leido stebukling\u0105 vonios drusk\u0105 su magniu i\u0161 serijos &#8220;Gelana&#8221;. Produkto sud\u0117tyje n\u0117ra joki\u0173 chemini\u0173 pried\u0173, jis idealiai tinka vis\u0173 tip\u0173 odai ir da\u017enam naudojimui. Druskos \u012fmai\u0161ymas \u012f \u0161ilt\u0105 vanden\u012f padeda pasigaminti i\u0161ties prabangi\u0105 gydom\u0105j\u0105 voni\u0105. Tai puikus b\u016bdas atsipalaiduoti po sunkios dienos, suma\u017einti [&hellip;]<\/p>\n","protected":false},"featured_media":14817,"comment_status":"open","ping_status":"closed","template":"","meta":[],"product_brand":[],"product_cat":[191,276],"product_tag":[],"class_list":{"0":"post-14819","1":"product","2":"type-product","3":"status-publish","4":"has-post-thumbnail","6":"product_cat-tualeto-reikmenys","7":"product_cat----lt","9":"first","10":"instock","11":"shipping-taxable","12":"purchasable","13":"product-type-simple"},"_links":{"self":[{"href":"https:\/\/beautysba.co.uk\/lt\/wp-json\/wp\/v2\/product\/14819","targetHints":{"allow":["GET"]}}],"collection":[{"href":"https:\/\/beautysba.co.uk\/lt\/wp-json\/wp\/v2\/product"}],"about":[{"href":"https:\/\/beautysba.co.uk\/lt\/wp-json\/wp\/v2\/types\/product"}],"replies":[{"embeddable":true,"href":"https:\/\/beautysba.co.uk\/lt\/wp-json\/wp\/v2\/comments?post=14819"}],"wp:featuredmedia":[{"embeddable":true,"href":"https:\/\/beautysba.co.uk\/lt\/wp-json\/wp\/v2\/media\/14817"}],"wp:attachment":[{"href":"https:\/\/beautysba.co.uk\/lt\/wp-json\/wp\/v2\/media?parent=14819"}],"wp:term":[{"taxonomy":"product_brand","embeddable":true,"href":"https:\/\/beautysba.co.uk\/lt\/wp-json\/wp\/v2\/product_brand?post=14819"},{"taxonomy":"product_cat","embeddable":true,"href":"https:\/\/beautysba.co.uk\/lt\/wp-json\/wp\/v2\/product_cat?post=14819"},{"taxonomy":"product_tag","embeddable":true,"href":"https:\/\/beautysba.co.uk\/lt\/wp-json\/wp\/v2\/product_tag?post=14819"}],"curies":[{"name":"wp","href":"https:\/\/api.w.org\/{rel}","templated":true}]}}