{"id":14859,"date":"2024-10-16T07:53:38","date_gmt":"2024-10-16T07:53:38","guid":{"rendered":"https:\/\/beautysba.co.uk\/product\/%d1%85%d1%83%d1%82%d0%be%d1%80%d0%be%d0%ba-%d1%86%d0%b8%d0%ba%d0%be%d1%80%d0%b8%d0%b9-%d1%80%d0%b0%d1%81%d1%82%d0%b2%d0%be%d1%80%d0%b8%d0%bc%d1%8b%d0%b9-%d1%81%d0%be-%d1%81%d1%82%d0%b5%d0%b2%d0%b8\/"},"modified":"2024-10-16T10:29:05","modified_gmt":"2024-10-16T10:29:05","slug":"%d1%85%d1%83%d1%82%d0%be%d1%80%d0%be%d0%ba-%d1%86%d0%b8%d0%ba%d0%be%d1%80%d0%b8%d0%b9-%d1%80%d0%b0%d1%81%d1%82%d0%b2%d0%be%d1%80%d0%b8%d0%bc%d1%8b%d0%b9-%d1%81%d0%be-%d1%81%d1%82%d0%b5%d0%b2%d0%b8","status":"publish","type":"product","link":"https:\/\/beautysba.co.uk\/lt\/produktas\/%d1%85%d1%83%d1%82%d0%be%d1%80%d0%be%d0%ba-%d1%86%d0%b8%d0%ba%d0%be%d1%80%d0%b8%d0%b9-%d1%80%d0%b0%d1%81%d1%82%d0%b2%d0%be%d1%80%d0%b8%d0%bc%d1%8b%d0%b9-%d1%81%d0%be-%d1%81%d1%82%d0%b5%d0%b2%d0%b8\/","title":{"rendered":"&#8220;Khutorok&#8221; greito paruo\u0161imo cikorija su stevija ir grietin\u0117l\u0117s pakaitalu augaliniu pagrindu 130g"},"content":{"rendered":"<p>Ie\u0161kote kuo pakeisti rytin\u0119 kav\u0105? &#8220;Granny Hutorok&#8221; cikorijos su stevijos ekstraktu ir grietin\u0117le 3in1 pad\u0117s atsigaivinti nepakenkiant organizmui. 100 % nat\u016bralios cikorijos pasi\u017eymi sodriu rie\u0161ut\u0173 aromatu ir ry\u0161kiu skoniu, primenan\u010diu kavos g\u0117rim\u0105. Tirpi\u0173j\u0173 cikorij\u0173 sud\u0117tyje n\u0117ra kofeino, tod\u0117l jos yra puiki kavos alternatyva n\u0117\u0161\u010diosioms ir kr\u016btimi maitinan\u010dioms mamoms. D\u0117l didelio inulino kiekio ji padeda normalizuoti med\u017eiag\u0173 apykait\u0105. Puodelis cikorij\u0173 nuslopina alkio jausm\u0105, ma\u017eina apetit\u0105 ir normalizuoja cukraus kiek\u012f kraujyje. Cikorijos yra ma\u017eai kaloringas produktas, tod\u0117l idealiai tinka liekn\u0117jant. Cikorij\u0173 milteliai tinka kar\u0161tiems g\u0117rimams gaminti, pagal skon\u012f galima \u012fd\u0117ti medaus, cukraus, citrinos ar cinamono. Neatsisakykite m\u0117gstamo amerikano, kapu\u010dino ar lat\u0117s, tiesiog pakeiskite kav\u0105 cikorijomis. \u012esigyti cikorijos milteli\u0173, skrudint\u0173 mo\u010diut\u0117s Chutorok su stevija ir grietin\u0117le mai\u0161elyje galite i\u0161 m\u016bs\u0173 prek\u0117s \u017eenklo &#8220;Vokrug Sveta&#8221;.<\/p>\n<p>Laikymo s\u0105lygos 20 + \u00b0C, esant ne didesnei kaip 75 % dr\u0117gmei Sud\u0117tis Tirp\u016bs cikorij\u0173 milteliai, augalin\u0117s kilm\u0117s grietin\u0117l\u0117s pakaitalas (gliukoz\u0117s sirupas, rafinuotas augalinis aliejus, natrio kazeinatas, stabilizatoriai (kalio fosfatai, polifosfatai), emulsiklis (riebal\u0173 r\u016bg\u0161\u010di\u0173 mono- ir digliceridai), med\u017eiaga nuo sutir\u0161t\u0117jimo (silicio dioksidas), stevijos ekstraktas), grietin\u0117l\u0117.         <\/p>\n","protected":false},"excerpt":{"rendered":"<p>Ie\u0161kote kuo pakeisti rytin\u0119 kav\u0105? &#8220;Granny Hutorok&#8221; cikorijos su stevijos ekstraktu ir grietin\u0117le 3in1 pad\u0117s atsigaivinti nepakenkiant organizmui. 100 % nat\u016bralios cikorijos pasi\u017eymi sodriu rie\u0161ut\u0173 aromatu ir ry\u0161kiu skoniu, primenan\u010diu kavos g\u0117rim\u0105. Tirpi\u0173j\u0173 cikorij\u0173 sud\u0117tyje n\u0117ra kofeino, tod\u0117l jos yra puiki kavos alternatyva n\u0117\u0161\u010diosioms ir kr\u016btimi maitinan\u010dioms mamoms. D\u0117l didelio inulino kiekio ji padeda normalizuoti [&hellip;]<\/p>\n","protected":false},"featured_media":14857,"comment_status":"open","ping_status":"closed","template":"","meta":[],"product_brand":[],"product_cat":[217,270],"product_tag":[],"class_list":{"0":"post-14859","1":"product","2":"type-product","3":"status-publish","4":"has-post-thumbnail","6":"product_cat-sveikatos-prieziura","7":"product_cat----lt","9":"first","10":"outofstock","11":"shipping-taxable","12":"purchasable","13":"product-type-simple"},"_links":{"self":[{"href":"https:\/\/beautysba.co.uk\/lt\/wp-json\/wp\/v2\/product\/14859","targetHints":{"allow":["GET"]}}],"collection":[{"href":"https:\/\/beautysba.co.uk\/lt\/wp-json\/wp\/v2\/product"}],"about":[{"href":"https:\/\/beautysba.co.uk\/lt\/wp-json\/wp\/v2\/types\/product"}],"replies":[{"embeddable":true,"href":"https:\/\/beautysba.co.uk\/lt\/wp-json\/wp\/v2\/comments?post=14859"}],"wp:featuredmedia":[{"embeddable":true,"href":"https:\/\/beautysba.co.uk\/lt\/wp-json\/wp\/v2\/media\/14857"}],"wp:attachment":[{"href":"https:\/\/beautysba.co.uk\/lt\/wp-json\/wp\/v2\/media?parent=14859"}],"wp:term":[{"taxonomy":"product_brand","embeddable":true,"href":"https:\/\/beautysba.co.uk\/lt\/wp-json\/wp\/v2\/product_brand?post=14859"},{"taxonomy":"product_cat","embeddable":true,"href":"https:\/\/beautysba.co.uk\/lt\/wp-json\/wp\/v2\/product_cat?post=14859"},{"taxonomy":"product_tag","embeddable":true,"href":"https:\/\/beautysba.co.uk\/lt\/wp-json\/wp\/v2\/product_tag?post=14859"}],"curies":[{"name":"wp","href":"https:\/\/api.w.org\/{rel}","templated":true}]}}