{"id":14993,"date":"2024-11-20T07:21:38","date_gmt":"2024-11-20T07:21:38","guid":{"rendered":"https:\/\/beautysba.co.uk\/product\/%d1%81%d0%be%d0%bb%d1%8c-%d0%b4%d0%bb%d1%8f-%d0%b2%d0%b0%d0%bd%d0%bd-%d0%b6%d0%b5%d0%bb%d0%b0%d0%bd%d0%b0-%d1%81%d0%be%d1%81%d0%bd%d0%b0-500-%d0%b3\/"},"modified":"2024-11-20T07:32:47","modified_gmt":"2024-11-20T07:32:47","slug":"%d1%81%d0%be%d0%bb%d1%8c-%d0%b4%d0%bb%d1%8f-%d0%b2%d0%b0%d0%bd%d0%bd-%d0%b6%d0%b5%d0%bb%d0%b0%d0%bd%d0%b0-%d1%81%d0%be%d1%81%d0%bd%d0%b0-500-%d0%b3","status":"publish","type":"product","link":"https:\/\/beautysba.co.uk\/lt\/produktas\/%d1%81%d0%be%d0%bb%d1%8c-%d0%b4%d0%bb%d1%8f-%d0%b2%d0%b0%d0%bd%d0%bd-%d0%b6%d0%b5%d0%bb%d0%b0%d0%bd%d0%b0-%d1%81%d0%be%d1%81%d0%bd%d0%b0-500-%d0%b3\/","title":{"rendered":"&#8220;Gelana&#8221; pu\u0161\u0173 vonios druska 500 g"},"content":{"rendered":"<p>Nat\u016brali j\u016bros druska vonioms su pu\u0161\u0173 eteriniu aliejumi. Ekologi\u0161kai gryna j\u016bros druska yra turtingas nat\u016bralus druskos ir mikroelement\u0173 koncentratas, b\u016btinas normaliai vis\u0173 m\u016bs\u0173 k\u016bno organ\u0173 veiklai. Ypatingi derviniai pu\u0161\u0173 eterinio aliejaus komponentai stimuliuoja med\u017eiag\u0173 apykait\u0105 odoje, spartina pa\u017eeistos odos regeneracij\u0105 ir prisideda prie veiksmingesnio gydymo. Pu\u0161ys valo kv\u0117pavimo takus, ramina kosul\u012f, mal\u0161ina u\u017edegim\u0105, \u0161ildo ir atpalaiduoja raumenis.    Kvapni vonia ma\u017eina nuovarg\u012f, stres\u0105, didina darbingum\u0105 ir gerina nuotaik\u0105.<\/p>\n","protected":false},"excerpt":{"rendered":"<p>Nat\u016brali j\u016bros druska vonioms su pu\u0161\u0173 eteriniu aliejumi. Ekologi\u0161kai gryna j\u016bros druska yra turtingas nat\u016bralus druskos ir mikroelement\u0173 koncentratas, b\u016btinas normaliai vis\u0173 m\u016bs\u0173 k\u016bno organ\u0173 veiklai. Ypatingi derviniai pu\u0161\u0173 eterinio aliejaus komponentai stimuliuoja med\u017eiag\u0173 apykait\u0105 odoje, spartina pa\u017eeistos odos regeneracij\u0105 ir prisideda prie veiksmingesnio gydymo. Pu\u0161ys valo kv\u0117pavimo takus, ramina kosul\u012f, mal\u0161ina u\u017edegim\u0105, \u0161ildo ir [&hellip;]<\/p>\n","protected":false},"featured_media":14991,"comment_status":"open","ping_status":"closed","template":"","meta":[],"product_brand":[],"product_cat":[191,276],"product_tag":[],"class_list":{"0":"post-14993","1":"product","2":"type-product","3":"status-publish","4":"has-post-thumbnail","6":"product_cat-tualeto-reikmenys","7":"product_cat----lt","9":"first","10":"instock","11":"shipping-taxable","12":"purchasable","13":"product-type-simple"},"_links":{"self":[{"href":"https:\/\/beautysba.co.uk\/lt\/wp-json\/wp\/v2\/product\/14993","targetHints":{"allow":["GET"]}}],"collection":[{"href":"https:\/\/beautysba.co.uk\/lt\/wp-json\/wp\/v2\/product"}],"about":[{"href":"https:\/\/beautysba.co.uk\/lt\/wp-json\/wp\/v2\/types\/product"}],"replies":[{"embeddable":true,"href":"https:\/\/beautysba.co.uk\/lt\/wp-json\/wp\/v2\/comments?post=14993"}],"wp:featuredmedia":[{"embeddable":true,"href":"https:\/\/beautysba.co.uk\/lt\/wp-json\/wp\/v2\/media\/14991"}],"wp:attachment":[{"href":"https:\/\/beautysba.co.uk\/lt\/wp-json\/wp\/v2\/media?parent=14993"}],"wp:term":[{"taxonomy":"product_brand","embeddable":true,"href":"https:\/\/beautysba.co.uk\/lt\/wp-json\/wp\/v2\/product_brand?post=14993"},{"taxonomy":"product_cat","embeddable":true,"href":"https:\/\/beautysba.co.uk\/lt\/wp-json\/wp\/v2\/product_cat?post=14993"},{"taxonomy":"product_tag","embeddable":true,"href":"https:\/\/beautysba.co.uk\/lt\/wp-json\/wp\/v2\/product_tag?post=14993"}],"curies":[{"name":"wp","href":"https:\/\/api.w.org\/{rel}","templated":true}]}}